{"id":2049,"date":"2022-11-10T16:45:04","date_gmt":"2022-11-10T15:45:04","guid":{"rendered":"https:\/\/www.wemupat.de\/?page_id=2049"},"modified":"2023-04-24T12:53:36","modified_gmt":"2023-04-24T10:53:36","slug":"bruno-h-gouat","status":"publish","type":"page","link":"https:\/\/www.wemupat.de\/en\/team\/bruno-h-gouat\/","title":{"rendered":"Bruno H. Gouat"},"content":{"rendered":"<p>[et_pb_section fb_built=&#8221;1&#8243; _builder_version=&#8221;4.18.0&#8243; _module_preset=&#8221;default&#8221; custom_padding=&#8221;80px||39px||false|false&#8221; global_colors_info=&#8221;{}&#8221;][et_pb_row column_structure=&#8221;2_5,3_5&#8243; _builder_version=&#8221;4.18.0&#8243; _module_preset=&#8221;default&#8221; global_colors_info=&#8221;{}&#8221;][et_pb_column type=&#8221;2_5&#8243; _builder_version=&#8221;4.18.0&#8243; _module_preset=&#8221;default&#8221; global_colors_info=&#8221;{}&#8221;][et_pb_image src=&#8221;https:\/\/www.wemupat.de\/wp-content\/uploads\/2023\/03\/Bruno-Gouat-emotion.jpg&#8221; title_text=&#8221;Bruno-Gouat-emotion&#8221; disabled_on=&#8221;off|off|on&#8221; _builder_version=&#8221;4.18.0&#8243; _module_preset=&#8221;default&#8221; global_colors_info=&#8221;{}&#8221;][\/et_pb_image][et_pb_text _builder_version=&#8221;4.18.0&#8243; _module_preset=&#8221;dd9a8bf9-9358-45f9-ac4d-6c63ee5c3857&#8243; hover_enabled=&#8221;0&#8243; global_colors_info=&#8221;{}&#8221; sticky_enabled=&#8221;0&#8243;]<\/p>\n<h1>Bruno H. Gouat<\/h1>\n<p><strong>Ing. Dipl.<span>\u00a0<\/span><span class=\"wpwd-seperator\">I<\/span><span>\u00a0<\/span>Patent Attorney <span class=\"wpwd-seperator\">I<\/span> Senior Associate<\/strong><\/p>\n<p>He provides intellectual property law advice to national and international companies, primarily in the field of electrical engineering and with a particular focus on semiconductor circuit technology, automotive electronics, metrology, and sensor technology. Also assists in the preparation and pursuit of patent applications as well as in opposition and nullity proceedings. The protection of trademarks and designs for corporate clients completes his area of practice.<\/p>\n<p><a href=\"tel:00498954479280\">Phone +49 89 54479280<\/a><br \/>Fax +49 89 544792830<br \/><a href=\"mailto:gouat@wemupat.de\">gouat@wemupat.de<\/a><\/p>\n<p>[\/et_pb_text][et_pb_text disabled_on=&#8221;on|on|on&#8221; _builder_version=&#8221;4.18.0&#8243; _module_preset=&#8221;5c2aa4cd-70f0-473f-8f4e-5a4a7a5c719a&#8221; custom_padding=&#8221;||0px|||&#8221; disabled=&#8221;on&#8221; global_colors_info=&#8221;{}&#8221;]<\/p>\n<p><a href=\"mailto:gouat@wemupat.de\">gouat@wemupat.de <\/a><br \/>+vCard<\/p>\n<p>[\/et_pb_text][\/et_pb_column][et_pb_column type=&#8221;3_5&#8243; _builder_version=&#8221;4.18.0&#8243; _module_preset=&#8221;default&#8221; global_colors_info=&#8221;{}&#8221;][et_pb_image src=&#8221;https:\/\/www.wemupat.de\/wp-content\/uploads\/2023\/03\/Bruno-Gouat-emotion.jpg&#8221; title_text=&#8221;Bruno-Gouat-emotion&#8221; disabled_on=&#8221;on|on|off&#8221; _builder_version=&#8221;4.18.0&#8243; _module_preset=&#8221;default&#8221; global_colors_info=&#8221;{}&#8221;][\/et_pb_image][\/et_pb_column][\/et_pb_row][\/et_pb_section][et_pb_section fb_built=&#8221;1&#8243; _builder_version=&#8221;4.18.0&#8243; _module_preset=&#8221;default&#8221; background_color=&#8221;gcid-7f8a273b-6dca-4842-9089-16c9c10088fc&#8221; custom_padding=&#8221;39px||80px||false|false&#8221; global_colors_info=&#8221;{%22gcid-7f8a273b-6dca-4842-9089-16c9c10088fc%22:%91%22background_color%22%93}&#8221;][et_pb_row column_structure=&#8221;1_2,1_2&#8243; _builder_version=&#8221;4.18.0&#8243; _module_preset=&#8221;default&#8221; global_colors_info=&#8221;{}&#8221;][et_pb_column type=&#8221;1_2&#8243; _builder_version=&#8221;4.18.0&#8243; _module_preset=&#8221;default&#8221; global_colors_info=&#8221;{}&#8221;][et_pb_text _builder_version=&#8221;4.18.0&#8243; _module_preset=&#8221;5c2aa4cd-70f0-473f-8f4e-5a4a7a5c719a&#8221; global_colors_info=&#8221;{}&#8221;]<\/p>\n<p><b>Qualification:<\/b><\/p>\n<ul>\n<li>German Patent Attorney<\/li>\n<li>European Patent Attorney<\/li>\n<li>European Trademark and Design Attorney<\/li>\n<li>Ing\u00e9nieur dipl\u00f4m\u00e9 de l\u2019\u00c9cole Centrale de Lyon (ECL)<\/li>\n<\/ul>\n<p><b>Focus areas:<\/b><\/p>\n<ul>\n<li>Application and grant procedures<\/li>\n<li>Validity and infringement proceedings<\/li>\n<\/ul>\n<p><b>Technical focus:<\/b><\/p>\n<ul>\n<li>Electrical engineering and mechanics, in particular:\n<ul>\n<li>Electronics<\/li>\n<li>Metrology and sensor technology<\/li>\n<li>Semiconductor technology<\/li>\n<\/ul>\n<\/li>\n<\/ul>\n<p>&nbsp;<\/p>\n<p>[\/et_pb_text][\/et_pb_column][et_pb_column type=&#8221;1_2&#8243; _builder_version=&#8221;4.18.0&#8243; _module_preset=&#8221;default&#8221; global_colors_info=&#8221;{}&#8221;][et_pb_toggle title=&#8221;Career path and professional experience&#8221; _builder_version=&#8221;4.18.0&#8243; _module_preset=&#8221;f6d010e6-bb4c-43d1-b242-117cfa53a915&#8243; global_colors_info=&#8221;{%22gcid-caa0fa1e-947b-41fc-b460-32eaeab238fc%22:%91%22open_toggle_background_color%22%93}&#8221;]<\/p>\n<ul>\n<li>Multidisciplinary engineering studies at the \u00c9cole Centrale de Lyon, France, with a major in micro-nano-biotechnologies<\/li>\n<li>Process development engineer at AIXTRON SE, a market leader in semiconductor and thin film technology<\/li>\n<li>Patent attorney training <br \/>&#8211; at Westphal, Mussgnug &amp; Partner,<br \/>&#8211; at the Patent Dispute Chamber of the District Court of Mannheim,<br \/>&#8211; at the CEIPI (Centre d\u2019Etudes International de la Propriete Industrielle),<br \/>&#8211; at the German Patent and Trademark Office,<br \/>&#8211; at the Federal Patent Court,<\/li>\n<li>Studied \u201cLaw for patent attorneys\u201d at the Hagen Distance Learning University<\/li>\n<\/ul>\n<p>[\/et_pb_toggle][et_pb_toggle title=&#8221;Memberships&#8221; _builder_version=&#8221;4.18.0&#8243; _module_preset=&#8221;f6d010e6-bb4c-43d1-b242-117cfa53a915&#8243; title_font=&#8221;Roboto-Regular||||||||&#8221; global_colors_info=&#8221;{%22gcid-caa0fa1e-947b-41fc-b460-32eaeab238fc%22:%91%22open_toggle_background_color%22%93}&#8221;]<\/p>\n<ul>\n<li>German Chamber of Patent Attorneys (PAK)<\/li>\n<li>Institute of Professional Representatives at the European Patent Office (EPI)<\/li>\n<li>International Federation of Patent Attorneys (FICPI)<\/li>\n<\/ul>\n<p>[\/et_pb_toggle][\/et_pb_column][\/et_pb_row][\/et_pb_section]<\/p>\n","protected":false},"excerpt":{"rendered":"<p>Bruno H. Gouat Ing. Dipl.\u00a0I\u00a0Patent Attorney I Senior Associate He provides intellectual property law advice to national and international companies, primarily in the field of electrical engineering and with a particular focus on semiconductor circuit technology, automotive electronics, metrology, and sensor technology. Also assists in the preparation and pursuit of patent applications as well as [&hellip;]<\/p>\n","protected":false},"author":1,"featured_media":0,"parent":2047,"menu_order":0,"comment_status":"closed","ping_status":"closed","template":"","meta":{"_et_pb_use_builder":"on","_et_pb_old_content":"[et_pb_section fb_built=\"1\" _builder_version=\"4.18.0\" _module_preset=\"default\" custom_padding=\"80px||39px||false|false\" global_colors_info=\"{}\"][et_pb_row column_structure=\"2_5,3_5\" _builder_version=\"4.18.0\" _module_preset=\"default\" global_colors_info=\"{}\"][et_pb_column type=\"2_5\" _builder_version=\"4.18.0\" _module_preset=\"default\" global_colors_info=\"{}\"][et_pb_image src=\"https:\/\/www.wemupat.de\/wp-content\/uploads\/2023\/03\/Bruno-Gouat-emotion.jpg\" title_text=\"Bruno-Gouat-emotion\" disabled_on=\"off|off|on\" _builder_version=\"4.18.0\" _module_preset=\"default\" global_colors_info=\"{}\"][\/et_pb_image][et_pb_text _builder_version=\"4.18.0\" _module_preset=\"dd9a8bf9-9358-45f9-ac4d-6c63ee5c3857\" global_colors_info=\"{}\"]<h1>Bruno H. Gouat<\/h1>\r\n<p><strong>Ing. Dipl. <span class=\"wpwd-seperator\">I<\/span> Patentanwalt <span class=\"wpwd-seperator\">I<\/span> Senior Associate<\/strong><\/p>\r\n<p>betreut nationale und internationale Unternehmen patentrechtlich haupts\u00e4chlich auf dem Gebiet der Elektrotechnik, insbesondere mit den Schwerpunkten auf Halbleiterschaltungstechnik, Automobilelektronik, Messtechnik und Sensorik. Er besch\u00e4ftigt sich mit der Ausarbeitung von Patentanmeldungen und deren erfolgreicher Weiterverfolgung. Auch Einspruchs- und Nichtigkeitsverfahren geh\u00f6ren zu seinem T\u00e4tigkeitsfeld. Dar\u00fcber hinaus unterst\u00fctzt er Unternehmen beim Schutz von Marken und Designs.<\/p>\r\n<p><a href=\"tel:00498954479280\">Telefon +49 89 54479280<\/a><br \/>Telefax +49 89 544792830<br \/><a href=\"mailto:gouat@wemupat.de\">gouat@wemupat.de<\/a><\/p>[\/et_pb_text][et_pb_text disabled_on=\"on|on|on\" _builder_version=\"4.18.0\" _module_preset=\"5c2aa4cd-70f0-473f-8f4e-5a4a7a5c719a\" custom_padding=\"||0px|||\" disabled=\"on\" global_colors_info=\"{}\"]<p><a href=\"mailto:gouat@wemupat.de\">gouat@wemupat.de <\/a><br \/>+vCard<\/p>[\/et_pb_text][\/et_pb_column][et_pb_column type=\"3_5\" _builder_version=\"4.18.0\" _module_preset=\"default\" global_colors_info=\"{}\"][et_pb_image src=\"https:\/\/www.wemupat.de\/wp-content\/uploads\/2023\/03\/Bruno-Gouat-emotion.jpg\" title_text=\"Bruno-Gouat-emotion\" disabled_on=\"on|on|off\" _builder_version=\"4.18.0\" _module_preset=\"default\" global_colors_info=\"{}\"][\/et_pb_image][\/et_pb_column][\/et_pb_row][\/et_pb_section][et_pb_section fb_built=\"1\" _builder_version=\"4.18.0\" _module_preset=\"default\" background_color=\"gcid-7f8a273b-6dca-4842-9089-16c9c10088fc\" custom_padding=\"39px||80px||false|false\" global_colors_info=\"{%22gcid-7f8a273b-6dca-4842-9089-16c9c10088fc%22:%91%22background_color%22%93}\"][et_pb_row column_structure=\"1_2,1_2\" _builder_version=\"4.18.0\" _module_preset=\"default\" global_colors_info=\"{}\"][et_pb_column type=\"1_2\" _builder_version=\"4.18.0\" _module_preset=\"default\" global_colors_info=\"{}\"][et_pb_text _builder_version=\"4.18.0\" _module_preset=\"5c2aa4cd-70f0-473f-8f4e-5a4a7a5c719a\" global_colors_info=\"{}\"]<p><b>Qualifikation:<\/b><\/p>\r\n<ul>\r\n<li>Deutscher Patentanwalt<\/li>\r\n<li>European Patent Attorney<\/li>\r\n<li>European Trademark and Design Attorney<\/li>\r\n<li>Ing\u00e9nieur dipl\u00f4m\u00e9 de l\u2019\u00c9cole Centrale de Lyon (ECL)<\/li>\r\n<\/ul>\r\n<p><b>Schwerpunkte:<\/b><\/p>\r\n<ul>\r\n<li>Anmelde- und Erteilungsverfahren<\/li>\r\n<li>Rechtsbestands- und Verletzungsverfahren<\/li>\r\n<\/ul>\r\n<p><b>Technischer Schwerpunkt:<\/b><\/p>\r\n<ul>\r\n<li>Elektrotechnik und Mechanik, insbesondere:\r\n<ul>\r\n<li>Elektronik<\/li>\r\n<li>Mess- und Sensortechnik<\/li>\r\n<li>Halbleitertechnologie<\/li>\r\n<\/ul>\r\n<\/li>\r\n<\/ul>\r\n<p>\u00a0<\/p>[\/et_pb_text][\/et_pb_column][et_pb_column type=\"1_2\" _builder_version=\"4.18.0\" _module_preset=\"default\" global_colors_info=\"{}\"][et_pb_toggle title=\"Werdegang und Berufserfahrung\" _builder_version=\"4.18.0\" _module_preset=\"f6d010e6-bb4c-43d1-b242-117cfa53a915\" global_colors_info=\"{%22gcid-caa0fa1e-947b-41fc-b460-32eaeab238fc%22:%91%22open_toggle_background_color%22%93}\"]<ul>\r\n<li>multidisziplin\u00e4res Ingenieurstudium an der \u00c9cole Centrale de Lyon, Frankreich, Schwerpunkt<br \/>Mikro-Nano-Biotechnologien<\/li>\r\n<li>Prozessentwicklungs-Ingenieur bei AIXTRON SE, einer marktf\u00fchrenden Firma auf dem Gebiet der Halbleiter- und D\u00fcnnschichttechnologie<\/li>\r\n<li>patentrechtliche Ausbildung<br \/>- bei Westphal, Mussgnug & Partner<br \/>- bei der Patentstreitkammer des Landgerichts Mannheim,<br \/>- beim CEIPI (Centre d\u2019\u00e9tudes Internationales de la propri\u00e9t\u00e9 intellectuelle) Stra\u00dfburg<br \/>- beim Deutschen Patent- und Markenamt<br \/>- beim Bundespatentgericht<\/li>\r\n<li>Studium an der FernUniversit\u00e4t Hagen im Fach \u201eRecht f\u00fcr Patentanw\u00e4ltinnen und Patentanw\u00e4lte\u201c<\/li>\r\n<\/ul>[\/et_pb_toggle][et_pb_toggle title=\"Mitgliedschaften\" _builder_version=\"4.18.0\" _module_preset=\"f6d010e6-bb4c-43d1-b242-117cfa53a915\" title_font=\"Roboto-Regular||||||||\" global_colors_info=\"{%22gcid-caa0fa1e-947b-41fc-b460-32eaeab238fc%22:%91%22open_toggle_background_color%22%93}\"]<ul>\r\n<li>Patentanwaltskammer (PAK)<\/li>\r\n<li>Institut der beim Europ\u00e4ischen Patentamt zugelassenen Vertreter (EPI)<\/li>\r\n<li>Internationale F\u00f6deration von Patentanw\u00e4lten (FICPI)<\/li>\r\n<\/ul>[\/et_pb_toggle][\/et_pb_column][\/et_pb_row][\/et_pb_section]","_et_gb_content_width":"","footnotes":""},"class_list":["post-2049","page","type-page","status-publish","hentry"],"_links":{"self":[{"href":"https:\/\/www.wemupat.de\/en\/wp-json\/wp\/v2\/pages\/2049","targetHints":{"allow":["GET"]}}],"collection":[{"href":"https:\/\/www.wemupat.de\/en\/wp-json\/wp\/v2\/pages"}],"about":[{"href":"https:\/\/www.wemupat.de\/en\/wp-json\/wp\/v2\/types\/page"}],"author":[{"embeddable":true,"href":"https:\/\/www.wemupat.de\/en\/wp-json\/wp\/v2\/users\/1"}],"replies":[{"embeddable":true,"href":"https:\/\/www.wemupat.de\/en\/wp-json\/wp\/v2\/comments?post=2049"}],"version-history":[{"count":3,"href":"https:\/\/www.wemupat.de\/en\/wp-json\/wp\/v2\/pages\/2049\/revisions"}],"predecessor-version":[{"id":2292,"href":"https:\/\/www.wemupat.de\/en\/wp-json\/wp\/v2\/pages\/2049\/revisions\/2292"}],"up":[{"embeddable":true,"href":"https:\/\/www.wemupat.de\/en\/wp-json\/wp\/v2\/pages\/2047"}],"wp:attachment":[{"href":"https:\/\/www.wemupat.de\/en\/wp-json\/wp\/v2\/media?parent=2049"}],"curies":[{"name":"wp","href":"https:\/\/api.w.org\/{rel}","templated":true}]}}