{"id":2059,"date":"2022-10-20T16:20:54","date_gmt":"2022-10-20T14:20:54","guid":{"rendered":"https:\/\/www.wemupat.de\/?page_id=2059"},"modified":"2023-08-17T09:53:28","modified_gmt":"2023-08-17T07:53:28","slug":"home","status":"publish","type":"page","link":"https:\/\/www.wemupat.de\/en\/","title":{"rendered":"Home"},"content":{"rendered":"<p>[et_pb_section fb_built=&#8221;1&#8243; fullwidth=&#8221;on&#8221; _builder_version=&#8221;4.18.0&#8243; _module_preset=&#8221;default&#8221; global_colors_info=&#8221;{}&#8221;][et_pb_fullwidth_image src=&#8221;https:\/\/www.wemupat.de\/wp-content\/uploads\/2023\/04\/WMP-00005-2022_Shooting-Imagebilder-Kloetzchen_Motive_Desktop_01engl-scaled.jpg&#8221; title_text=&#8221;WMP-00005-2022_Shooting Imagebilder Kloetzchen_Motive_Mobile_01engl&#8221; src_tablet=&#8221;https:\/\/www.wemupat.de\/wp-content\/uploads\/2022\/11\/WMP-00005-2022_Shooting-Imagebilder-Kloetzchen_Motive_Desktop_01-scaled.jpg&#8221; src_phone=&#8221;https:\/\/www.wemupat.de\/wp-content\/uploads\/2023\/04\/WMP-00005-2022_Shooting-Imagebilder-Kloetzchen_Motive_Mobile_01engl.jpg&#8221; src_last_edited=&#8221;on|phone&#8221; _builder_version=&#8221;4.18.0&#8243; _module_preset=&#8221;default&#8221; global_colors_info=&#8221;{}&#8221;][\/et_pb_fullwidth_image][\/et_pb_section][et_pb_section fb_built=&#8221;1&#8243; _builder_version=&#8221;4.18.0&#8243; _module_preset=&#8221;default&#8221; custom_padding=&#8221;22px||40px||false|false&#8221; global_colors_info=&#8221;{}&#8221;][et_pb_row _builder_version=&#8221;4.18.0&#8243; _module_preset=&#8221;default&#8221; background_enable_image=&#8221;off&#8221; max_width=&#8221;830px&#8221; custom_margin=&#8221;||||false|false&#8221; custom_padding=&#8221;||||false|false&#8221; global_colors_info=&#8221;{}&#8221;][et_pb_column type=&#8221;4_4&#8243; _builder_version=&#8221;4.18.0&#8243; _module_preset=&#8221;default&#8221; global_colors_info=&#8221;{}&#8221;][et_pb_text _builder_version=&#8221;4.18.0&#8243; _module_preset=&#8221;5c2aa4cd-70f0-473f-8f4e-5a4a7a5c719a&#8221; custom_margin=&#8221;0px||||false|false&#8221; global_colors_info=&#8221;{}&#8221;]<\/p>\n<h1 style=\"text-align: center;\">We add value to your business.<\/h1>\n<p style=\"text-align: center;\">Welcome to Westphal, Mussgnug &amp; Partner &#8211; your innovative and modern IP law firm with patent attorneys based in Villingen and Munich. With decades of experience and an extensive portfolio of national and international clients, our law firm works hand in hand with you when it comes to turning your ideas into success stories.<\/p>\n<p>[\/et_pb_text][et_pb_button button_url=&#8221;@ET-DC@eyJkeW5hbWljIjp0cnVlLCJjb250ZW50IjoicG9zdF9saW5rX3VybF9wYWdlIiwic2V0dGluZ3MiOnsicG9zdF9pZCI6IjE0NSJ9fQ==@&#8221; button_text=&#8221;Contact us now.&#8221; _builder_version=&#8221;4.18.0&#8243; _dynamic_attributes=&#8221;button_url&#8221; _module_preset=&#8221;default&#8221; custom_margin=&#8221;||0px||false|false&#8221; global_colors_info=&#8221;{}&#8221;][\/et_pb_button][\/et_pb_column][\/et_pb_row][\/et_pb_section][et_pb_section fb_built=&#8221;1&#8243; fullwidth=&#8221;on&#8221; _builder_version=&#8221;4.18.0&#8243; _module_preset=&#8221;default&#8221; global_colors_info=&#8221;{}&#8221;][et_pb_fullwidth_image src=&#8221;https:\/\/www.wemupat.de\/wp-content\/uploads\/2023\/04\/WMP-00005-2022_Shooting-Imagebilder-Kloetzchen_Motive_Desktop_02engl-scaled.jpg&#8221; title_text=&#8221;WMP-00005-2022_Shooting Imagebilder Kloetzchen_Motive_Mobile_02engl&#8221; src_tablet=&#8221;https:\/\/www.wemupat.de\/wp-content\/uploads\/2022\/11\/WMP-00005-2022_Shooting-Imagebilder-Kloetzchen_Motive_Desktop_02-scaled.jpg&#8221; src_phone=&#8221;https:\/\/www.wemupat.de\/wp-content\/uploads\/2023\/04\/WMP-00005-2022_Shooting-Imagebilder-Kloetzchen_Motive_Mobile_02engl.jpg&#8221; src_last_edited=&#8221;on|phone&#8221; _builder_version=&#8221;4.18.0&#8243; _module_preset=&#8221;default&#8221; global_colors_info=&#8221;{}&#8221;][\/et_pb_fullwidth_image][\/et_pb_section][et_pb_section fb_built=&#8221;1&#8243; _builder_version=&#8221;4.18.0&#8243; _module_preset=&#8221;default&#8221; custom_padding=&#8221;60px||70px||false|false&#8221; global_colors_info=&#8221;{}&#8221;][et_pb_row _builder_version=&#8221;4.18.0&#8243; _module_preset=&#8221;default&#8221; custom_margin=&#8221;||||false|false&#8221; global_colors_info=&#8221;{}&#8221;][et_pb_column type=&#8221;4_4&#8243; _builder_version=&#8221;4.18.0&#8243; _module_preset=&#8221;default&#8221; global_colors_info=&#8221;{}&#8221;][et_pb_text _builder_version=&#8221;4.18.0&#8243; _module_preset=&#8221;5c2aa4cd-70f0-473f-8f4e-5a4a7a5c719a&#8221; header_text_color=&#8221;gcid-caa0fa1e-947b-41fc-b460-32eaeab238fc&#8221; header_font_size=&#8221;30pt&#8221; max_width=&#8221;830px&#8221; module_alignment=&#8221;center&#8221; custom_padding=&#8221;|||0px||&#8221; global_colors_info=&#8221;{%22gcid-caa0fa1e-947b-41fc-b460-32eaeab238fc%22:%91%22header_text_color%22%93}&#8221;]<\/p>\n<h2 style=\"text-align: center;\">How we work for you.<\/h2>\n<p style=\"text-align: center;\">Established in 1952, we are our clients\u2019 trusted partners when it comes to the protection, commercialization and enforcement of intellectual property rights, dealing with patent infringement and cancellation proceedings, as well as in infringement proceedings related to utility designs, designs and trademarks.<\/p>\n<p>[\/et_pb_text][et_pb_button button_url=&#8221;@ET-DC@eyJkeW5hbWljIjp0cnVlLCJjb250ZW50IjoicG9zdF9saW5rX3VybF9wYWdlIiwic2V0dGluZ3MiOnsicG9zdF9pZCI6IjEwMiJ9fQ==@&#8221; button_text=&#8221;Turning your ideas into success stories.  &#8221; _builder_version=&#8221;4.18.0&#8243; _dynamic_attributes=&#8221;button_url&#8221; _module_preset=&#8221;default&#8221; global_colors_info=&#8221;{%22gcid-caa0fa1e-947b-41fc-b460-32eaeab238fc%22:%91%22button_border_color%22%93}&#8221;][\/et_pb_button][\/et_pb_column][\/et_pb_row][\/et_pb_section][et_pb_section fb_built=&#8221;1&#8243; fullwidth=&#8221;on&#8221; _builder_version=&#8221;4.18.0&#8243; _module_preset=&#8221;default&#8221; global_colors_info=&#8221;{}&#8221;][et_pb_fullwidth_image src=&#8221;https:\/\/www.wemupat.de\/wp-content\/uploads\/2023\/04\/WMP-00005-2022_Shooting-Imagebilder-Kloetzchen_Motive_Desktop_03engl-1.jpg&#8221; title_text=&#8221;WMP-00005-2022_Shooting Imagebilder Kloetzchen_Motive_Mobile_03engl&#8221; src_tablet=&#8221;https:\/\/www.wemupat.de\/wp-content\/uploads\/2022\/11\/WMP-00005-2022_Shooting-Imagebilder-Kloetzchen_Motive_Desktop_03-scaled.jpg&#8221; src_phone=&#8221;https:\/\/www.wemupat.de\/wp-content\/uploads\/2023\/04\/WMP-00005-2022_Shooting-Imagebilder-Kloetzchen_Motive_Mobile_03engl.jpg&#8221; src_last_edited=&#8221;on|phone&#8221; _builder_version=&#8221;4.18.0&#8243; _module_preset=&#8221;default&#8221; global_colors_info=&#8221;{}&#8221;][\/et_pb_fullwidth_image][\/et_pb_section][et_pb_section fb_built=&#8221;1&#8243; admin_label=&#8221;Machen Sie mit uns Karriere.&#8221; _builder_version=&#8221;4.18.0&#8243; _module_preset=&#8221;default&#8221; custom_padding=&#8221;60px||70px||false|false&#8221; global_colors_info=&#8221;{}&#8221;][et_pb_row _builder_version=&#8221;4.18.0&#8243; _module_preset=&#8221;default&#8221; custom_margin=&#8221;||||false|false&#8221; global_colors_info=&#8221;{}&#8221;][et_pb_column type=&#8221;4_4&#8243; _builder_version=&#8221;4.18.0&#8243; _module_preset=&#8221;default&#8221; global_colors_info=&#8221;{}&#8221;][et_pb_text _builder_version=&#8221;4.18.0&#8243; _module_preset=&#8221;5c2aa4cd-70f0-473f-8f4e-5a4a7a5c719a&#8221; header_text_color=&#8221;gcid-caa0fa1e-947b-41fc-b460-32eaeab238fc&#8221; header_font_size=&#8221;30pt&#8221; max_width=&#8221;830px&#8221; module_alignment=&#8221;center&#8221; custom_padding=&#8221;|||0px||&#8221; global_colors_info=&#8221;{%22gcid-caa0fa1e-947b-41fc-b460-32eaeab238fc%22:%91%22header_text_color%22%93}&#8221;]<\/p>\n<h2 style=\"text-align: center;\">Advance your career with us.<\/h2>\n<p style=\"text-align: center;\">Notwithstanding all the innovation and progress happening around us, the assurance of respect and integrity remains a firmly anchored core value of our legal practice, both in delivering outstanding professional services to our clients as well as among our team members. Excellent cooperation and mutual appreciation are the hallmarks of our law firm. We offer above-average remuneration packages, flexitime and attractive home office arrangements.<\/p>\n<p>[\/et_pb_text][et_pb_button button_url=&#8221;@ET-DC@eyJkeW5hbWljIjp0cnVlLCJjb250ZW50IjoicG9zdF9saW5rX3VybF9wYWdlIiwic2V0dGluZ3MiOnsicG9zdF9pZCI6IjEzOCJ9fQ==@&#8221; button_text=&#8221;Chart your route to success. &#8221; _builder_version=&#8221;4.18.0&#8243; _dynamic_attributes=&#8221;button_url&#8221; _module_preset=&#8221;default&#8221; global_colors_info=&#8221;{%22gcid-caa0fa1e-947b-41fc-b460-32eaeab238fc%22:%91%22button_border_color%22%93}&#8221;][\/et_pb_button][\/et_pb_column][\/et_pb_row][\/et_pb_section][et_pb_section fb_built=&#8221;1&#8243; disabled_on=&#8221;on|on|on&#8221; module_class=&#8221;wpwd-latest-post&#8221; _builder_version=&#8221;4.18.0&#8243; _module_preset=&#8221;default&#8221; background_enable_color=&#8221;off&#8221; use_background_color_gradient=&#8221;on&#8221; background_color_gradient_direction=&#8221;90deg&#8221; background_color_gradient_stops=&#8221;#0083a9 50%|#ffffff 50%&#8221; background_enable_image=&#8221;off&#8221; custom_padding=&#8221;20px||38px||false|false&#8221; background_last_edited=&#8221;on|tablet&#8221; use_background_color_gradient_tablet=&#8221;on&#8221; background_color_gradient_stops_tablet=&#8221;#0083a9 100%|#ffffff 100%&#8221; disabled=&#8221;on&#8221; global_colors_info=&#8221;{}&#8221;][et_pb_row use_custom_gutter=&#8221;on&#8221; gutter_width=&#8221;1&#8243; _builder_version=&#8221;4.18.0&#8243; _module_preset=&#8221;default&#8221; global_colors_info=&#8221;{}&#8221;][et_pb_column type=&#8221;4_4&#8243; _builder_version=&#8221;4.18.0&#8243; _module_preset=&#8221;default&#8221; global_colors_info=&#8221;{}&#8221;][et_pb_text _builder_version=&#8221;4.18.0&#8243; _module_preset=&#8221;5c2aa4cd-70f0-473f-8f4e-5a4a7a5c719a&#8221; header_text_color=&#8221;#FFFFFF&#8221; header_2_text_color=&#8221;#FFFFFF&#8221; custom_margin=&#8221;0px||0px||false|false&#8221; global_colors_info=&#8221;{}&#8221;]<br \/>\n[\/et_pb_text][\/et_pb_column][\/et_pb_row][\/et_pb_section][et_pb_section fb_built=&#8221;1&#8243; admin_label=&#8221;Unsere Unternehmensgeschichte.&#8221; _builder_version=&#8221;4.21.0&#8243; _module_preset=&#8221;default&#8221; background_color=&#8221;#f3f4f4&#8243; custom_padding=&#8221;60px||70px||false|false&#8221; global_colors_info=&#8221;{}&#8221;][et_pb_row _builder_version=&#8221;4.18.0&#8243; _module_preset=&#8221;default&#8221; custom_margin=&#8221;||||false|false&#8221; global_colors_info=&#8221;{}&#8221;][et_pb_column type=&#8221;4_4&#8243; _builder_version=&#8221;4.18.0&#8243; _module_preset=&#8221;default&#8221; global_colors_info=&#8221;{}&#8221;][et_pb_text _builder_version=&#8221;4.18.0&#8243; _module_preset=&#8221;5c2aa4cd-70f0-473f-8f4e-5a4a7a5c719a&#8221; header_text_color=&#8221;gcid-caa0fa1e-947b-41fc-b460-32eaeab238fc&#8221; header_font_size=&#8221;30pt&#8221; max_width=&#8221;830px&#8221; module_alignment=&#8221;center&#8221; custom_padding=&#8221;|||0px||&#8221; global_colors_info=&#8221;{%22gcid-caa0fa1e-947b-41fc-b460-32eaeab238fc%22:%91%22header_text_color%22%93}&#8221;]<\/p>\n<h2 style=\"text-align: center;\">Our history.<\/h2>\n<p style=\"text-align: center;\">Our law firm was founded in the German town of Villingen in the year 1952. The opening of our firm&#8217;s offices in Munich in the year 1970 marked the beginning of one of Germany\u2019s first interregional IP law firms. Looking back on decades of successful growth, Westphal, Mussgnug &amp; Partner is proud to rely on the expertise and skills of its almost 50 staff members, among them six managing partners and eleven patent attorneys.<\/p>\n<p>[\/et_pb_text][et_pb_button button_url=&#8221;\/en\/expertise\/#history&#8221; button_text=&#8221;More about our history. &#8221; _builder_version=&#8221;4.18.0&#8243; _module_preset=&#8221;default&#8221; global_colors_info=&#8221;{%22gcid-caa0fa1e-947b-41fc-b460-32eaeab238fc%22:%91%22button_border_color%22%93}&#8221;][\/et_pb_button][\/et_pb_column][\/et_pb_row][\/et_pb_section]<\/p>\n","protected":false},"excerpt":{"rendered":"<p>We add value to your business. Welcome to Westphal, Mussgnug &amp; Partner &#8211; your innovative and modern IP law firm with patent attorneys based in Villingen and Munich. With decades of experience and an extensive portfolio of national and international clients, our law firm works hand in hand with you when it comes to turning [&hellip;]<\/p>\n","protected":false},"author":1,"featured_media":0,"parent":0,"menu_order":0,"comment_status":"closed","ping_status":"closed","template":"","meta":{"_et_pb_use_builder":"on","_et_pb_old_content":"<p>[et_pb_section fb_built=\"1\" fullwidth=\"on\" _builder_version=\"4.18.0\" _module_preset=\"default\" global_colors_info=\"{}\"][et_pb_fullwidth_image src=\"https:\/\/www.wemupat.de\/wp-content\/uploads\/2022\/11\/WMP-00005-2022_Shooting-Imagebilder-Kloetzchen_Motive_Desktop_01-scaled.jpg\" title_text=\"WMP-00005-2022_Shooting Imagebilder Kloetzchen_Motive_Mobile_01\" src_tablet=\"https:\/\/www.wemupat.de\/wp-content\/uploads\/2022\/11\/WMP-00005-2022_Shooting-Imagebilder-Kloetzchen_Motive_Desktop_01-scaled.jpg\" src_phone=\"https:\/\/www.wemupat.de\/wp-content\/uploads\/2022\/11\/WMP-00005-2022_Shooting-Imagebilder-Kloetzchen_Motive_Mobile_01.jpg\" src_last_edited=\"on|phone\" _builder_version=\"4.18.0\" _module_preset=\"default\" global_colors_info=\"{}\"][\/et_pb_fullwidth_image][\/et_pb_section][et_pb_section fb_built=\"1\" _builder_version=\"4.18.0\" _module_preset=\"default\" custom_padding=\"22px||40px||false|false\" global_colors_info=\"{}\"][et_pb_row _builder_version=\"4.18.0\" _module_preset=\"default\" background_enable_image=\"off\" max_width=\"830px\" custom_margin=\"||||false|false\" custom_padding=\"||||false|false\" global_colors_info=\"{}\"][et_pb_column type=\"4_4\" _builder_version=\"4.18.0\" _module_preset=\"default\" global_colors_info=\"{}\"][et_pb_text _builder_version=\"4.18.0\" _module_preset=\"5c2aa4cd-70f0-473f-8f4e-5a4a7a5c719a\" custom_margin=\"0px||||false|false\" global_colors_info=\"{}\"]<\/p><h1 style=\"text-align: center;\">Unser Plus f\u00fcr Ihr Unternehmen.<\/h1><p style=\"text-align: center;\">Willkommen bei Westphal, Mussgnug & Partner, der innovativen und modernen Soziet\u00e4t von Patentanw\u00e4lten in Villingen-Schwenningen und M\u00fcnchen. Durch unsere jahrzehntelange Erfahrung und den pers\u00f6nlichen Umgang mit unseren nationalen und internationalen Mandanten, verhelfen wir Ihren Ideen zu dem Erfolg.<\/p><p>[\/et_pb_text][et_pb_button button_url=\"@ET-DC@eyJkeW5hbWljIjp0cnVlLCJjb250ZW50IjoicG9zdF9saW5rX3VybF9wYWdlIiwic2V0dGluZ3MiOnsicG9zdF9pZCI6IjE0NSJ9fQ==@\" button_text=\"Ihr direkter Weg zu uns.\" _builder_version=\"4.18.0\" _dynamic_attributes=\"button_url\" _module_preset=\"default\" custom_margin=\"||0px||false|false\" global_colors_info=\"{}\"][\/et_pb_button][\/et_pb_column][\/et_pb_row][\/et_pb_section][et_pb_section fb_built=\"1\" fullwidth=\"on\" _builder_version=\"4.18.0\" _module_preset=\"default\" global_colors_info=\"{}\"][et_pb_fullwidth_image src=\"https:\/\/www.wemupat.de\/wp-content\/uploads\/2022\/11\/WMP-00005-2022_Shooting-Imagebilder-Kloetzchen_Motive_Desktop_02-scaled.jpg\" title_text=\"WMP-00005-2022_Shooting Imagebilder Kloetzchen_Motive_Mobile_02\" src_tablet=\"https:\/\/www.wemupat.de\/wp-content\/uploads\/2022\/11\/WMP-00005-2022_Shooting-Imagebilder-Kloetzchen_Motive_Desktop_02-scaled.jpg\" src_phone=\"https:\/\/www.wemupat.de\/wp-content\/uploads\/2022\/11\/WMP-00005-2022_Shooting-Imagebilder-Kloetzchen_Motive_Mobile_02.jpg\" src_last_edited=\"on|phone\" _builder_version=\"4.18.0\" _module_preset=\"default\" global_colors_info=\"{}\"][\/et_pb_fullwidth_image][\/et_pb_section][et_pb_section fb_built=\"1\" _builder_version=\"4.18.0\" _module_preset=\"default\" custom_padding=\"60px||70px||false|false\" global_colors_info=\"{}\"][et_pb_row _builder_version=\"4.18.0\" _module_preset=\"default\" custom_margin=\"||||false|false\" global_colors_info=\"{}\"][et_pb_column type=\"4_4\" _builder_version=\"4.18.0\" _module_preset=\"default\" global_colors_info=\"{}\"][et_pb_text _builder_version=\"4.18.0\" _module_preset=\"5c2aa4cd-70f0-473f-8f4e-5a4a7a5c719a\" header_text_color=\"gcid-caa0fa1e-947b-41fc-b460-32eaeab238fc\" header_font_size=\"30pt\" max_width=\"830px\" module_alignment=\"center\" custom_padding=\"|||0px||\" global_colors_info=\"{%22gcid-caa0fa1e-947b-41fc-b460-32eaeab238fc%22:%91%22header_text_color%22%93}\"]<\/p><h2 style=\"text-align: center;\">Wie wir f\u00fcr Sie arbeiten.<\/h2><p style=\"text-align: center;\">Wir beraten und begleiten unsere Mandanten vertrauensvoll, partnerschaftlich und souver\u00e4n bei der Anmeldung, Verwertung und Durchsetzung gewerblicher Schutzrechte, bei Patentverletzungs- und Nichtigkeitsverfahren sowie bei Gebrauchsmuster-, Design- und Markenverletzungsverfahren. Und das bereits seit 1952.<\/p><p>[\/et_pb_text][et_pb_button button_url=\"@ET-DC@eyJkeW5hbWljIjp0cnVlLCJjb250ZW50IjoicG9zdF9saW5rX3VybF9wYWdlIiwic2V0dGluZ3MiOnsicG9zdF9pZCI6IjEwMiJ9fQ==@\" button_text=\"So verhelfen wir Ihrer Idee zum Erfolg.\" _builder_version=\"4.18.0\" _dynamic_attributes=\"button_url\" _module_preset=\"default\" global_colors_info=\"{%22gcid-caa0fa1e-947b-41fc-b460-32eaeab238fc%22:%91%22button_border_color%22%93}\"][\/et_pb_button][\/et_pb_column][\/et_pb_row][\/et_pb_section][et_pb_section fb_built=\"1\" fullwidth=\"on\" _builder_version=\"4.18.0\" _module_preset=\"default\" global_colors_info=\"{}\"][et_pb_fullwidth_image src=\"https:\/\/www.wemupat.de\/wp-content\/uploads\/2022\/11\/WMP-00005-2022_Shooting-Imagebilder-Kloetzchen_Motive_Desktop_03-scaled.jpg\" title_text=\"WMP-00005-2022_Shooting Imagebilder Kloetzchen_Motive_Mobile_03\" src_tablet=\"https:\/\/www.wemupat.de\/wp-content\/uploads\/2022\/11\/WMP-00005-2022_Shooting-Imagebilder-Kloetzchen_Motive_Desktop_03-scaled.jpg\" src_phone=\"https:\/\/www.wemupat.de\/wp-content\/uploads\/2022\/11\/WMP-00005-2022_Shooting-Imagebilder-Kloetzchen_Motive_Mobile_03.jpg\" src_last_edited=\"on|phone\" _builder_version=\"4.18.0\" _module_preset=\"default\" global_colors_info=\"{}\"][\/et_pb_fullwidth_image][\/et_pb_section][et_pb_section fb_built=\"1\" admin_label=\"Machen Sie mit uns Karriere.\" _builder_version=\"4.18.0\" _module_preset=\"default\" custom_padding=\"60px||70px||false|false\" global_colors_info=\"{}\"][et_pb_row _builder_version=\"4.18.0\" _module_preset=\"default\" custom_margin=\"||||false|false\" global_colors_info=\"{}\"][et_pb_column type=\"4_4\" _builder_version=\"4.18.0\" _module_preset=\"default\" global_colors_info=\"{}\"][et_pb_text _builder_version=\"4.18.0\" _module_preset=\"5c2aa4cd-70f0-473f-8f4e-5a4a7a5c719a\" header_text_color=\"gcid-caa0fa1e-947b-41fc-b460-32eaeab238fc\" header_font_size=\"30pt\" max_width=\"830px\" module_alignment=\"center\" custom_padding=\"|||0px||\" global_colors_info=\"{%22gcid-caa0fa1e-947b-41fc-b460-32eaeab238fc%22:%91%22header_text_color%22%93}\"]<\/p><h2 style=\"text-align: center;\">Machen Sie mit uns Karriere.<\/h2><p style=\"text-align: center;\">Bei aller Innovation und allem Fortschritt \u2013 Einer unserer wichtigsten Werte ist Menschlichkeit. Im Umgang mit<br \/>unseren Kunden, aber auch im Team untereinander. Unsere Soziet\u00e4t ist gepr\u00e4gt von einem guten Miteinander und gegenseitiger Wertsch\u00e4tzung. \u00dcberdurchschnittliche Verdienstm\u00f6glichkeiten, Gleitzeit und Homeoffice sind f\u00fcr uns selbstverst\u00e4ndlich.<\/p><p>[\/et_pb_text][et_pb_button button_url=\"@ET-DC@eyJkeW5hbWljIjp0cnVlLCJjb250ZW50IjoicG9zdF9saW5rX3VybF9wYWdlIiwic2V0dGluZ3MiOnsicG9zdF9pZCI6IjEzOCJ9fQ==@\" button_text=\"Begeben Sie sich auf Erfolgskurs.\" _builder_version=\"4.18.0\" _dynamic_attributes=\"button_url\" _module_preset=\"default\" global_colors_info=\"{%22gcid-caa0fa1e-947b-41fc-b460-32eaeab238fc%22:%91%22button_border_color%22%93}\"][\/et_pb_button][\/et_pb_column][\/et_pb_row][\/et_pb_section][et_pb_section fb_built=\"1\" disabled_on=\"off|off|off\" module_class=\"wpwd-latest-post\" _builder_version=\"4.18.0\" _module_preset=\"default\" background_enable_color=\"off\" use_background_color_gradient=\"on\" background_color_gradient_direction=\"90deg\" background_color_gradient_stops=\"#0083a9 50%|#ffffff 50%\" background_enable_image=\"off\" custom_padding=\"20px||38px||false|false\" background_last_edited=\"on|tablet\" use_background_color_gradient_tablet=\"on\" background_color_gradient_stops_tablet=\"#0083a9 100%|#ffffff 100%\" global_colors_info=\"{}\"][et_pb_row use_custom_gutter=\"on\" gutter_width=\"1\" _builder_version=\"4.18.0\" _module_preset=\"default\" global_colors_info=\"{}\"][et_pb_column type=\"4_4\" _builder_version=\"4.18.0\" _module_preset=\"default\" global_colors_info=\"{}\"][et_pb_text _builder_version=\"4.18.0\" _module_preset=\"5c2aa4cd-70f0-473f-8f4e-5a4a7a5c719a\" header_text_color=\"#FFFFFF\" header_2_text_color=\"#FFFFFF\" custom_margin=\"0px||0px||false|false\" global_colors_info=\"{}\"]<\/p><p>[wpwd_get_latest_post]<\/p><p>[\/et_pb_text][\/et_pb_column][\/et_pb_row][\/et_pb_section][et_pb_section fb_built=\"1\" admin_label=\"Unsere Unternehmensgeschichte.\" _builder_version=\"4.18.0\" _module_preset=\"default\" custom_padding=\"60px||70px||false|false\" global_colors_info=\"{}\"][et_pb_row _builder_version=\"4.18.0\" _module_preset=\"default\" custom_margin=\"||||false|false\" global_colors_info=\"{}\"][et_pb_column type=\"4_4\" _builder_version=\"4.18.0\" _module_preset=\"default\" global_colors_info=\"{}\"][et_pb_text _builder_version=\"4.18.0\" _module_preset=\"5c2aa4cd-70f0-473f-8f4e-5a4a7a5c719a\" header_text_color=\"gcid-caa0fa1e-947b-41fc-b460-32eaeab238fc\" header_font_size=\"30pt\" max_width=\"830px\" module_alignment=\"center\" custom_padding=\"|||0px||\" global_colors_info=\"{%22gcid-caa0fa1e-947b-41fc-b460-32eaeab238fc%22:%91%22header_text_color%22%93}\"]<\/p><h2 style=\"text-align: center;\">Unsere Geschichte.<\/h2><p style=\"text-align: center;\">1952 in Villingen gegr\u00fcndet, entsteht 1970 mit einem weiteren Standort in M\u00fcnchen eine der ersten \u00fcber\u00f6rtlichen Soziet\u00e4ten von Patentanw\u00e4lten in Deutschland. Heute hat die Kanzlei Westphal, Mussgnug & Partner nahezu 50 Mitarbeitende, davon sechs gesch\u00e4ftsf\u00fchrende Partner und elf Patentanw\u00e4lte.<\/p><p>[\/et_pb_text][et_pb_button button_url=\"\/kompetenz\/#kanzleigeschichte\" button_text=\"Mehr \u00fcber unsere Geschichte.\" _builder_version=\"4.18.0\" _module_preset=\"default\" global_colors_info=\"{%22gcid-caa0fa1e-947b-41fc-b460-32eaeab238fc%22:%91%22button_border_color%22%93}\"][\/et_pb_button][\/et_pb_column][\/et_pb_row][\/et_pb_section]<\/p>","_et_gb_content_width":"","footnotes":""},"class_list":["post-2059","page","type-page","status-publish","hentry"],"_links":{"self":[{"href":"https:\/\/www.wemupat.de\/en\/wp-json\/wp\/v2\/pages\/2059","targetHints":{"allow":["GET"]}}],"collection":[{"href":"https:\/\/www.wemupat.de\/en\/wp-json\/wp\/v2\/pages"}],"about":[{"href":"https:\/\/www.wemupat.de\/en\/wp-json\/wp\/v2\/types\/page"}],"author":[{"embeddable":true,"href":"https:\/\/www.wemupat.de\/en\/wp-json\/wp\/v2\/users\/1"}],"replies":[{"embeddable":true,"href":"https:\/\/www.wemupat.de\/en\/wp-json\/wp\/v2\/comments?post=2059"}],"version-history":[{"count":13,"href":"https:\/\/www.wemupat.de\/en\/wp-json\/wp\/v2\/pages\/2059\/revisions"}],"predecessor-version":[{"id":2559,"href":"https:\/\/www.wemupat.de\/en\/wp-json\/wp\/v2\/pages\/2059\/revisions\/2559"}],"wp:attachment":[{"href":"https:\/\/www.wemupat.de\/en\/wp-json\/wp\/v2\/media?parent=2059"}],"curies":[{"name":"wp","href":"https:\/\/api.w.org\/{rel}","templated":true}]}}