{"id":2061,"date":"2022-10-26T13:45:53","date_gmt":"2022-10-26T11:45:53","guid":{"rendered":"https:\/\/www.wemupat.de\/?page_id=2061"},"modified":"2023-04-15T20:19:47","modified_gmt":"2023-04-15T18:19:47","slug":"careers","status":"publish","type":"page","link":"https:\/\/www.wemupat.de\/en\/careers\/","title":{"rendered":"Careers"},"content":{"rendered":"<p>[et_pb_section fb_built=&#8221;1&#8243; fullwidth=&#8221;on&#8221; _builder_version=&#8221;4.18.0&#8243; _module_preset=&#8221;default&#8221; global_colors_info=&#8221;{}&#8221;][et_pb_fullwidth_image src=&#8221;https:\/\/www.wemupat.de\/wp-content\/uploads\/2023\/04\/WMP-00005-2022_Shooting-Imagebilder-Kloetzchen_Motive_Desktop_03engl-scaled.jpg&#8221; title_text=&#8221;WMP-00005-2022_Shooting Imagebilder Kloetzchen_Motive_Mobile_03engl&#8221; src_tablet=&#8221;https:\/\/www.wemupat.de\/wp-content\/uploads\/2022\/11\/WMP-00005-2022_Shooting-Imagebilder-Kloetzchen_Motive_Desktop_03-scaled.jpg&#8221; src_phone=&#8221;https:\/\/www.wemupat.de\/wp-content\/uploads\/2023\/04\/WMP-00005-2022_Shooting-Imagebilder-Kloetzchen_Motive_Mobile_03engl.jpg&#8221; src_last_edited=&#8221;on|phone&#8221; _builder_version=&#8221;4.18.0&#8243; _module_preset=&#8221;default&#8221; global_colors_info=&#8221;{}&#8221;][\/et_pb_fullwidth_image][\/et_pb_section][et_pb_section fb_built=&#8221;1&#8243; admin_label=&#8221;Ihr Beitrag zu einer revolution\u00e4ren Zukunft voller Ideen.&#8221; _builder_version=&#8221;4.18.0&#8243; _module_preset=&#8221;default&#8221; background_enable_image=&#8221;off&#8221; custom_margin=&#8221;||||false|false&#8221; custom_padding=&#8221;80px||80px||false|false&#8221; global_colors_info=&#8221;{}&#8221;][et_pb_row _builder_version=&#8221;4.18.0&#8243; _module_preset=&#8221;default&#8221; min_height=&#8221;0px&#8221; global_colors_info=&#8221;{}&#8221;][et_pb_column type=&#8221;4_4&#8243; _builder_version=&#8221;4.18.0&#8243; _module_preset=&#8221;default&#8221; global_colors_info=&#8221;{}&#8221;][et_pb_text _builder_version=&#8221;4.18.0&#8243; _module_preset=&#8221;5c2aa4cd-70f0-473f-8f4e-5a4a7a5c719a&#8221; header_2_text_color=&#8221;gcid-caa0fa1e-947b-41fc-b460-32eaeab238fc&#8221; global_colors_info=&#8221;{%22gcid-caa0fa1e-947b-41fc-b460-32eaeab238fc%22:%91%22header_2_text_color%22%93}&#8221;]<\/p>\n<h1 style=\"text-align: center;\">Shape a revolutionary future full of ideas.<\/h1>\n<p>[\/et_pb_text][et_pb_text _builder_version=&#8221;4.18.0&#8243; _module_preset=&#8221;5c2aa4cd-70f0-473f-8f4e-5a4a7a5c719a&#8221; header_text_color=&#8221;gcid-caa0fa1e-947b-41fc-b460-32eaeab238fc&#8221; header_font_size=&#8221;30pt&#8221; max_width=&#8221;830px&#8221; module_alignment=&#8221;center&#8221; custom_padding=&#8221;|||0px||&#8221; global_colors_info=&#8221;{%22gcid-caa0fa1e-947b-41fc-b460-32eaeab238fc%22:%91%22header_text_color%22,%22header_2_text_color%22%93}&#8221;]<\/p>\n<p style=\"text-align: center;\">Welcome to Westphal, Mussgnug &amp; Partner. Are you looking for an IP law firm that is not only steeped in history and innovation, but also abides by distinguished values and combines them with the latest work methods? Look no further, you have come to the right place. Westphal, Mussgnug &amp; Partner can offer you much more on top of an already &#8220;exciting and multi-faceted job in intellectual property law&#8221;. Whether you are an experienced patent attorney, currently completing your patent attorney training, have qualified as an IP law paralegal or are looking for an apprenticeship in IP law \u2013 our focus is on people. Become a force for good in a revolutionary future full of ideas \u2013 apply now to join our team. We look forward to meeting you.<\/p>\n<p>[\/et_pb_text][et_pb_button button_url=&#8221;\/en\/careers\/#stellenanzeige&#8221; button_text=&#8221;Our current vacancies. &#8221; _builder_version=&#8221;4.18.0&#8243; _module_preset=&#8221;default&#8221; hover_enabled=&#8221;0&#8243; global_colors_info=&#8221;{}&#8221; sticky_enabled=&#8221;0&#8243;][\/et_pb_button][\/et_pb_column][\/et_pb_row][\/et_pb_section][et_pb_section fb_built=&#8221;1&#8243; admin_label=&#8221;Am Ende eines Tages z\u00e4hlt, wie man denselben verbracht hat.&#8221; _builder_version=&#8221;4.18.0&#8243; _module_preset=&#8221;default&#8221; background_color=&#8221;gcid-7f8a273b-6dca-4842-9089-16c9c10088fc&#8221; background_enable_image=&#8221;off&#8221; custom_margin=&#8221;||||false|false&#8221; custom_padding=&#8221;80px||80px||false|false&#8221; global_colors_info=&#8221;{%22gcid-7f8a273b-6dca-4842-9089-16c9c10088fc%22:%91%22background_color%22%93}&#8221;][et_pb_row column_structure=&#8221;3_5,2_5&#8243; _builder_version=&#8221;4.18.0&#8243; _module_preset=&#8221;default&#8221; global_colors_info=&#8221;{}&#8221;][et_pb_column type=&#8221;3_5&#8243; _builder_version=&#8221;4.18.0&#8243; _module_preset=&#8221;default&#8221; global_colors_info=&#8221;{}&#8221;][et_pb_text _builder_version=&#8221;4.18.0&#8243; _module_preset=&#8221;5c2aa4cd-70f0-473f-8f4e-5a4a7a5c719a&#8221; text_font=&#8221;||||||||&#8221; text_font_size=&#8221;14pt&#8221; header_2_text_color=&#8221;gcid-caa0fa1e-947b-41fc-b460-32eaeab238fc&#8221; header_2_line_height=&#8221;30pt&#8221; global_colors_info=&#8221;{%22gcid-caa0fa1e-947b-41fc-b460-32eaeab238fc%22:%91%22header_2_text_color%22%93}&#8221;]<\/p>\n<h2>At the end of the day, <br \/>what counts is how a day was spent.<\/h2>\n<p>[\/et_pb_text][et_pb_text _builder_version=&#8221;4.18.0&#8243; _module_preset=&#8221;5c2aa4cd-70f0-473f-8f4e-5a4a7a5c719a&#8221; header_2_font=&#8221;Roboto-Regular||||||||&#8221; header_2_text_color=&#8221;gcid-caa0fa1e-947b-41fc-b460-32eaeab238fc&#8221; global_colors_info=&#8221;{%22gcid-caa0fa1e-947b-41fc-b460-32eaeab238fc%22:%91%22header_2_text_color%22%93}&#8221;]<\/p>\n<p>We care about the right team atmosphere, a culture of appreciation and about working together as a team at eye level. Our law firm offers a variety of outstanding employee benefits, e.g. modern workplaces, flexitime, home office arrangements, 30 days annual paid leave and a 13th monthly salary \u2013 because your time and skills are valued and appreciated. Let us join hands in bringing innovation and improvement to the world, day after day.<\/p>\n<p>[\/et_pb_text][et_pb_button button_url=&#8221;@ET-DC@eyJkeW5hbWljIjp0cnVlLCJjb250ZW50IjoicG9zdF9saW5rX3VybF9wYWdlIiwic2V0dGluZ3MiOnsicG9zdF9pZCI6IjEwMiJ9fQ==@&#8221; button_text=&#8221;How we work. &#8221; button_alignment=&#8221;left&#8221; _builder_version=&#8221;4.18.0&#8243; _dynamic_attributes=&#8221;button_url&#8221; _module_preset=&#8221;default&#8221; global_colors_info=&#8221;{}&#8221;][\/et_pb_button][\/et_pb_column][et_pb_column type=&#8221;2_5&#8243; _builder_version=&#8221;4.18.0&#8243; _module_preset=&#8221;default&#8221; background_color=&#8221;#FFFFFF&#8221; global_colors_info=&#8221;{}&#8221;][et_pb_text _builder_version=&#8221;4.18.0&#8243; _module_preset=&#8221;5c2aa4cd-70f0-473f-8f4e-5a4a7a5c719a&#8221; header_4_font=&#8221;Roboto-Medium||||||||&#8221; header_4_font_size=&#8221;17px&#8221; background_color=&#8221;gcid-caa0fa1e-947b-41fc-b460-32eaeab238fc&#8221; custom_padding=&#8221;15px|10px|5px|10px|false|false&#8221; global_colors_info=&#8221;{%22gcid-caa0fa1e-947b-41fc-b460-32eaeab238fc%22:%91%22background_color%22%93}&#8221;]<\/p>\n<h4>Employee benefits at a glance:<\/h4>\n<p>[\/et_pb_text][et_pb_text ul_type=&#8221;square&#8221; module_class=&#8221;wpwd-list-design&#8221; _builder_version=&#8221;4.18.0&#8243; _module_preset=&#8221;5c2aa4cd-70f0-473f-8f4e-5a4a7a5c719a&#8221; custom_margin=&#8221;-12px||2px||false|false&#8221; custom_padding=&#8221;0px|10px|0px|20px|false|false&#8221; global_colors_info=&#8221;{}&#8221;]<\/p>\n<ul>\n<li>Culture of appreciation and excellent work atmosphere<\/li>\n<li>Above-average remuneration packages<\/li>\n<li>13th monthly salary<\/li>\n<li>Bonus (for eligible positions)<\/li>\n<li>Flexitime<\/li>\n<li>Home office arrangements<\/li>\n<li>30 days annual paid leave<\/li>\n<li>Modern workplaces<\/li>\n<li>Coffee and beverages<\/li>\n<li>Team events and incentives<\/li>\n<li>Independent and autonomous work<\/li>\n<\/ul>\n<p>[\/et_pb_text][\/et_pb_column][\/et_pb_row][\/et_pb_section][et_pb_section fb_built=&#8221;1&#8243; module_id=&#8221;stellenanzeige&#8221; _builder_version=&#8221;4.18.0&#8243; _module_preset=&#8221;default&#8221; background_color=&#8221;gcid-caa0fa1e-947b-41fc-b460-32eaeab238fc&#8221; custom_padding=&#8221;80px||80px||false|false&#8221; global_colors_info=&#8221;{%22gcid-caa0fa1e-947b-41fc-b460-32eaeab238fc%22:%91%22background_color%22%93}&#8221;][et_pb_row _builder_version=&#8221;4.18.0&#8243; _module_preset=&#8221;default&#8221; global_colors_info=&#8221;{}&#8221;][et_pb_column type=&#8221;4_4&#8243; _builder_version=&#8221;4.18.0&#8243; _module_preset=&#8221;default&#8221; global_colors_info=&#8221;{}&#8221;][et_pb_text _builder_version=&#8221;4.18.0&#8243; _module_preset=&#8221;5c2aa4cd-70f0-473f-8f4e-5a4a7a5c719a&#8221; header_2_text_color=&#8221;#FFFFFF&#8221; global_colors_info=&#8221;{}&#8221;]<\/p>\n<h2 style=\"text-align: center;\">Our current vacancies<\/h2>\n<p>[\/et_pb_text][et_pb_text module_class=&#8221;wpwd-job-list&#8221; _builder_version=&#8221;4.18.0&#8243; _module_preset=&#8221;default&#8221; global_colors_info=&#8221;{}&#8221;]<\/p>\n<section class=\"job-listing row clearfix\" aria-label=\"Job listings\"><div class=\"column medium-12 col-md-12\" role=\"list\"><article class=\"job-preview clearfix\" role=\"article\" aria-labelledby=\"job-title-2126\"><div class=\"job-content\"><h5><a href=\"https:\/\/www.wemupat.de\/en\/job\/we-are-hiring-paralegal-in-ip-law-m-f-d\/\" id=\"job-title-2126\" target=\"_self\"><span>Paralegal in IP law (m\/f\/d)<\/span><\/a><\/h5><div class=\"job-additional-information\" aria-label=\"Additional job information\"><span>Villingen-Schwenningen<\/span><\/div><\/div><div class=\"job-cta\"><a href=\"https:\/\/www.wemupat.de\/en\/job\/we-are-hiring-paralegal-in-ip-law-m-f-d\/\" target=\"_self\" class=\"apply-btn local\" aria-label=\"View job: Paralegal in IP law (m\/f\/d)\">View<\/a><\/div><\/article><article class=\"job-preview clearfix\" role=\"article\" aria-labelledby=\"job-title-2207\"><div class=\"job-content\"><h5><a href=\"https:\/\/www.wemupat.de\/en\/job\/we-are-hiring-candidates-for-patent-attorney-training-m-f-d\/\" id=\"job-title-2207\" target=\"_self\"><span>Candidates for patent attorney training (m\/f\/d)<\/span><\/a><\/h5><div class=\"job-additional-information\" aria-label=\"Additional job information\"><span>Villingen-Schwenningen<\/span><\/div><\/div><div class=\"job-cta\"><a href=\"https:\/\/www.wemupat.de\/en\/job\/we-are-hiring-candidates-for-patent-attorney-training-m-f-d\/\" target=\"_self\" class=\"apply-btn local\" aria-label=\"View job: Candidates for patent attorney training (m\/f\/d)\">View<\/a><\/div><\/article><\/div><\/section>\n<p>[\/et_pb_text][\/et_pb_column][\/et_pb_row][\/et_pb_section][et_pb_section fb_built=&#8221;1&#8243; admin_label=&#8221;So wirst du Patentanwalt!&#8221; _builder_version=&#8221;4.18.0&#8243; _module_preset=&#8221;default&#8221; custom_padding=&#8221;80px||80px||false|false&#8221; global_colors_info=&#8221;{}&#8221;][et_pb_row _builder_version=&#8221;4.18.0&#8243; _module_preset=&#8221;default&#8221; global_colors_info=&#8221;{}&#8221;][et_pb_column type=&#8221;4_4&#8243; _builder_version=&#8221;4.18.0&#8243; _module_preset=&#8221;default&#8221; global_colors_info=&#8221;{}&#8221;][et_pb_text _builder_version=&#8221;4.18.0&#8243; _module_preset=&#8221;5c2aa4cd-70f0-473f-8f4e-5a4a7a5c719a&#8221; text_font_size=&#8221;14pt&#8221; header_2_text_color=&#8221;gcid-caa0fa1e-947b-41fc-b460-32eaeab238fc&#8221; global_colors_info=&#8221;{%22gcid-caa0fa1e-947b-41fc-b460-32eaeab238fc%22:%91%22header_2_text_color%22%93}&#8221;]<\/p>\n<h2 style=\"text-align: center;\">How to become a patent attorney!<\/h2>\n<p>[\/et_pb_text][et_pb_text _builder_version=&#8221;4.18.0&#8243; _module_preset=&#8221;5c2aa4cd-70f0-473f-8f4e-5a4a7a5c719a&#8221; header_text_color=&#8221;gcid-caa0fa1e-947b-41fc-b460-32eaeab238fc&#8221; header_font_size=&#8221;30pt&#8221; max_width=&#8221;830px&#8221; module_alignment=&#8221;center&#8221; custom_padding=&#8221;|||0px||&#8221; global_colors_info=&#8221;{%22gcid-caa0fa1e-947b-41fc-b460-32eaeab238fc%22:%91%22header_text_color%22,%22header_2_text_color%22%93}&#8221;]<\/p>\n<p style=\"text-align: center;\">Have you recently graduated with a degree in engineering or science and are looking to kickstart your career? Or are you nearing your graduation, maybe even collected some initial industry experience? We look forward to offering you a three-year legal training to become a patent attorney.<\/p>\n<p>[\/et_pb_text][et_pb_button button_url=&#8221;@ET-DC@eyJkeW5hbWljIjp0cnVlLCJjb250ZW50IjoicG9zdF9saW5rX3VybF9wYWdlIiwic2V0dGluZ3MiOnsicG9zdF9pZCI6IjE4MiJ9fQ==@&#8221; button_text=&#8221;Further information on the patent attorney training. &#8221; _builder_version=&#8221;4.18.0&#8243; _dynamic_attributes=&#8221;button_url&#8221; _module_preset=&#8221;default&#8221; button_text_color=&#8221;gcid-caa0fa1e-947b-41fc-b460-32eaeab238fc&#8221; global_colors_info=&#8221;{%22gcid-caa0fa1e-947b-41fc-b460-32eaeab238fc%22:%91%22button_text_color%22%93}&#8221;][\/et_pb_button][\/et_pb_column][\/et_pb_row][\/et_pb_section]<\/p>\n","protected":false},"excerpt":{"rendered":"<p>[et_pb_section fb_built=&#8221;1&#8243; fullwidth=&#8221;on&#8221; _builder_version=&#8221;4.18.0&#8243; _module_preset=&#8221;default&#8221; global_colors_info=&#8221;{}&#8221;][et_pb_fullwidth_image src=&#8221;https:\/\/www.wemupat.de\/wp-content\/uploads\/2023\/04\/WMP-00005-2022_Shooting-Imagebilder-Kloetzchen_Motive_Desktop_03engl-scaled.jpg&#8221; title_text=&#8221;WMP-00005-2022_Shooting Imagebilder Kloetzchen_Motive_Mobile_03engl&#8221; src_tablet=&#8221;https:\/\/www.wemupat.de\/wp-content\/uploads\/2022\/11\/WMP-00005-2022_Shooting-Imagebilder-Kloetzchen_Motive_Desktop_03-scaled.jpg&#8221; src_phone=&#8221;https:\/\/www.wemupat.de\/wp-content\/uploads\/2023\/04\/WMP-00005-2022_Shooting-Imagebilder-Kloetzchen_Motive_Mobile_03engl.jpg&#8221; src_last_edited=&#8221;on|phone&#8221; _builder_version=&#8221;4.18.0&#8243; _module_preset=&#8221;default&#8221; global_colors_info=&#8221;{}&#8221;][\/et_pb_fullwidth_image][\/et_pb_section][et_pb_section fb_built=&#8221;1&#8243; admin_label=&#8221;Ihr Beitrag zu einer revolution\u00e4ren Zukunft voller Ideen.&#8221; _builder_version=&#8221;4.18.0&#8243; _module_preset=&#8221;default&#8221; background_enable_image=&#8221;off&#8221; custom_margin=&#8221;||||false|false&#8221; custom_padding=&#8221;80px||80px||false|false&#8221; global_colors_info=&#8221;{}&#8221;][et_pb_row _builder_version=&#8221;4.18.0&#8243; _module_preset=&#8221;default&#8221; min_height=&#8221;0px&#8221; global_colors_info=&#8221;{}&#8221;][et_pb_column type=&#8221;4_4&#8243; _builder_version=&#8221;4.18.0&#8243; _module_preset=&#8221;default&#8221; global_colors_info=&#8221;{}&#8221;][et_pb_text _builder_version=&#8221;4.18.0&#8243; _module_preset=&#8221;5c2aa4cd-70f0-473f-8f4e-5a4a7a5c719a&#8221; header_2_text_color=&#8221;gcid-caa0fa1e-947b-41fc-b460-32eaeab238fc&#8221; global_colors_info=&#8221;{%22gcid-caa0fa1e-947b-41fc-b460-32eaeab238fc%22:%91%22header_2_text_color%22%93}&#8221;] Shape a revolutionary future full of ideas. [\/et_pb_text][et_pb_text _builder_version=&#8221;4.18.0&#8243; _module_preset=&#8221;5c2aa4cd-70f0-473f-8f4e-5a4a7a5c719a&#8221; header_text_color=&#8221;gcid-caa0fa1e-947b-41fc-b460-32eaeab238fc&#8221; header_font_size=&#8221;30pt&#8221; [&hellip;]<\/p>\n","protected":false},"author":1,"featured_media":0,"parent":0,"menu_order":0,"comment_status":"closed","ping_status":"closed","template":"","meta":{"_et_pb_use_builder":"on","_et_pb_old_content":"<p>[et_pb_section fb_built=\"1\" fullwidth=\"on\" _builder_version=\"4.18.0\" _module_preset=\"default\" global_colors_info=\"{}\"][et_pb_fullwidth_image src=\"https:\/\/www.wemupat.de\/wp-content\/uploads\/2022\/11\/WMP-00005-2022_Shooting-Imagebilder-Kloetzchen_Motive_Desktop_03-scaled.jpg\" title_text=\"WMP-00005-2022_Shooting Imagebilder Kloetzchen_Motive_Mobile_03\" src_tablet=\"https:\/\/www.wemupat.de\/wp-content\/uploads\/2022\/11\/WMP-00005-2022_Shooting-Imagebilder-Kloetzchen_Motive_Desktop_03-scaled.jpg\" src_phone=\"https:\/\/www.wemupat.de\/wp-content\/uploads\/2022\/11\/WMP-00005-2022_Shooting-Imagebilder-Kloetzchen_Motive_Mobile_03.jpg\" src_last_edited=\"on|phone\" _builder_version=\"4.18.0\" _module_preset=\"default\" global_colors_info=\"{}\"][\/et_pb_fullwidth_image][\/et_pb_section][et_pb_section fb_built=\"1\" admin_label=\"Ihr Beitrag zu einer revolution\u00e4ren Zukunft voller Ideen.\" _builder_version=\"4.18.0\" _module_preset=\"default\" background_enable_image=\"off\" custom_margin=\"||||false|false\" custom_padding=\"80px||80px||false|false\" global_colors_info=\"{}\"][et_pb_row _builder_version=\"4.18.0\" _module_preset=\"default\" min_height=\"0px\" global_colors_info=\"{}\"][et_pb_column type=\"4_4\" _builder_version=\"4.18.0\" _module_preset=\"default\" global_colors_info=\"{}\"][et_pb_text _builder_version=\"4.18.0\" _module_preset=\"5c2aa4cd-70f0-473f-8f4e-5a4a7a5c719a\" header_2_text_color=\"gcid-caa0fa1e-947b-41fc-b460-32eaeab238fc\" global_colors_info=\"{%22gcid-caa0fa1e-947b-41fc-b460-32eaeab238fc%22:%91%22header_2_text_color%22%93}\"]<\/p><h1 style=\"text-align: center;\">Ihr Beitrag zu einer revolution\u00e4ren Zukunft voller Ideen.<\/h1><p>[\/et_pb_text][et_pb_text _builder_version=\"4.18.0\" _module_preset=\"5c2aa4cd-70f0-473f-8f4e-5a4a7a5c719a\" header_text_color=\"gcid-caa0fa1e-947b-41fc-b460-32eaeab238fc\" header_font_size=\"30pt\" max_width=\"830px\" module_alignment=\"center\" custom_padding=\"|||0px||\" global_colors_info=\"{%22gcid-caa0fa1e-947b-41fc-b460-32eaeab238fc%22:%91%22header_text_color%22,%22header_2_text_color%22%93}\"]<\/p><p style=\"text-align: center;\">Willkommen bei Westphal, Mussgnug & Partner. Wenn Sie auf der Suche nach einer ebenso traditionsreichen wie innovativen Kanzlei sind, einer Kanzlei, in der Werte gelebt und mit neuesten Arbeitsmethoden verbunden werden, sind Sie bei uns richtig. Denn Westphal, Mussgnug & Partner bietet viel mehr als nur \u201espannende und vielseitige anwaltliche T\u00e4tigkeiten\u201c. Ganz gleich, ob Sie ein berufserfahrener Patentanwalt sind, Patentanwalt werden wollen, fertiger Patentanwaltsfachangestellter oder auf der Suche nach einem Ausbildungsplatz sind \u2013 bei uns z\u00e4hlt der Mensch. Wenn auch Sie Ihren Beitrag zu einer menschlichen, revolution\u00e4ren Zukunft voller Ideen leisten wollen, bewerben Sie sich jetzt. Wir freuen uns darauf, Sie kennenzulernen.<\/p><p>[\/et_pb_text][et_pb_button button_url=\"\/karriere\/#stellenanzeige\" button_text=\"Zu unseren Stellenangeboten.\" _builder_version=\"4.18.0\" _module_preset=\"default\" global_colors_info=\"{}\"][\/et_pb_button][\/et_pb_column][\/et_pb_row][\/et_pb_section][et_pb_section fb_built=\"1\" admin_label=\"Am Ende eines Tages z\u00e4hlt, wie man denselben verbracht hat.\" _builder_version=\"4.18.0\" _module_preset=\"default\" background_color=\"gcid-7f8a273b-6dca-4842-9089-16c9c10088fc\" background_enable_image=\"off\" custom_margin=\"||||false|false\" custom_padding=\"80px||80px||false|false\" global_colors_info=\"{%22gcid-7f8a273b-6dca-4842-9089-16c9c10088fc%22:%91%22background_color%22%93}\"][et_pb_row column_structure=\"3_5,2_5\" _builder_version=\"4.18.0\" _module_preset=\"default\" global_colors_info=\"{}\"][et_pb_column type=\"3_5\" _builder_version=\"4.18.0\" _module_preset=\"default\" global_colors_info=\"{}\"][et_pb_text _builder_version=\"4.18.0\" _module_preset=\"5c2aa4cd-70f0-473f-8f4e-5a4a7a5c719a\" text_font=\"||||||||\" text_font_size=\"14pt\" header_2_text_color=\"gcid-caa0fa1e-947b-41fc-b460-32eaeab238fc\" header_2_line_height=\"30pt\" global_colors_info=\"{%22gcid-caa0fa1e-947b-41fc-b460-32eaeab238fc%22:%91%22header_2_text_color%22%93}\"]<\/p><h2>Am Ende eines Tages z\u00e4hlt,<br \/>wie man denselben verbracht hat.<\/h2><p>[\/et_pb_text][et_pb_text _builder_version=\"4.18.0\" _module_preset=\"5c2aa4cd-70f0-473f-8f4e-5a4a7a5c719a\" header_2_font=\"Roboto-Regular||||||||\" header_2_text_color=\"gcid-caa0fa1e-947b-41fc-b460-32eaeab238fc\" global_colors_info=\"{%22gcid-caa0fa1e-947b-41fc-b460-32eaeab238fc%22:%91%22header_2_text_color%22%93}\"]<\/p><p>Uns ist es wichtig, dass die Stimmung im Team stimmt, dass unser Miteinander wertsch\u00e4tzend und auf Augenh\u00f6he stattfindet. Das gew\u00e4hrleisten wir, indem wir Mitarbeitervorteile wie einen modernen Arbeitsplatz, Gleitzeit, Homeoffice, 30 Tage Urlaub und ein 13. Monatsgehalt als selbstverst\u00e4ndlich ansehen und vor allem, weil es um unsere Zeit geht. Lassen Sie uns gemeinsam die Welt innovativer und besser machen. Jeden Tag.<\/p><p>[\/et_pb_text][et_pb_button button_url=\"@ET-DC@eyJkeW5hbWljIjp0cnVlLCJjb250ZW50IjoicG9zdF9saW5rX3VybF9wYWdlIiwic2V0dGluZ3MiOnsicG9zdF9pZCI6IjEwMiJ9fQ==@\" button_text=\"So arbeiten wir.\" button_alignment=\"left\" _builder_version=\"4.18.0\" _dynamic_attributes=\"button_url\" _module_preset=\"default\" global_colors_info=\"{}\"][\/et_pb_button][\/et_pb_column][et_pb_column type=\"2_5\" _builder_version=\"4.18.0\" _module_preset=\"default\" background_color=\"#FFFFFF\" global_colors_info=\"{}\"][et_pb_text _builder_version=\"4.18.0\" _module_preset=\"5c2aa4cd-70f0-473f-8f4e-5a4a7a5c719a\" header_4_font=\"Roboto-Medium||||||||\" header_4_font_size=\"17px\" background_color=\"gcid-caa0fa1e-947b-41fc-b460-32eaeab238fc\" custom_padding=\"15px|10px|5px|10px|false|false\" global_colors_info=\"{%22gcid-caa0fa1e-947b-41fc-b460-32eaeab238fc%22:%91%22background_color%22%93}\"]<\/p><h4>Corporate Benefits \u2013 Vorteile auf einen Blick:<\/h4><p>[\/et_pb_text][et_pb_text ul_type=\"square\" module_class=\"wpwd-list-design\" _builder_version=\"4.18.0\" _module_preset=\"5c2aa4cd-70f0-473f-8f4e-5a4a7a5c719a\" custom_margin=\"-12px||2px||false|false\" custom_padding=\"0px|10px|0px|20px|false|false\" global_colors_info=\"{}\"]<\/p><ul><li>Wertsch\u00e4tzung und eine sehr gute Arbeitsatmosph\u00e4re<\/li><li>\u00fcberdurchschnittliches Gehalt<\/li><li>13. Monatsgehalt<\/li><li>je nach Stelle auch Bonus<\/li><li>Gleitzeit<\/li><li>Homeoffice<\/li><li>30 Tage Urlaub<\/li><li>moderne Arbeitspl\u00e4tze<\/li><li>Kaffee und Getr\u00e4nke<\/li><li>Teamevents und Incentives<\/li><li>selbstst\u00e4ndiges und eigenverantwortliches Arbeiten<\/li><\/ul><p>[\/et_pb_text][\/et_pb_column][\/et_pb_row][\/et_pb_section][et_pb_section fb_built=\"1\" module_id=\"stellenanzeige\" _builder_version=\"4.18.0\" _module_preset=\"default\" background_color=\"gcid-caa0fa1e-947b-41fc-b460-32eaeab238fc\" custom_padding=\"80px||80px||false|false\" global_colors_info=\"{%22gcid-caa0fa1e-947b-41fc-b460-32eaeab238fc%22:%91%22background_color%22%93}\"][et_pb_row _builder_version=\"4.18.0\" _module_preset=\"default\" global_colors_info=\"{}\"][et_pb_column type=\"4_4\" _builder_version=\"4.18.0\" _module_preset=\"default\" global_colors_info=\"{}\"][et_pb_text _builder_version=\"4.18.0\" _module_preset=\"5c2aa4cd-70f0-473f-8f4e-5a4a7a5c719a\" header_2_text_color=\"#FFFFFF\" global_colors_info=\"{}\"]<\/p><h2 style=\"text-align: center;\">Unsere aktuellen Stellenangebote<\/h2><p>[\/et_pb_text][et_pb_text module_class=\"wpwd-job-list\" _builder_version=\"4.18.0\" _module_preset=\"default\" global_colors_info=\"{}\"][job-postings][\/et_pb_text][\/et_pb_column][\/et_pb_row][\/et_pb_section][et_pb_section fb_built=\"1\" admin_label=\"So wirst du Patentanwalt!\" _builder_version=\"4.18.0\" _module_preset=\"default\" custom_padding=\"80px||80px||false|false\" global_colors_info=\"{}\"][et_pb_row _builder_version=\"4.18.0\" _module_preset=\"default\" global_colors_info=\"{}\"][et_pb_column type=\"4_4\" _builder_version=\"4.18.0\" _module_preset=\"default\" global_colors_info=\"{}\"][et_pb_text _builder_version=\"4.18.0\" _module_preset=\"5c2aa4cd-70f0-473f-8f4e-5a4a7a5c719a\" text_font_size=\"14pt\" header_2_text_color=\"gcid-caa0fa1e-947b-41fc-b460-32eaeab238fc\" global_colors_info=\"{%22gcid-caa0fa1e-947b-41fc-b460-32eaeab238fc%22:%91%22header_2_text_color%22%93}\"]<\/p><h2 style=\"text-align: center;\">So werden Sie Patentanwalt!<\/h2><p>[\/et_pb_text][et_pb_text _builder_version=\"4.18.0\" _module_preset=\"5c2aa4cd-70f0-473f-8f4e-5a4a7a5c719a\" header_text_color=\"gcid-caa0fa1e-947b-41fc-b460-32eaeab238fc\" header_font_size=\"30pt\" max_width=\"830px\" module_alignment=\"center\" custom_padding=\"|||0px||\" global_colors_info=\"{%22gcid-caa0fa1e-947b-41fc-b460-32eaeab238fc%22:%91%22header_text_color%22,%22header_2_text_color%22%93}\"]<\/p><p style=\"text-align: center;\">Sie sind angehender Ingenieur oder Naturwissenschaftler? Sie stehen kurz vor dem Abschluss und haben im besten Fall schon erste Praxiserfahrungen in der Industrie sammeln k\u00f6nnen? Dann freuen wir uns, Ihnen eine dreij\u00e4hrige juristische Ausbildung zum Patentanwalt (m\/w\/d) anbieten zu k\u00f6nnen.<\/p><p>[\/et_pb_text][et_pb_button button_url=\"@ET-DC@eyJkeW5hbWljIjp0cnVlLCJjb250ZW50IjoicG9zdF9saW5rX3VybF9wYWdlIiwic2V0dGluZ3MiOnsicG9zdF9pZCI6IjE4MiJ9fQ==@\" button_text=\"Jetzt \u00fcber die Ausbildung informieren.\" _builder_version=\"4.18.0\" _dynamic_attributes=\"button_url\" _module_preset=\"default\" button_text_color=\"gcid-caa0fa1e-947b-41fc-b460-32eaeab238fc\" global_colors_info=\"{%22gcid-caa0fa1e-947b-41fc-b460-32eaeab238fc%22:%91%22button_text_color%22%93}\"][\/et_pb_button][\/et_pb_column][\/et_pb_row][\/et_pb_section]<\/p>","_et_gb_content_width":"","footnotes":""},"class_list":["post-2061","page","type-page","status-publish","hentry"],"_links":{"self":[{"href":"https:\/\/www.wemupat.de\/en\/wp-json\/wp\/v2\/pages\/2061","targetHints":{"allow":["GET"]}}],"collection":[{"href":"https:\/\/www.wemupat.de\/en\/wp-json\/wp\/v2\/pages"}],"about":[{"href":"https:\/\/www.wemupat.de\/en\/wp-json\/wp\/v2\/types\/page"}],"author":[{"embeddable":true,"href":"https:\/\/www.wemupat.de\/en\/wp-json\/wp\/v2\/users\/1"}],"replies":[{"embeddable":true,"href":"https:\/\/www.wemupat.de\/en\/wp-json\/wp\/v2\/comments?post=2061"}],"version-history":[{"count":8,"href":"https:\/\/www.wemupat.de\/en\/wp-json\/wp\/v2\/pages\/2061\/revisions"}],"predecessor-version":[{"id":2237,"href":"https:\/\/www.wemupat.de\/en\/wp-json\/wp\/v2\/pages\/2061\/revisions\/2237"}],"wp:attachment":[{"href":"https:\/\/www.wemupat.de\/en\/wp-json\/wp\/v2\/media?parent=2061"}],"curies":[{"name":"wp","href":"https:\/\/api.w.org\/{rel}","templated":true}]}}