{"id":2065,"date":"2022-10-26T15:42:31","date_gmt":"2022-10-26T13:42:31","guid":{"rendered":"https:\/\/www.wemupat.de\/?page_id=2065"},"modified":"2023-12-08T16:52:42","modified_gmt":"2023-12-08T15:52:42","slug":"contact","status":"publish","type":"page","link":"https:\/\/www.wemupat.de\/en\/contact\/","title":{"rendered":"Contact"},"content":{"rendered":"<p>[et_pb_section fb_built=&#8221;1&#8243; fullwidth=&#8221;on&#8221; _builder_version=&#8221;4.18.0&#8243; _module_preset=&#8221;default&#8221; global_colors_info=&#8221;{}&#8221;][et_pb_fullwidth_image src=&#8221;https:\/\/www.wemupat.de\/wp-content\/uploads\/2023\/04\/WMP-00005-2022_Shooting-Imagebilder-Kloetzchen_Motive_Desktop_05engl-scaled.jpg&#8221; title_text=&#8221;WMP-00005-2022_Shooting Imagebilder Kloetzchen_Motive_Mobile_05engl&#8221; src_tablet=&#8221;https:\/\/www.wemupat.de\/wp-content\/uploads\/2022\/11\/WMP-00005-2022_Shooting-Imagebilder-Kloetzchen_Motive_Desktop_05-scaled.jpg&#8221; src_phone=&#8221;https:\/\/www.wemupat.de\/wp-content\/uploads\/2023\/04\/WMP-00005-2022_Shooting-Imagebilder-Kloetzchen_Motive_Mobile_05engl.jpg&#8221; src_last_edited=&#8221;on|phone&#8221; _builder_version=&#8221;4.18.0&#8243; _module_preset=&#8221;default&#8221; global_colors_info=&#8221;{}&#8221;][\/et_pb_fullwidth_image][\/et_pb_section][et_pb_section fb_built=&#8221;1&#8243; admin_label=&#8221;Ihre Idee in besten H\u00e4nden.&#8221; _builder_version=&#8221;4.18.0&#8243; _module_preset=&#8221;default&#8221; custom_padding=&#8221;50px||39px||false|false&#8221; global_colors_info=&#8221;{}&#8221;][et_pb_row _builder_version=&#8221;4.18.0&#8243; _module_preset=&#8221;default&#8221; global_colors_info=&#8221;{}&#8221;][et_pb_column type=&#8221;4_4&#8243; _builder_version=&#8221;4.18.0&#8243; _module_preset=&#8221;default&#8221; global_colors_info=&#8221;{}&#8221;][et_pb_text _builder_version=&#8221;4.18.0&#8243; _module_preset=&#8221;5c2aa4cd-70f0-473f-8f4e-5a4a7a5c719a&#8221; text_font_size=&#8221;14pt&#8221; header_2_text_align=&#8221;center&#8221; header_2_text_color=&#8221;gcid-caa0fa1e-947b-41fc-b460-32eaeab238fc&#8221; global_colors_info=&#8221;{%22gcid-caa0fa1e-947b-41fc-b460-32eaeab238fc%22:%91%22header_2_text_color%22%93}&#8221;]<\/p>\n<h2 style=\"text-align: center;\">Your idea is in safe hands with us.<\/h2>\n<p>[\/et_pb_text][et_pb_text _builder_version=&#8221;4.18.0&#8243; _module_preset=&#8221;5c2aa4cd-70f0-473f-8f4e-5a4a7a5c719a&#8221; header_2_text_align=&#8221;center&#8221; header_2_text_color=&#8221;gcid-caa0fa1e-947b-41fc-b460-32eaeab238fc&#8221; global_colors_info=&#8221;{%22gcid-caa0fa1e-947b-41fc-b460-32eaeab238fc%22:%91%22header_2_text_color%22%93}&#8221;]<\/p>\n<p style=\"text-align: center;\">Please make an appointment with one of our team members to discuss your individual requirements. A winning combination: your business and our expertise.<\/p>\n<p>[\/et_pb_text][\/et_pb_column][\/et_pb_row][\/et_pb_section][et_pb_section fb_built=&#8221;1&#8243; _builder_version=&#8221;4.18.0&#8243; _module_preset=&#8221;default&#8221; background_color=&#8221;gcid-7f8a273b-6dca-4842-9089-16c9c10088fc&#8221; module_alignment=&#8221;center&#8221; custom_padding=&#8221;60px||59px||false|false&#8221; global_colors_info=&#8221;{%22gcid-7f8a273b-6dca-4842-9089-16c9c10088fc%22:%91%22background_color%22%93}&#8221;][et_pb_row column_structure=&#8221;1_2,1_2&#8243; _builder_version=&#8221;4.18.0&#8243; _module_preset=&#8221;default&#8221; custom_padding=&#8221;||30px||false|false&#8221; global_colors_info=&#8221;{}&#8221;][et_pb_column type=&#8221;1_2&#8243; _builder_version=&#8221;4.18.0&#8243; _module_preset=&#8221;default&#8221; global_colors_info=&#8221;{}&#8221;][et_pb_text _builder_version=&#8221;4.18.0&#8243; _module_preset=&#8221;5c2aa4cd-70f0-473f-8f4e-5a4a7a5c719a&#8221; header_text_color=&#8221;gcid-caa0fa1e-947b-41fc-b460-32eaeab238fc&#8221; header_2_text_color=&#8221;gcid-caa0fa1e-947b-41fc-b460-32eaeab238fc&#8221; global_colors_info=&#8221;{%22gcid-caa0fa1e-947b-41fc-b460-32eaeab238fc%22:%91%22header_text_color%22,%22header_2_text_color%22%93}&#8221;]<\/p>\n<h2>Villlingen-Schwenningen<\/h2>\n<p><strong>Westphal, Mussgnug &amp; Partner,<br \/>Patentanw\u00e4lte mbB<\/strong><br \/>Am Riettor 5<br \/>78048 Villingen-Schwenningen I Germany<br \/><a href=\"tel:0049772188380\">Phone +49 7721 88380<\/a><br \/>Fax +49 7721 883850<\/p>\n<p><a href=\"mailto:mail@wemupat.de\">mail@wemupat.de<\/a><\/p>\n<p>[\/et_pb_text][\/et_pb_column][et_pb_column type=&#8221;1_2&#8243; _builder_version=&#8221;4.18.0&#8243; _module_preset=&#8221;default&#8221; global_colors_info=&#8221;{}&#8221;][et_pb_image src=&#8221;https:\/\/www.wemupat.de\/wp-content\/uploads\/2023\/01\/Maps_Villlingen-Schwenningen.jpg&#8221; title_text=&#8221;Maps_Villlingen-Schwenningen&#8221; url=&#8221;https:\/\/goo.gl\/maps\/76PfNxCY15GKJw5N6&#8243; url_new_window=&#8221;on&#8221; align=&#8221;right&#8221; _builder_version=&#8221;4.18.0&#8243; _module_preset=&#8221;default&#8221; global_colors_info=&#8221;{}&#8221;][\/et_pb_image][\/et_pb_column][\/et_pb_row][et_pb_row _builder_version=&#8221;4.18.0&#8243; _module_preset=&#8221;default&#8221; custom_padding=&#8221;1px|||||&#8221; global_colors_info=&#8221;{}&#8221;][et_pb_column type=&#8221;4_4&#8243; _builder_version=&#8221;4.18.0&#8243; _module_preset=&#8221;default&#8221; global_colors_info=&#8221;{}&#8221;][et_pb_divider color=&#8221;#939393&#8243; _builder_version=&#8221;4.18.0&#8243; _module_preset=&#8221;default&#8221; global_colors_info=&#8221;{}&#8221;][\/et_pb_divider][\/et_pb_column][\/et_pb_row][et_pb_row column_structure=&#8221;1_2,1_2&#8243; _builder_version=&#8221;4.18.0&#8243; _module_preset=&#8221;default&#8221; custom_margin=&#8221;-27px|auto||auto||&#8221; custom_padding=&#8221;2px|||||&#8221; global_colors_info=&#8221;{}&#8221;][et_pb_column type=&#8221;1_2&#8243; _builder_version=&#8221;4.18.0&#8243; _module_preset=&#8221;default&#8221; global_colors_info=&#8221;{}&#8221;][et_pb_text _builder_version=&#8221;4.18.0&#8243; _module_preset=&#8221;5c2aa4cd-70f0-473f-8f4e-5a4a7a5c719a&#8221; header_text_color=&#8221;gcid-caa0fa1e-947b-41fc-b460-32eaeab238fc&#8221; header_2_text_color=&#8221;gcid-caa0fa1e-947b-41fc-b460-32eaeab238fc&#8221; global_colors_info=&#8221;{%22gcid-caa0fa1e-947b-41fc-b460-32eaeab238fc%22:%91%22header_text_color%22,%22header_2_text_color%22%93}&#8221;]<\/p>\n<h2>Munich<\/h2>\n<p><strong>Westphal, Mussgnug &amp; Partner,<br \/>Patentanw\u00e4lte mbB<\/strong><br \/>Werinherstra\u00dfe 79 | bldg. 32B<br \/>81541 Munich I Germany<br \/><a href=\"tel:00498954479280\">Phone +49 89 54479280<\/a><br \/>Fax +49 89 544792830<\/p>\n<p><a href=\"mailto:muc@wemupat.de\">muc@wemupat.de<\/a><\/p>\n<p>[\/et_pb_text][\/et_pb_column][et_pb_column type=&#8221;1_2&#8243; _builder_version=&#8221;4.18.0&#8243; _module_preset=&#8221;default&#8221; global_colors_info=&#8221;{}&#8221;][et_pb_image src=&#8221;https:\/\/www.wemupat.de\/wp-content\/uploads\/2023\/01\/Maps_Muenchen.jpg&#8221; title_text=&#8221;Maps_Muenchen&#8221; url=&#8221;https:\/\/goo.gl\/maps\/jzMSS4wkyRmy9Y2Z8&#8243; url_new_window=&#8221;on&#8221; align=&#8221;right&#8221; _builder_version=&#8221;4.18.0&#8243; _module_preset=&#8221;default&#8221; global_colors_info=&#8221;{}&#8221;][\/et_pb_image][\/et_pb_column][\/et_pb_row][et_pb_row _builder_version=&#8221;4.18.0&#8243; _module_preset=&#8221;default&#8221; custom_padding=&#8221;1px|||||&#8221; global_colors_info=&#8221;{}&#8221; disabled_on=&#8221;on|on|on&#8221; disabled=&#8221;on&#8221;][et_pb_column type=&#8221;4_4&#8243; _builder_version=&#8221;4.18.0&#8243; _module_preset=&#8221;default&#8221; global_colors_info=&#8221;{}&#8221;][et_pb_divider color=&#8221;#939393&#8243; _builder_version=&#8221;4.18.0&#8243; _module_preset=&#8221;default&#8221; global_colors_info=&#8221;{}&#8221;][\/et_pb_divider][\/et_pb_column][\/et_pb_row][et_pb_row column_structure=&#8221;1_2,1_2&#8243; _builder_version=&#8221;4.18.0&#8243; _module_preset=&#8221;default&#8221; custom_margin=&#8221;-23px|auto||auto||&#8221; custom_padding=&#8221;3px|||||&#8221; global_colors_info=&#8221;{}&#8221; disabled_on=&#8221;on|on|on&#8221; disabled=&#8221;on&#8221;][et_pb_column type=&#8221;1_2&#8243; _builder_version=&#8221;4.18.0&#8243; _module_preset=&#8221;default&#8221; global_colors_info=&#8221;{}&#8221;][et_pb_text _builder_version=&#8221;4.18.0&#8243; _module_preset=&#8221;5c2aa4cd-70f0-473f-8f4e-5a4a7a5c719a&#8221; header_text_color=&#8221;gcid-caa0fa1e-947b-41fc-b460-32eaeab238fc&#8221; header_2_text_color=&#8221;gcid-caa0fa1e-947b-41fc-b460-32eaeab238fc&#8221; global_colors_info=&#8221;{%22gcid-caa0fa1e-947b-41fc-b460-32eaeab238fc%22:%91%22header_text_color%22,%22header_2_text_color%22%93}&#8221;]<\/p>\n<h2>Linz<\/h2>\n<p><strong>Westphal, Mussgnug &amp; Partner,<br \/>Patentanw\u00e4lte mbB<\/strong><br \/>Promenade 6<br \/>4020 Linz I Austria<br \/><a href=\"tel:0043732289006\">Phone +43 732 289006<\/a><br \/>Fax +49 89 544792830<\/p>\n<p><a href=\"mailto:mail@wemupat.de\">linz@wemupat.de<\/a><\/p>\n<p>[\/et_pb_text][\/et_pb_column][et_pb_column type=&#8221;1_2&#8243; _builder_version=&#8221;4.18.0&#8243; _module_preset=&#8221;default&#8221; global_colors_info=&#8221;{}&#8221;][et_pb_image src=&#8221;https:\/\/www.wemupat.de\/wp-content\/uploads\/2023\/01\/Maps_Linz.jpg&#8221; title_text=&#8221;Maps_Linz&#8221; url=&#8221;https:\/\/goo.gl\/maps\/GK5kVoJhKgkuYtUm7&#8243; url_new_window=&#8221;on&#8221; align=&#8221;right&#8221; _builder_version=&#8221;4.18.0&#8243; _module_preset=&#8221;default&#8221; global_colors_info=&#8221;{}&#8221;][\/et_pb_image][\/et_pb_column][\/et_pb_row][\/et_pb_section][et_pb_section fb_built=&#8221;1&#8243; _builder_version=&#8221;4.18.0&#8243; _module_preset=&#8221;default&#8221; custom_padding=&#8221;80px||80px||false|false&#8221; global_colors_info=&#8221;{}&#8221;][et_pb_row _builder_version=&#8221;4.18.0&#8243; _module_preset=&#8221;default&#8221; global_colors_info=&#8221;{}&#8221;][et_pb_column type=&#8221;4_4&#8243; _builder_version=&#8221;4.18.0&#8243; _module_preset=&#8221;default&#8221; global_colors_info=&#8221;{}&#8221;][et_pb_text _builder_version=&#8221;4.18.0&#8243; _module_preset=&#8221;5c2aa4cd-70f0-473f-8f4e-5a4a7a5c719a&#8221; header_2_text_color=&#8221;gcid-caa0fa1e-947b-41fc-b460-32eaeab238fc&#8221; global_colors_info=&#8221;{%22gcid-caa0fa1e-947b-41fc-b460-32eaeab238fc%22:%91%22header_2_text_color%22%93}&#8221;]<\/p>\n<h2>Security and trust right from the beginning.<\/h2>\n<p>[\/et_pb_text][et_pb_text _builder_version=&#8221;4.18.0&#8243; _module_preset=&#8221;5c2aa4cd-70f0-473f-8f4e-5a4a7a5c719a&#8221; header_2_text_color=&#8221;gcid-caa0fa1e-947b-41fc-b460-32eaeab238fc&#8221; global_colors_info=&#8221;{%22gcid-caa0fa1e-947b-41fc-b460-32eaeab238fc%22:%91%22header_2_text_color%22%93}&#8221;]<\/p>\n<p>We offer encrypted e-mail communication via S\/MIME, which is supported by most e-mail clients (e.g. Outlook, Thunderbird, Apple Mail).<\/p>\n<p>You can find our root certificate here: <a href=\"https:\/\/www.wemupat.de\/wp-content\/uploads\/2022\/12\/wemupat-CA_cert.zip\">(+ Downloadlink)<\/a><br \/>The SSH1 fingerprint of our rot certificate is:<br \/>79:71:9E:8F:AB:47:55:1D:85:E3:0F:E1:12:1B:30:CE:A3:D4:D9:11<\/p>\n<p>The S\/MIME certificate for muc@wemupat.de can be found here: <a href=\"https:\/\/www.wemupat.de\/wp-content\/uploads\/2022\/12\/muc@wemupat.de-cert.zip\">(+ Downloadlink)<\/a><br \/>(SSH1-Fingerprint: 5A:CD:6A:BC:5D:FF:50:36:93:EB:19:EB:5B:CF:C1:BB:20:35:2E:FC)<\/p>\n<p>Alternatively, emails may also be sent using PGP encryption. <br \/>The PGP key for muc@wemupat.de can be found here: <a href=\"https:\/\/www.wemupat.de\/muc@wemupat.de_2271074897031800.asc\">(+ Downloadlink)<\/a><br \/>(Fingerprint: 27D6 3949 E66A 397F 5B6F D50B B505 30C4 B5FC DA94)<\/p>\n<p>[\/et_pb_text][\/et_pb_column][\/et_pb_row][\/et_pb_section]<\/p>\n","protected":false},"excerpt":{"rendered":"<p>Your idea is in safe hands with us.Please make an appointment with one of our team members to discuss your individual requirements. A winning combination: your business and our expertise.Villlingen-Schwenningen Westphal, Mussgnug &amp; Partner,Patentanw\u00e4lte mbBAm Riettor 578048 Villingen-Schwenningen I GermanyPhone +49 7721 88380Fax +49 7721 883850 mail@wemupat.deMunich Westphal, Mussgnug &amp; Partner,Patentanw\u00e4lte mbBWerinherstra\u00dfe 79 | bldg. [&hellip;]<\/p>\n","protected":false},"author":1,"featured_media":0,"parent":0,"menu_order":0,"comment_status":"closed","ping_status":"closed","template":"","meta":{"_et_pb_use_builder":"on","_et_pb_old_content":"<p>[et_pb_section fb_built=\"1\" fullwidth=\"on\" _builder_version=\"4.18.0\" _module_preset=\"default\" global_colors_info=\"{}\"][et_pb_fullwidth_image src=\"https:\/\/www.wemupat.de\/wp-content\/uploads\/2022\/11\/WMP-00005-2022_Shooting-Imagebilder-Kloetzchen_Motive_Desktop_05-scaled.jpg\" title_text=\"WMP-00005-2022_Shooting Imagebilder Kloetzchen_Motive_Mobile_05\" src_tablet=\"https:\/\/www.wemupat.de\/wp-content\/uploads\/2022\/11\/WMP-00005-2022_Shooting-Imagebilder-Kloetzchen_Motive_Desktop_05-scaled.jpg\" src_phone=\"https:\/\/www.wemupat.de\/wp-content\/uploads\/2022\/11\/WMP-00005-2022_Shooting-Imagebilder-Kloetzchen_Motive_Mobile_05.jpg\" src_last_edited=\"on|phone\" _builder_version=\"4.18.0\" _module_preset=\"default\" global_colors_info=\"{}\"][\/et_pb_fullwidth_image][\/et_pb_section][et_pb_section fb_built=\"1\" admin_label=\"Ihre Idee in besten H\u00e4nden.\" _builder_version=\"4.18.0\" _module_preset=\"default\" custom_padding=\"50px||39px||false|false\" global_colors_info=\"{}\"][et_pb_row _builder_version=\"4.18.0\" _module_preset=\"default\" global_colors_info=\"{}\"][et_pb_column type=\"4_4\" _builder_version=\"4.18.0\" _module_preset=\"default\" global_colors_info=\"{}\"][et_pb_text _builder_version=\"4.18.0\" _module_preset=\"5c2aa4cd-70f0-473f-8f4e-5a4a7a5c719a\" text_font_size=\"14pt\" header_2_text_align=\"center\" header_2_text_color=\"gcid-caa0fa1e-947b-41fc-b460-32eaeab238fc\" global_colors_info=\"{%22gcid-caa0fa1e-947b-41fc-b460-32eaeab238fc%22:%91%22header_2_text_color%22%93}\"]<\/p><h2 style=\"text-align: center;\">Ihre Idee in besten H\u00e4nden.<\/h2><p>[\/et_pb_text][et_pb_text _builder_version=\"4.18.0\" _module_preset=\"5c2aa4cd-70f0-473f-8f4e-5a4a7a5c719a\" header_2_text_align=\"center\" header_2_text_color=\"gcid-caa0fa1e-947b-41fc-b460-32eaeab238fc\" global_colors_info=\"{%22gcid-caa0fa1e-947b-41fc-b460-32eaeab238fc%22:%91%22header_2_text_color%22%93}\"]<\/p><p style=\"text-align: center;\">Vereinbaren Sie gerne einen Termin mit uns, damit wir mehr \u00fcber Ihre Unternehmensanforderungen erfahren k\u00f6nnen. Ihre Unternehmung, unsere Kompetenz \u2013 f\u00fcr Ihren Erfolg.<\/p><p>[\/et_pb_text][\/et_pb_column][\/et_pb_row][\/et_pb_section][et_pb_section fb_built=\"1\" _builder_version=\"4.18.0\" _module_preset=\"default\" background_color=\"gcid-7f8a273b-6dca-4842-9089-16c9c10088fc\" module_alignment=\"center\" custom_padding=\"60px||59px||false|false\" global_colors_info=\"{%22gcid-7f8a273b-6dca-4842-9089-16c9c10088fc%22:%91%22background_color%22%93}\"][et_pb_row column_structure=\"1_2,1_2\" _builder_version=\"4.18.0\" _module_preset=\"default\" custom_padding=\"||30px||false|false\" global_colors_info=\"{}\"][et_pb_column type=\"1_2\" _builder_version=\"4.18.0\" _module_preset=\"default\" global_colors_info=\"{}\"][et_pb_text _builder_version=\"4.18.0\" _module_preset=\"5c2aa4cd-70f0-473f-8f4e-5a4a7a5c719a\" header_text_color=\"gcid-caa0fa1e-947b-41fc-b460-32eaeab238fc\" header_2_text_color=\"gcid-caa0fa1e-947b-41fc-b460-32eaeab238fc\" global_colors_info=\"{%22gcid-caa0fa1e-947b-41fc-b460-32eaeab238fc%22:%91%22header_text_color%22,%22header_2_text_color%22%93}\"]<\/p><h2>Villlingen-Schwenningen<\/h2><p><strong>Westphal, Mussgnug & Partner,<br \/>Patentanw\u00e4lte m.b.B.<\/strong><br \/>Am Riettor 5<br \/>78048 Villingen-Schwenningen I Germany<br \/><a href=\"tel:0049772188380\">Telefon +49 7721 88380<\/a><br \/>Telefax +49 7721 883850<\/p><p><a href=\"mailto:mail@wemupat.de\">mail@wemupat.de<\/a><\/p><p>[\/et_pb_text][\/et_pb_column][et_pb_column type=\"1_2\" _builder_version=\"4.18.0\" _module_preset=\"default\" global_colors_info=\"{}\"][et_pb_image src=\"https:\/\/www.wemupat.de\/wp-content\/uploads\/2023\/01\/Maps_Villlingen-Schwenningen.jpg\" title_text=\"Maps_Villlingen-Schwenningen\" url=\"https:\/\/goo.gl\/maps\/76PfNxCY15GKJw5N6\" url_new_window=\"on\" align=\"right\" _builder_version=\"4.18.0\" _module_preset=\"default\" global_colors_info=\"{}\"][\/et_pb_image][\/et_pb_column][\/et_pb_row][et_pb_row _builder_version=\"4.18.0\" _module_preset=\"default\" custom_padding=\"1px|||||\" global_colors_info=\"{}\"][et_pb_column type=\"4_4\" _builder_version=\"4.18.0\" _module_preset=\"default\" global_colors_info=\"{}\"][et_pb_divider color=\"#939393\" _builder_version=\"4.18.0\" _module_preset=\"default\" global_colors_info=\"{}\"][\/et_pb_divider][\/et_pb_column][\/et_pb_row][et_pb_row column_structure=\"1_2,1_2\" _builder_version=\"4.18.0\" _module_preset=\"default\" custom_margin=\"-27px|auto||auto||\" custom_padding=\"2px|||||\" global_colors_info=\"{}\"][et_pb_column type=\"1_2\" _builder_version=\"4.18.0\" _module_preset=\"default\" global_colors_info=\"{}\"][et_pb_text _builder_version=\"4.18.0\" _module_preset=\"5c2aa4cd-70f0-473f-8f4e-5a4a7a5c719a\" header_text_color=\"gcid-caa0fa1e-947b-41fc-b460-32eaeab238fc\" header_2_text_color=\"gcid-caa0fa1e-947b-41fc-b460-32eaeab238fc\" global_colors_info=\"{%22gcid-caa0fa1e-947b-41fc-b460-32eaeab238fc%22:%91%22header_text_color%22,%22header_2_text_color%22%93}\"]<\/p><h2>M\u00fcnchen<\/h2><p><strong>Westphal, Mussgnug & Partner,<br \/>Patentanw\u00e4lte m.b.B.<\/strong><br \/>Werinherstra\u00dfe 79 | Geb\u00e4ude 32B<br \/>81541 M\u00fcnchen I Germany<br \/><a href=\"tel:00498954479280\">Telefon +49 89 54479280<\/a><br \/>Telefax +49 89 544792830<\/p><p><a href=\"mailto:muc@wemupat.de\">muc@wemupat.de<\/a><\/p><p>[\/et_pb_text][\/et_pb_column][et_pb_column type=\"1_2\" _builder_version=\"4.18.0\" _module_preset=\"default\" global_colors_info=\"{}\"][et_pb_image src=\"https:\/\/www.wemupat.de\/wp-content\/uploads\/2023\/01\/Maps_Muenchen.jpg\" title_text=\"Maps_Muenchen\" url=\"https:\/\/goo.gl\/maps\/jzMSS4wkyRmy9Y2Z8\" url_new_window=\"on\" align=\"right\" _builder_version=\"4.18.0\" _module_preset=\"default\" global_colors_info=\"{}\"][\/et_pb_image][\/et_pb_column][\/et_pb_row][et_pb_row _builder_version=\"4.18.0\" _module_preset=\"default\" custom_padding=\"1px|||||\" global_colors_info=\"{}\"][et_pb_column type=\"4_4\" _builder_version=\"4.18.0\" _module_preset=\"default\" global_colors_info=\"{}\"][et_pb_divider color=\"#939393\" _builder_version=\"4.18.0\" _module_preset=\"default\" global_colors_info=\"{}\"][\/et_pb_divider][\/et_pb_column][\/et_pb_row][et_pb_row column_structure=\"1_2,1_2\" _builder_version=\"4.18.0\" _module_preset=\"default\" custom_margin=\"-23px|auto||auto||\" custom_padding=\"3px|||||\" global_colors_info=\"{}\"][et_pb_column type=\"1_2\" _builder_version=\"4.18.0\" _module_preset=\"default\" global_colors_info=\"{}\"][et_pb_text _builder_version=\"4.18.0\" _module_preset=\"5c2aa4cd-70f0-473f-8f4e-5a4a7a5c719a\" header_text_color=\"gcid-caa0fa1e-947b-41fc-b460-32eaeab238fc\" header_2_text_color=\"gcid-caa0fa1e-947b-41fc-b460-32eaeab238fc\" global_colors_info=\"{%22gcid-caa0fa1e-947b-41fc-b460-32eaeab238fc%22:%91%22header_text_color%22,%22header_2_text_color%22%93}\"]<\/p><h2>Linz<\/h2><p><strong>Westphal, Mussgnug & Partner,<br \/>Patentanw\u00e4lte m.b.B.<\/strong><br \/>Promenade 6<br \/>4020 Linz I Austria<br \/><a href=\"tel:0043732289006\">Telefon +43 732 289006<\/a><br \/>Telefax +49 89 544792830<\/p><p><a href=\"mailto:mail@wemupat.de\">linz@wemupat.de<\/a><\/p><p>[\/et_pb_text][\/et_pb_column][et_pb_column type=\"1_2\" _builder_version=\"4.18.0\" _module_preset=\"default\" global_colors_info=\"{}\"][et_pb_image src=\"https:\/\/www.wemupat.de\/wp-content\/uploads\/2023\/01\/Maps_Linz.jpg\" title_text=\"Maps_Linz\" url=\"https:\/\/goo.gl\/maps\/GK5kVoJhKgkuYtUm7\" url_new_window=\"on\" align=\"right\" _builder_version=\"4.18.0\" _module_preset=\"default\" global_colors_info=\"{}\"][\/et_pb_image][\/et_pb_column][\/et_pb_row][\/et_pb_section][et_pb_section fb_built=\"1\" _builder_version=\"4.18.0\" _module_preset=\"default\" custom_padding=\"80px||80px||false|false\" global_colors_info=\"{}\"][et_pb_row _builder_version=\"4.18.0\" _module_preset=\"default\" global_colors_info=\"{}\"][et_pb_column type=\"4_4\" _builder_version=\"4.18.0\" _module_preset=\"default\" global_colors_info=\"{}\"][et_pb_text _builder_version=\"4.18.0\" _module_preset=\"5c2aa4cd-70f0-473f-8f4e-5a4a7a5c719a\" header_2_text_color=\"gcid-caa0fa1e-947b-41fc-b460-32eaeab238fc\" global_colors_info=\"{%22gcid-caa0fa1e-947b-41fc-b460-32eaeab238fc%22:%91%22header_2_text_color%22%93}\"]<\/p><h2>Sicherheit und Vertrauen von Anfang an.<\/h2><p>[\/et_pb_text][et_pb_text _builder_version=\"4.18.0\" _module_preset=\"5c2aa4cd-70f0-473f-8f4e-5a4a7a5c719a\" header_2_text_color=\"gcid-caa0fa1e-947b-41fc-b460-32eaeab238fc\" global_colors_info=\"{%22gcid-caa0fa1e-947b-41fc-b460-32eaeab238fc%22:%91%22header_2_text_color%22%93}\"]<\/p><p>Wir bieten Ihnen eine verschl\u00fcsselte E-Mail-Kommunikation via S\/MIME an, die von den meisten E-Mail-Clients (Outlook, Thunderbird, Apple Mail) standardm\u00e4\u00dfig unterst\u00fctzt wird.<\/p><p>Unser Stammzertifikat finden Sie hier: <a href=\"https:\/\/www.wemupat.de\/wp-content\/uploads\/2022\/12\/wemupat-CA_cert.zip\">(+ Downloadlink)<\/a><br \/>Der SSH1-Fingerprint des Stammzertifikats ist:<br \/>79:71:9E:8F:AB:47:55:1D:85:E3:0F:E1:12:1B:30:CE:A3:D4:D9:11<\/p><p>Das S\/MIME-Zertifikat f\u00fcr muc@wemupat.de finden Sie hier: <a href=\"https:\/\/www.wemupat.de\/wp-content\/uploads\/2022\/12\/muc@wemupat.de-cert.zip\">(+ Downloadlink)<\/a><br \/>(SSH1-Fingerprint: 5A:CD:6A:BC:5D:FF:50:36:93:EB:19:EB:5B:CF:C1:BB:20:35:2E:FC)<\/p><p>Alternativ steht Ihnen auch PGP-Verschl\u00fcsselung von E-Mails zur Verf\u00fcgung. Den PGP-Schl\u00fcssel<br \/>f\u00fcr muc@wemupat.de finden Sie hier: <a href=\"https:\/\/www.wemupat.de\/muc@wemupat.de_2271074897031800.asc\">(+ Downloadlink)<\/a><br \/>(Fingerprint: 27D6 3949 E66A 397F 5B6F D50B B505 30C4 B5FC DA94)<\/p><p>[\/et_pb_text][\/et_pb_column][\/et_pb_row][\/et_pb_section]<\/p>","_et_gb_content_width":"","footnotes":""},"class_list":["post-2065","page","type-page","status-publish","hentry"],"_links":{"self":[{"href":"https:\/\/www.wemupat.de\/en\/wp-json\/wp\/v2\/pages\/2065","targetHints":{"allow":["GET"]}}],"collection":[{"href":"https:\/\/www.wemupat.de\/en\/wp-json\/wp\/v2\/pages"}],"about":[{"href":"https:\/\/www.wemupat.de\/en\/wp-json\/wp\/v2\/types\/page"}],"author":[{"embeddable":true,"href":"https:\/\/www.wemupat.de\/en\/wp-json\/wp\/v2\/users\/1"}],"replies":[{"embeddable":true,"href":"https:\/\/www.wemupat.de\/en\/wp-json\/wp\/v2\/comments?post=2065"}],"version-history":[{"count":9,"href":"https:\/\/www.wemupat.de\/en\/wp-json\/wp\/v2\/pages\/2065\/revisions"}],"predecessor-version":[{"id":2655,"href":"https:\/\/www.wemupat.de\/en\/wp-json\/wp\/v2\/pages\/2065\/revisions\/2655"}],"wp:attachment":[{"href":"https:\/\/www.wemupat.de\/en\/wp-json\/wp\/v2\/media?parent=2065"}],"curies":[{"name":"wp","href":"https:\/\/api.w.org\/{rel}","templated":true}]}}