{"id":2175,"date":"2022-11-10T16:18:31","date_gmt":"2022-11-10T15:18:31","guid":{"rendered":"https:\/\/www.wemupat.de\/?page_id=2175"},"modified":"2023-04-24T12:47:37","modified_gmt":"2023-04-24T10:47:37","slug":"stephanie-modrow-phd","status":"publish","type":"page","link":"https:\/\/www.wemupat.de\/en\/team\/stephanie-modrow-phd\/","title":{"rendered":"Stephanie Modrow, PhD"},"content":{"rendered":"<p>[et_pb_section fb_built=&#8221;1&#8243; _builder_version=&#8221;4.18.0&#8243; _module_preset=&#8221;default&#8221; custom_padding=&#8221;80px||40px||false|false&#8221; global_colors_info=&#8221;{}&#8221;][et_pb_row column_structure=&#8221;2_5,3_5&#8243; _builder_version=&#8221;4.18.0&#8243; _module_preset=&#8221;default&#8221; global_colors_info=&#8221;{}&#8221;][et_pb_column type=&#8221;2_5&#8243; _builder_version=&#8221;4.18.0&#8243; _module_preset=&#8221;default&#8221; global_colors_info=&#8221;{}&#8221;][et_pb_image src=&#8221;https:\/\/www.wemupat.de\/wp-content\/uploads\/2023\/03\/Stephanie-Modrow-emotion.jpg&#8221; title_text=&#8221;Stephanie-Modrow-emotion&#8221; disabled_on=&#8221;off|off|on&#8221; _builder_version=&#8221;4.18.0&#8243; _module_preset=&#8221;default&#8221; global_colors_info=&#8221;{}&#8221;][\/et_pb_image][et_pb_text _builder_version=&#8221;4.18.0&#8243; _module_preset=&#8221;dd9a8bf9-9358-45f9-ac4d-6c63ee5c3857&#8243; header_text_color=&#8221;gcid-caa0fa1e-947b-41fc-b460-32eaeab238fc&#8221; header_line_height=&#8221;1em&#8221; hover_enabled=&#8221;0&#8243; header_line_height_tablet=&#8221;&#8221; header_line_height_phone=&#8221;&#8221; header_line_height_last_edited=&#8221;on|phone&#8221; global_colors_info=&#8221;{%22gcid-caa0fa1e-947b-41fc-b460-32eaeab238fc%22:%91%22header_text_color%22%93}&#8221; sticky_enabled=&#8221;0&#8243;]<\/p>\n<h1>Dr. rer. nat. Stephanie Modrow<\/h1>\n<p><strong>Dipl.-Phys.<span>\u00a0<\/span><span class=\"wpwd-seperator\">I<\/span><span>\u00a0<\/span>Patent Attorney <span class=\"wpwd-seperator\">I<\/span> Partner<\/strong><\/p>\n<p style=\"text-align: left;\">provides legal advice in relation to application and grant procedures as well as in infringement and invalidity proceedings. Her technical focus is on medical technology and mechanics. She assists in the application and registration procedures under trademark law and also handles opposition and cancellation proceedings.<\/p>\n<p><a href=\"tel:0049772188380\">Phone +49 7721 88380<\/a><br \/>Fax +49 7721 883850<br \/><a href=\"mailto:+mail@wemupat.de\">mail@wemupat.de<\/a><\/p>\n<p>[\/et_pb_text][et_pb_text disabled_on=&#8221;on|on|on&#8221; _builder_version=&#8221;4.18.0&#8243; _module_preset=&#8221;5c2aa4cd-70f0-473f-8f4e-5a4a7a5c719a&#8221; custom_padding=&#8221;||0px|||&#8221; disabled=&#8221;on&#8221; global_colors_info=&#8221;{}&#8221;]<a href=\"mailto:+mail@wemupat.de\">mail@wemupat.de <\/a><br \/>\n+vCard<br \/>\n[\/et_pb_text][\/et_pb_column][et_pb_column type=&#8221;3_5&#8243; _builder_version=&#8221;4.18.0&#8243; _module_preset=&#8221;default&#8221; global_colors_info=&#8221;{}&#8221;][et_pb_image src=&#8221;https:\/\/www.wemupat.de\/wp-content\/uploads\/2023\/03\/Stephanie-Modrow-emotion.jpg&#8221; title_text=&#8221;Stephanie-Modrow-emotion&#8221; disabled_on=&#8221;on|on|off&#8221; _builder_version=&#8221;4.18.0&#8243; _module_preset=&#8221;default&#8221; global_colors_info=&#8221;{}&#8221;][\/et_pb_image][\/et_pb_column][\/et_pb_row][\/et_pb_section][et_pb_section fb_built=&#8221;1&#8243; _builder_version=&#8221;4.18.0&#8243; _module_preset=&#8221;default&#8221; background_color=&#8221;gcid-7f8a273b-6dca-4842-9089-16c9c10088fc&#8221; custom_padding=&#8221;39px||80px||false|false&#8221; global_colors_info=&#8221;{%22gcid-7f8a273b-6dca-4842-9089-16c9c10088fc%22:%91%22background_color%22%93}&#8221;][et_pb_row column_structure=&#8221;1_2,1_2&#8243; _builder_version=&#8221;4.18.0&#8243; _module_preset=&#8221;default&#8221; global_colors_info=&#8221;{}&#8221;][et_pb_column type=&#8221;1_2&#8243; _builder_version=&#8221;4.18.0&#8243; _module_preset=&#8221;default&#8221; global_colors_info=&#8221;{}&#8221;][et_pb_text _builder_version=&#8221;4.18.0&#8243; _module_preset=&#8221;5c2aa4cd-70f0-473f-8f4e-5a4a7a5c719a&#8221; global_colors_info=&#8221;{}&#8221;]<\/p>\n<p><b>Qualification:<\/b><\/p>\n<ul>\n<li>German Patent Attorney<\/li>\n<li>European Patent Attorney<\/li>\n<li>European Trademark and Design Attorney<\/li>\n<li>Engineering degree (university)<\/li>\n<\/ul>\n<p><b>Focus areas:<\/b><\/p>\n<ul>\n<li>Application and grant procedures<\/li>\n<li>Validity and infringement proceedings<\/li>\n<li>Opposition and cancellation procedures<\/li>\n<\/ul>\n<p><b>Technical focus:<\/b><\/p>\n<ul>\n<li>Medical technology and mechanics<\/li>\n<\/ul>\n<p>&nbsp;<\/p>\n<p>[\/et_pb_text][\/et_pb_column][et_pb_column type=&#8221;1_2&#8243; _builder_version=&#8221;4.18.0&#8243; _module_preset=&#8221;default&#8221; global_colors_info=&#8221;{}&#8221;][et_pb_toggle title=&#8221;Career path and professional experience&#8221; _builder_version=&#8221;4.18.0&#8243; _module_preset=&#8221;f6d010e6-bb4c-43d1-b242-117cfa53a915&#8243; global_colors_info=&#8221;{%22gcid-caa0fa1e-947b-41fc-b460-32eaeab238fc%22:%91%22open_toggle_background_color%22%93}&#8221;]<\/p>\n<ul>\n<li>Graduated with a degree in physics at the Rhenish Friedrich-Wilhelms-University in Bonn, with majors in materials science and chemical physics<\/li>\n<li>Research assistant at the Rhenish Friedrich-Wilhelms-University in Bonn<\/li>\n<li>Research assistant at the Center for Advanced Microstructures and Devices at Louisiana State University in Baton Rouge, USA<\/li>\n<li>Doctoral thesis in the field of nanotechnology<\/li>\n<li>Patent attorney training <br \/>&#8211; at Westphal, Mussgnug &amp; Partner,<br \/>&#8211; at the Patent Dispute Chamber of the District Court of Mannheim,<br \/>&#8211; at the German Patent and Trademark Office,<br \/>&#8211; at the Federal Patent Court<\/li>\n<li>Studied \u201cLaw for patent attorneys\u201d at the Hagen Distance Learning University<\/li>\n<\/ul>\n<p>[\/et_pb_toggle][et_pb_toggle title=&#8221;Memberships&#8221; _builder_version=&#8221;4.18.0&#8243; _module_preset=&#8221;f6d010e6-bb4c-43d1-b242-117cfa53a915&#8243; global_colors_info=&#8221;{%22gcid-caa0fa1e-947b-41fc-b460-32eaeab238fc%22:%91%22open_toggle_background_color%22%93}&#8221;]<\/p>\n<ul>\n<li>German Chamber of Patent Attorneys (PAK)<\/li>\n<li>Institute of Professional Representatives at the European Patent Office (EPI)<\/li>\n<li>International Federation of Patent Attorneys (FICPI)<\/li>\n<li>German Association for Intellectual Property and Copyright (GRUR)<\/li>\n<li>International Association for the Protection of Industrial Property (AIPPI)<\/li>\n<li>Federal Association of German Patent Attorneys (BDP)<\/li>\n<\/ul>\n<p>[\/et_pb_toggle][\/et_pb_column][\/et_pb_row][\/et_pb_section]<\/p>\n","protected":false},"excerpt":{"rendered":"<p>Dr. rer. nat. Stephanie Modrow Dipl.-Phys.\u00a0I\u00a0Patent Attorney I Partner provides legal advice in relation to application and grant procedures as well as in infringement and invalidity proceedings. Her technical focus is on medical technology and mechanics. She assists in the application and registration procedures under trademark law and also handles opposition and cancellation proceedings. Phone [&hellip;]<\/p>\n","protected":false},"author":1,"featured_media":0,"parent":2047,"menu_order":0,"comment_status":"closed","ping_status":"closed","template":"","meta":{"_et_pb_use_builder":"on","_et_pb_old_content":"<p>[et_pb_section fb_built=\"1\" _builder_version=\"4.18.0\" _module_preset=\"default\" custom_padding=\"80px||40px||false|false\" global_colors_info=\"{}\"][et_pb_row column_structure=\"2_5,3_5\" _builder_version=\"4.18.0\" _module_preset=\"default\" global_colors_info=\"{}\"][et_pb_column type=\"2_5\" _builder_version=\"4.18.0\" _module_preset=\"default\" global_colors_info=\"{}\"][et_pb_image src=\"https:\/\/www.wemupat.de\/wp-content\/uploads\/2023\/03\/Stephanie-Modrow-emotion.jpg\" title_text=\"Stephanie-Modrow-emotion\" disabled_on=\"off|off|on\" _builder_version=\"4.18.0\" _module_preset=\"default\" global_colors_info=\"{}\"][\/et_pb_image][et_pb_text _builder_version=\"4.18.0\" _module_preset=\"dd9a8bf9-9358-45f9-ac4d-6c63ee5c3857\" header_text_color=\"gcid-caa0fa1e-947b-41fc-b460-32eaeab238fc\" header_line_height=\"1em\" header_line_height_tablet=\"\" header_line_height_phone=\"\" header_line_height_last_edited=\"on|phone\" global_colors_info=\"{%22gcid-caa0fa1e-947b-41fc-b460-32eaeab238fc%22:%91%22header_text_color%22%93}\"]<\/p><h1>Dr. rer. nat. Stephanie Modrow<\/h1><p><strong>Dipl.-Phys. <span class=\"wpwd-seperator\">I<\/span> Patentanw\u00e4ltin <span class=\"wpwd-seperator\">I<\/span> Partner<\/strong><\/p><p style=\"text-align: left;\">ist patentrechtlich sowohl bei Anmelde- und Erteilungsverfahren als auch bei Verletzungs- und Rechtsbestandsverfahren t\u00e4tig. Ihre technischen Schwerpunkte liegen im Bereich der Medizintechnik und Mechanik. Im Markenrecht betreut sie neben Anmelde- und Eintragungsverfahren auch Widerspruchs- und L\u00f6schungsverfahren.<\/p><p><a href=\"tel:0049772188380\">Telefon +49 7721 88380<\/a><br \/>Telefax +49 7721 883850<br \/><a href=\"mailto:+mail@wemupat.de\">mail@wemupat.de<\/a><\/p><p>[\/et_pb_text][et_pb_text disabled_on=\"on|on|on\" _builder_version=\"4.18.0\" _module_preset=\"5c2aa4cd-70f0-473f-8f4e-5a4a7a5c719a\" custom_padding=\"||0px|||\" disabled=\"on\" global_colors_info=\"{}\"]<\/p><p><a href=\"mailto:+mail@wemupat.de\">mail@wemupat.de <\/a><br \/>+vCard<\/p><p>[\/et_pb_text][\/et_pb_column][et_pb_column type=\"3_5\" _builder_version=\"4.18.0\" _module_preset=\"default\" global_colors_info=\"{}\"][et_pb_image src=\"https:\/\/www.wemupat.de\/wp-content\/uploads\/2023\/03\/Stephanie-Modrow-emotion.jpg\" title_text=\"Stephanie-Modrow-emotion\" disabled_on=\"on|on|off\" _builder_version=\"4.18.0\" _module_preset=\"default\" global_colors_info=\"{}\"][\/et_pb_image][\/et_pb_column][\/et_pb_row][\/et_pb_section][et_pb_section fb_built=\"1\" _builder_version=\"4.18.0\" _module_preset=\"default\" background_color=\"gcid-7f8a273b-6dca-4842-9089-16c9c10088fc\" custom_padding=\"39px||80px||false|false\" global_colors_info=\"{%22gcid-7f8a273b-6dca-4842-9089-16c9c10088fc%22:%91%22background_color%22%93}\"][et_pb_row column_structure=\"1_2,1_2\" _builder_version=\"4.18.0\" _module_preset=\"default\" global_colors_info=\"{}\"][et_pb_column type=\"1_2\" _builder_version=\"4.18.0\" _module_preset=\"default\" global_colors_info=\"{}\"][et_pb_text _builder_version=\"4.18.0\" _module_preset=\"5c2aa4cd-70f0-473f-8f4e-5a4a7a5c719a\" global_colors_info=\"{}\"]<\/p><p><b>Qualifikation:<\/b><\/p><ul><li>Deutscher Patentanwalt<\/li><li>European Patent Attorney<\/li><li>European Trademark and Design Attorney<\/li><li>Dipl.-Phys.<\/li><\/ul><p><b>Schwerpunkte:<\/b><\/p><ul><li>Anmelde- und Erteilungsverfahren<\/li><li>Rechtsbestands- und Verletzungsverfahren<\/li><li>Widerspruchs- und L\u00f6schungsverfahren<\/li><\/ul><p><b>Technischer Schwerpunkt:<\/b><\/p><ul><li>Medizintechnik und Mechanik<\/li><\/ul><p>\u00a0<\/p><p>[\/et_pb_text][\/et_pb_column][et_pb_column type=\"1_2\" _builder_version=\"4.18.0\" _module_preset=\"default\" global_colors_info=\"{}\"][et_pb_toggle title=\"Werdegang und Berufserfahrung\" _builder_version=\"4.18.0\" _module_preset=\"f6d010e6-bb4c-43d1-b242-117cfa53a915\" global_colors_info=\"{%22gcid-caa0fa1e-947b-41fc-b460-32eaeab238fc%22:%91%22open_toggle_background_color%22%93}\"]<\/p><ul><li>Studium zur Diplom-Physikerin an der Rheinischen Friedrich-Wilhelms-Universit\u00e4t Bonn mit den Schwerpunkten Materialwissenschaft und chemische Physik<\/li><li>wissenschaftliche Mitarbeiterin an der Rheinischen Friedrich-Wilhelms-Universit\u00e4t Bonn<\/li><li>Research Associate am Center for Advanced Microstructures and Devices an der Louisiana State University, Baton Rouge, USA<\/li><li>Dissertation auf dem Gebiet der Nanotechnologie<\/li><li>patentrechtliche Ausbildung <br \/>- bei Westphal, Mussgnug & Partner<br \/>- bei der Patentstreitkammer des Landgerichts Mannheim<br \/>- beim Deutschen Patent- und Markenamt <br \/>- beim Bundespatentgericht<\/li><li>Studium an der FernUniversit\u00e4t Hagen im Fach \u201eRecht f\u00fcr Patentanw\u00e4ltinnen und Patentanw\u00e4lte\u201c<\/li><\/ul><p>[\/et_pb_toggle][et_pb_toggle title=\"Mitgliedschaften\" _builder_version=\"4.18.0\" _module_preset=\"f6d010e6-bb4c-43d1-b242-117cfa53a915\" global_colors_info=\"{%22gcid-caa0fa1e-947b-41fc-b460-32eaeab238fc%22:%91%22open_toggle_background_color%22%93}\"]<\/p><ul><li>Patentanwaltskammer (PAK)<\/li><li>Institut der beim Europ\u00e4ischen Patentamt zugelassenen Vertreter (EPI)<\/li><li>Internationale F\u00f6deration von Patentanw\u00e4lten (FICPI)<\/li><li>Deutsche Vereinigung f\u00fcr gewerblichen Rechtsschutz und Urheberrecht (GRUR)<\/li><li>Internationale Vereinigung f\u00fcr gewerblichen Rechtsschutz (AIPPI)<\/li><li>Bundesverband Deutscher Patentanw\u00e4lte (BDP)<\/li><\/ul><p>[\/et_pb_toggle][\/et_pb_column][\/et_pb_row][\/et_pb_section]<\/p>","_et_gb_content_width":"","footnotes":""},"class_list":["post-2175","page","type-page","status-publish","hentry"],"_links":{"self":[{"href":"https:\/\/www.wemupat.de\/en\/wp-json\/wp\/v2\/pages\/2175","targetHints":{"allow":["GET"]}}],"collection":[{"href":"https:\/\/www.wemupat.de\/en\/wp-json\/wp\/v2\/pages"}],"about":[{"href":"https:\/\/www.wemupat.de\/en\/wp-json\/wp\/v2\/types\/page"}],"author":[{"embeddable":true,"href":"https:\/\/www.wemupat.de\/en\/wp-json\/wp\/v2\/users\/1"}],"replies":[{"embeddable":true,"href":"https:\/\/www.wemupat.de\/en\/wp-json\/wp\/v2\/comments?post=2175"}],"version-history":[{"count":5,"href":"https:\/\/www.wemupat.de\/en\/wp-json\/wp\/v2\/pages\/2175\/revisions"}],"predecessor-version":[{"id":2287,"href":"https:\/\/www.wemupat.de\/en\/wp-json\/wp\/v2\/pages\/2175\/revisions\/2287"}],"up":[{"embeddable":true,"href":"https:\/\/www.wemupat.de\/en\/wp-json\/wp\/v2\/pages\/2047"}],"wp:attachment":[{"href":"https:\/\/www.wemupat.de\/en\/wp-json\/wp\/v2\/media?parent=2175"}],"curies":[{"name":"wp","href":"https:\/\/api.w.org\/{rel}","templated":true}]}}