{"id":2179,"date":"2022-11-10T16:36:35","date_gmt":"2022-11-10T15:36:35","guid":{"rendered":"https:\/\/www.wemupat.de\/?page_id=2179"},"modified":"2023-04-24T12:54:57","modified_gmt":"2023-04-24T10:54:57","slug":"peter-neunert-phd","status":"publish","type":"page","link":"https:\/\/www.wemupat.de\/en\/team\/peter-neunert-phd\/","title":{"rendered":"Peter Neunert, PhD"},"content":{"rendered":"<p>[et_pb_section fb_built=&#8221;1&#8243; _builder_version=&#8221;4.18.0&#8243; _module_preset=&#8221;default&#8221; custom_padding=&#8221;80px||40px||false|false&#8221; global_colors_info=&#8221;{}&#8221;][et_pb_row column_structure=&#8221;2_5,3_5&#8243; _builder_version=&#8221;4.18.0&#8243; _module_preset=&#8221;default&#8221; global_colors_info=&#8221;{}&#8221;][et_pb_column type=&#8221;2_5&#8243; _builder_version=&#8221;4.18.0&#8243; _module_preset=&#8221;default&#8221; global_colors_info=&#8221;{}&#8221;][et_pb_image src=&#8221;https:\/\/www.wemupat.de\/wp-content\/uploads\/2023\/03\/Peter-Neunert-emotion.jpg&#8221; title_text=&#8221;Peter-Neunert-emotion&#8221; disabled_on=&#8221;off|off|on&#8221; _builder_version=&#8221;4.18.0&#8243; _module_preset=&#8221;default&#8221; global_colors_info=&#8221;{}&#8221;][\/et_pb_image][et_pb_text _builder_version=&#8221;4.18.0&#8243; _module_preset=&#8221;dd9a8bf9-9358-45f9-ac4d-6c63ee5c3857&#8243; header_text_color=&#8221;gcid-caa0fa1e-947b-41fc-b460-32eaeab238fc&#8221; hover_enabled=&#8221;0&#8243; global_colors_info=&#8221;{%22gcid-caa0fa1e-947b-41fc-b460-32eaeab238fc%22:%91%22header_text_color%22%93}&#8221; sticky_enabled=&#8221;0&#8243;]<\/p>\n<h1>Dr.-Ing.<span>\u00a0<\/span>Peter Neunert<\/h1>\n<p><strong>Dipl.-Ing.<span>\u00a0<\/span><span class=\"wpwd-seperator\">I<\/span><span>\u00a0<\/span>Patent Attorney <span class=\"wpwd-seperator\"> I <\/span>Of Councel<\/strong><\/p>\n<p style=\"text-align: left;\">assists national and international clients in all proceedings related to the application, defense and enforcement of patents, utility models, trademarks and design rights. His technical focus is on mechanical engineering. He supports and advises clients in contract matters relating to intellectual property rights, employee inventions and the development of effective registration strategies.<\/p>\n<p><a href=\"tel:0049772188380\">Phone +49 7721 88380<\/a><br \/>Fax +49 7721 883850<br \/><a href=\"mailto:mail@wemupat.de\">mail@wemupat.de<\/a><\/p>\n<p>[\/et_pb_text][et_pb_text disabled_on=&#8221;on|on|on&#8221; _builder_version=&#8221;4.18.0&#8243; _module_preset=&#8221;5c2aa4cd-70f0-473f-8f4e-5a4a7a5c719a&#8221; custom_padding=&#8221;||0px|||&#8221; disabled=&#8221;on&#8221; global_colors_info=&#8221;{}&#8221;]<a href=\"mailto:mail@wemupat.de\">mail@wemupat.de <\/a><br \/>\n+vCard<br \/>\n[\/et_pb_text][\/et_pb_column][et_pb_column type=&#8221;3_5&#8243; _builder_version=&#8221;4.18.0&#8243; _module_preset=&#8221;default&#8221; global_colors_info=&#8221;{}&#8221;][et_pb_image src=&#8221;https:\/\/www.wemupat.de\/wp-content\/uploads\/2023\/03\/Peter-Neunert-emotion.jpg&#8221; title_text=&#8221;Peter-Neunert-emotion&#8221; disabled_on=&#8221;on|on|off&#8221; _builder_version=&#8221;4.18.0&#8243; _module_preset=&#8221;default&#8221; global_colors_info=&#8221;{}&#8221;][\/et_pb_image][\/et_pb_column][\/et_pb_row][\/et_pb_section][et_pb_section fb_built=&#8221;1&#8243; _builder_version=&#8221;4.18.0&#8243; _module_preset=&#8221;default&#8221; background_color=&#8221;gcid-7f8a273b-6dca-4842-9089-16c9c10088fc&#8221; custom_padding=&#8221;39px||80px||false|false&#8221; global_colors_info=&#8221;{%22gcid-7f8a273b-6dca-4842-9089-16c9c10088fc%22:%91%22background_color%22%93}&#8221;][et_pb_row column_structure=&#8221;1_2,1_2&#8243; module_class=&#8221;wpwd-toggle-design&#8221; _builder_version=&#8221;4.18.0&#8243; _module_preset=&#8221;default&#8221; global_colors_info=&#8221;{}&#8221;][et_pb_column type=&#8221;1_2&#8243; _builder_version=&#8221;4.18.0&#8243; _module_preset=&#8221;default&#8221; global_colors_info=&#8221;{}&#8221;][et_pb_text _builder_version=&#8221;4.18.0&#8243; _module_preset=&#8221;5c2aa4cd-70f0-473f-8f4e-5a4a7a5c719a&#8221; global_colors_info=&#8221;{}&#8221;]<\/p>\n<p><b>Qualification:<\/b><\/p>\n<ul>\n<li>German Patent Attorney<\/li>\n<li>European Patent Attorney<\/li>\n<li>European Trademark and Design Attorney<\/li>\n<li>Engineering degree (university)<\/li>\n<\/ul>\n<p><b>Focus areas:<\/b><\/p>\n<ul>\n<li>all proceedings related to the application, defense and enforcement of:\n<ul>\n<li>Patents<\/li>\n<li>Utility models<\/li>\n<li>Trademarks<\/li>\n<li>Design rights<\/li>\n<\/ul>\n<\/li>\n<li>Contractual matters relating to intellectual property<\/li>\n<li>Issues related to employee inventions<\/li>\n<li>Development of effective application strategies<\/li>\n<li>Validity and infringement proceedings<\/li>\n<\/ul>\n<p><b>Technical focus:<\/b><\/p>\n<ul>\n<li>Mechanical engineering<\/li>\n<\/ul>\n<p>&nbsp;<\/p>\n<p>[\/et_pb_text][\/et_pb_column][et_pb_column type=&#8221;1_2&#8243; _builder_version=&#8221;4.18.0&#8243; _module_preset=&#8221;default&#8221; global_colors_info=&#8221;{}&#8221;][et_pb_toggle title=&#8221;Career path and professional experience&#8221; toggle_icon=&#8221;&#x4c;||divi||400&#8243; _builder_version=&#8221;4.18.0&#8243; _module_preset=&#8221;f6d010e6-bb4c-43d1-b242-117cfa53a915&#8243; global_colors_info=&#8221;{%22gcid-caa0fa1e-947b-41fc-b460-32eaeab238fc%22:%91%22open_toggle_background_color%22%93}&#8221;]<\/p>\n<ul>\n<li>Studied general mechanical engineering at the Technical University Clausthal with majors in drive technology, friction technology, design technology, operating and system behavior of machine systems<\/li>\n<li>Research assistant with a teaching position in the field of fluid dynamics at the Institute of Jet Propulsion of the University of the German Armed Forces in Munich<\/li>\n<li>Doctoral degree in engineering<\/li>\n<li>Several years of industry work as patent case officer at Akzo AG in Wuppertal<\/li>\n<li>Patent attorney training<br \/>&#8211;\u00a0 at an IP law firm<br \/>&#8211;\u00a0 at the German Patent and Trademark Office,<br \/>&#8211; at the Federal Patent Court in Munich,<br \/>&#8211; at the Patent dispute chamber of the D\u00fcsseldorf Regional Court<\/li>\n<li>Senior employee in the patent department of Akzo N.V. in Arnhem<\/li>\n<li>Holder of commercial power of representation for Akzo Patents GmbH in Wuppertal<\/li>\n<li>Lecturer at Furtwangen University of Applied Sciences and Albstadt-Sigmaringen University of Applied Sciences<\/li>\n<\/ul>\n<p>[\/et_pb_toggle][et_pb_toggle title=&#8221;Memberships&#8221; _builder_version=&#8221;4.18.0&#8243; _module_preset=&#8221;f6d010e6-bb4c-43d1-b242-117cfa53a915&#8243; global_colors_info=&#8221;{%22gcid-caa0fa1e-947b-41fc-b460-32eaeab238fc%22:%91%22open_toggle_background_color%22%93}&#8221;]<\/p>\n<ul>\n<li>German Chamber of Patent Attorneys (PAK)<\/li>\n<li>Institute of Professional Representatives at the European Patent Office (EPI)<\/li>\n<li>International Federation of Patent Attorneys (FICPI)<\/li>\n<li>Association of Intellectual Property Experts (VPP)<\/li>\n<li>Association of German Engineers (VDI)<\/li>\n<\/ul>\n<p>[\/et_pb_toggle][\/et_pb_column][\/et_pb_row][\/et_pb_section]<\/p>\n","protected":false},"excerpt":{"rendered":"<p>Dr.-Ing.\u00a0Peter Neunert Dipl.-Ing.\u00a0I\u00a0Patent Attorney I Of Councel assists national and international clients in all proceedings related to the application, defense and enforcement of patents, utility models, trademarks and design rights. His technical focus is on mechanical engineering. He supports and advises clients in contract matters relating to intellectual property rights, employee inventions and the development [&hellip;]<\/p>\n","protected":false},"author":1,"featured_media":0,"parent":2047,"menu_order":0,"comment_status":"closed","ping_status":"closed","template":"","meta":{"_et_pb_use_builder":"on","_et_pb_old_content":"<p>[et_pb_section fb_built=\"1\" _builder_version=\"4.18.0\" _module_preset=\"default\" custom_padding=\"80px||40px||false|false\" global_colors_info=\"{}\"][et_pb_row column_structure=\"2_5,3_5\" _builder_version=\"4.18.0\" _module_preset=\"default\" global_colors_info=\"{}\"][et_pb_column type=\"2_5\" _builder_version=\"4.18.0\" _module_preset=\"default\" global_colors_info=\"{}\"][et_pb_image src=\"https:\/\/www.wemupat.de\/wp-content\/uploads\/2023\/03\/Peter-Neunert-emotion.jpg\" title_text=\"Peter-Neunert-emotion\" disabled_on=\"off|off|on\" _builder_version=\"4.18.0\" _module_preset=\"default\" global_colors_info=\"{}\"][\/et_pb_image][et_pb_text _builder_version=\"4.18.0\" _module_preset=\"dd9a8bf9-9358-45f9-ac4d-6c63ee5c3857\" header_text_color=\"gcid-caa0fa1e-947b-41fc-b460-32eaeab238fc\" global_colors_info=\"{%22gcid-caa0fa1e-947b-41fc-b460-32eaeab238fc%22:%91%22header_text_color%22%93}\"]<\/p><h1>Dr.-Ing. Peter Neunert<\/h1><p><strong>Dipl.-Ing. <span class=\"wpwd-seperator\">I<\/span> Patentanwalt <span class=\"wpwd-seperator\">I <\/span>Of Counsel<\/strong><\/p><p style=\"text-align: left;\">betreut nationale und internationale Mandanten in allen Verfahren zur Anmeldung, Verteidigung und Durchsetzung von Patenten, Gebrauchsmustern, Marken und Designrechten. Sein technischer Schwerpunkt liegt im Bereich des Maschinenbaus. Er unterst\u00fctzt und ber\u00e4t Mandanten in schutzrechtbezogenen Vertragsangelegenheiten, bei Arbeitnehmererfindungsfragen und bei der Entwicklung effektiver Anmeldestrategien.<\/p><p><a href=\"tel:0049772188380\">Telefon +49 7721 88380<\/a><br \/>Telefax +49 7721 883850<br \/><a href=\"mailto:mail@wemupat.de\">mail@wemupat.de<\/a><\/p><p>[\/et_pb_text][et_pb_text disabled_on=\"on|on|on\" _builder_version=\"4.18.0\" _module_preset=\"5c2aa4cd-70f0-473f-8f4e-5a4a7a5c719a\" custom_padding=\"||0px|||\" disabled=\"on\" global_colors_info=\"{}\"]<\/p><p><a href=\"mailto:mail@wemupat.de\">mail@wemupat.de <\/a><br \/>+vCard<\/p><p>[\/et_pb_text][\/et_pb_column][et_pb_column type=\"3_5\" _builder_version=\"4.18.0\" _module_preset=\"default\" global_colors_info=\"{}\"][et_pb_image src=\"https:\/\/www.wemupat.de\/wp-content\/uploads\/2023\/03\/Peter-Neunert-emotion.jpg\" title_text=\"Peter-Neunert-emotion\" disabled_on=\"on|on|off\" _builder_version=\"4.18.0\" _module_preset=\"default\" global_colors_info=\"{}\"][\/et_pb_image][\/et_pb_column][\/et_pb_row][\/et_pb_section][et_pb_section fb_built=\"1\" _builder_version=\"4.18.0\" _module_preset=\"default\" background_color=\"gcid-7f8a273b-6dca-4842-9089-16c9c10088fc\" custom_padding=\"39px||80px||false|false\" global_colors_info=\"{%22gcid-7f8a273b-6dca-4842-9089-16c9c10088fc%22:%91%22background_color%22%93}\"][et_pb_row column_structure=\"1_2,1_2\" module_class=\"wpwd-toggle-design\" _builder_version=\"4.18.0\" _module_preset=\"default\" global_colors_info=\"{}\"][et_pb_column type=\"1_2\" _builder_version=\"4.18.0\" _module_preset=\"default\" global_colors_info=\"{}\"][et_pb_text _builder_version=\"4.18.0\" _module_preset=\"5c2aa4cd-70f0-473f-8f4e-5a4a7a5c719a\" global_colors_info=\"{}\"]<\/p><p><b>Qualifikation:<\/b><\/p><ul><li>Deutscher Patentanwalt<\/li><li>European Patent Attorney<\/li><li>European Trademark and Design Attorney<\/li><li>Diplom-Ingenieur (Univ.)<\/li><\/ul><p><b>Schwerpunkte:<\/b><\/p><ul><li>Alle Verfahren zur Anmeldung, Verteidigung und Durchsetzung von:<ul><li>Patenten<\/li><li>Gebrauchsmustern<\/li><li>Marken<\/li><li>Designrechten<\/li><\/ul><\/li><li>schutzrechtbezogene Vertragsangelegenheiten<\/li><li>Arbeitnehmererfindungsfragen<\/li><li>Entwicklung effektiver Anmeldestrategien<\/li><li>Rechtsbestands- und Verletzungsverfahren<\/li><\/ul><p><b>Technischer Schwerpunkt:<\/b><\/p><ul><li>Maschinenbau<\/li><\/ul><p>\u00a0<\/p><p>[\/et_pb_text][\/et_pb_column][et_pb_column type=\"1_2\" _builder_version=\"4.18.0\" _module_preset=\"default\" global_colors_info=\"{}\"][et_pb_toggle title=\"Werdegang und Berufserfahrung\" toggle_icon=\"L||divi||400\" _builder_version=\"4.18.0\" _module_preset=\"f6d010e6-bb4c-43d1-b242-117cfa53a915\" global_colors_info=\"{%22gcid-caa0fa1e-947b-41fc-b460-32eaeab238fc%22:%91%22open_toggle_background_color%22%93}\"]<\/p><ul><li>Studium des allgemeinen Maschinenbaus an der Technischen Universit\u00e4t Clausthal mit den Schwerpunkten Antriebstechnik, Reibungstechnik, Konstruktionstechnik sowie Betriebs- und Systemverhalten von Maschinenanlagen<\/li><li>T\u00e4tigkeit als wissenschaftlicher Mitarbeiter mit Lehrauftrag im Bereich der Str\u00f6mungsmechanik am Institut f\u00fcr Strahlantriebe der Universit\u00e4t der Bundeswehr in M\u00fcnchen<\/li><li>Promotion zum Dr.-Ing.<\/li><li>mehrj\u00e4hrige Industriet\u00e4tigkeit als Patentsachbearbeiter bei der Akzo AG in Wuppertal<\/li><li>patentrechtliche Ausbildung <br \/>- bei einem Patentassessor<br \/>- beim Deutschen Patent- und Markenamt<br \/>- beim Bundespatentgericht in M\u00fcnchen<br \/>- bei der Patentstreitkammer des Landgerichts D\u00fcsseldorf<\/li><li>leitender Angestellter in der Patentabteilung der Akzo N. V. in Arnheim<\/li><li>Prokurist der Akzo Patente GmbH in Wuppertal<\/li><li>Lehrbeauftragter an der Hochschule Furtwangen und der Hochschule Albstadt-Sigmaringen<\/li><\/ul><p>[\/et_pb_toggle][et_pb_toggle title=\"Mitgliedschaften\" _builder_version=\"4.18.0\" _module_preset=\"f6d010e6-bb4c-43d1-b242-117cfa53a915\" global_colors_info=\"{%22gcid-caa0fa1e-947b-41fc-b460-32eaeab238fc%22:%91%22open_toggle_background_color%22%93}\"]<\/p><ul><li>Patentanwaltskammer (PAK)<\/li><li>Institut der beim Europ\u00e4ischen Patentamt zugelassenen Vertreter (EPI)<\/li><li>Internationale F\u00f6deration von Patentanw\u00e4lten (FICPI)<\/li><li>Vereinigung von Fachleuten des Gewerblichen Rechtschutzes (VPP)<\/li><li>Verein Deutscher Ingenieure (VDI)<\/li><\/ul><p>[\/et_pb_toggle][\/et_pb_column][\/et_pb_row][\/et_pb_section]<\/p>","_et_gb_content_width":"","footnotes":""},"class_list":["post-2179","page","type-page","status-publish","hentry"],"_links":{"self":[{"href":"https:\/\/www.wemupat.de\/en\/wp-json\/wp\/v2\/pages\/2179","targetHints":{"allow":["GET"]}}],"collection":[{"href":"https:\/\/www.wemupat.de\/en\/wp-json\/wp\/v2\/pages"}],"about":[{"href":"https:\/\/www.wemupat.de\/en\/wp-json\/wp\/v2\/types\/page"}],"author":[{"embeddable":true,"href":"https:\/\/www.wemupat.de\/en\/wp-json\/wp\/v2\/users\/1"}],"replies":[{"embeddable":true,"href":"https:\/\/www.wemupat.de\/en\/wp-json\/wp\/v2\/comments?post=2179"}],"version-history":[{"count":7,"href":"https:\/\/www.wemupat.de\/en\/wp-json\/wp\/v2\/pages\/2179\/revisions"}],"predecessor-version":[{"id":2293,"href":"https:\/\/www.wemupat.de\/en\/wp-json\/wp\/v2\/pages\/2179\/revisions\/2293"}],"up":[{"embeddable":true,"href":"https:\/\/www.wemupat.de\/en\/wp-json\/wp\/v2\/pages\/2047"}],"wp:attachment":[{"href":"https:\/\/www.wemupat.de\/en\/wp-json\/wp\/v2\/media?parent=2179"}],"curies":[{"name":"wp","href":"https:\/\/api.w.org\/{rel}","templated":true}]}}