{"id":2187,"date":"2022-11-10T16:25:17","date_gmt":"2022-11-10T15:25:17","guid":{"rendered":"https:\/\/www.wemupat.de\/?page_id=2187"},"modified":"2023-04-24T12:49:20","modified_gmt":"2023-04-24T10:49:20","slug":"sebastian-c-schneider-phd-ll-m","status":"publish","type":"page","link":"https:\/\/www.wemupat.de\/en\/team\/sebastian-c-schneider-phd-ll-m\/","title":{"rendered":"Sebastian C. Schneider, PhD, LL.M."},"content":{"rendered":"<p>[et_pb_section fb_built=&#8221;1&#8243; _builder_version=&#8221;4.18.0&#8243; _module_preset=&#8221;default&#8221; custom_padding=&#8221;80px||40px||false|false&#8221; global_colors_info=&#8221;{}&#8221;][et_pb_row column_structure=&#8221;2_5,3_5&#8243; _builder_version=&#8221;4.18.0&#8243; _module_preset=&#8221;default&#8221; global_colors_info=&#8221;{}&#8221;][et_pb_column type=&#8221;2_5&#8243; _builder_version=&#8221;4.18.0&#8243; _module_preset=&#8221;default&#8221; global_colors_info=&#8221;{}&#8221;][et_pb_image src=&#8221;https:\/\/www.wemupat.de\/wp-content\/uploads\/2023\/03\/Sebastian-Schneider-emotion.jpg&#8221; title_text=&#8221;Sebastian-Schneider-emotion&#8221; disabled_on=&#8221;off|off|on&#8221; _builder_version=&#8221;4.18.0&#8243; _module_preset=&#8221;default&#8221; global_colors_info=&#8221;{}&#8221;][\/et_pb_image][et_pb_text _builder_version=&#8221;4.18.0&#8243; _module_preset=&#8221;dd9a8bf9-9358-45f9-ac4d-6c63ee5c3857&#8243; header_text_color=&#8221;gcid-caa0fa1e-947b-41fc-b460-32eaeab238fc&#8221; header_line_height=&#8221;1em&#8221; hover_enabled=&#8221;0&#8243; header_line_height_tablet=&#8221;&#8221; header_line_height_phone=&#8221;&#8221; header_line_height_last_edited=&#8221;on|desktop&#8221; global_colors_info=&#8221;{%22gcid-caa0fa1e-947b-41fc-b460-32eaeab238fc%22:%91%22header_text_color%22%93}&#8221; sticky_enabled=&#8221;0&#8243;]<\/p>\n<h1>Dr. techn.<span>\u00a0<\/span>Sebastian C. Schneider<\/h1>\n<p><strong>Dipl.-Ing., LL.M.<span>\u00a0<\/span><span class=\"wpwd-seperator\">I<\/span><span>\u00a0<\/span>Patent Attorney <span class=\"wpwd-seperator\">I<\/span> Partner<\/strong><\/p>\n<p style=\"text-align: left;\">provides intellectual property law advice to national and international companies, primarily in the field of electrical engineering and robotics and with a particular focus on semiconductor circuit technology, metrology, and sensor technology as well as mobile communications and control technology. The preparation and pursuit of patent applications is handled in close cooperation with the inventors and IP departments of his clients. He also provides assistance in opposition and nullity proceedings. The protection of trademarks and designs for corporate clients completes his area of practice.<\/p>\n<p><a href=\"tel:00498954479280\">Phone+49 89 54479280<\/a><br \/>Fax +49 89 544792830<br \/><a href=\"mailto:schneider@wemupat.de\">schneider@wemupat.de<\/a><\/p>\n<p>[\/et_pb_text][et_pb_text disabled_on=&#8221;on|on|on&#8221; _builder_version=&#8221;4.18.0&#8243; _module_preset=&#8221;5c2aa4cd-70f0-473f-8f4e-5a4a7a5c719a&#8221; custom_padding=&#8221;||0px|||&#8221; disabled=&#8221;on&#8221; global_colors_info=&#8221;{}&#8221;]<a href=\"mailto:schneider@wemupat.de\">schneider@wemupat.de <\/a><br \/>\n+vCard<br \/>\n[\/et_pb_text][\/et_pb_column][et_pb_column type=&#8221;3_5&#8243; _builder_version=&#8221;4.18.0&#8243; _module_preset=&#8221;default&#8221; global_colors_info=&#8221;{}&#8221;][et_pb_image src=&#8221;https:\/\/www.wemupat.de\/wp-content\/uploads\/2023\/03\/Sebastian-Schneider-emotion.jpg&#8221; title_text=&#8221;Sebastian-Schneider-emotion&#8221; disabled_on=&#8221;on|on|off&#8221; _builder_version=&#8221;4.18.0&#8243; _module_preset=&#8221;default&#8221; global_colors_info=&#8221;{}&#8221;][\/et_pb_image][\/et_pb_column][\/et_pb_row][\/et_pb_section][et_pb_section fb_built=&#8221;1&#8243; _builder_version=&#8221;4.18.0&#8243; _module_preset=&#8221;default&#8221; background_color=&#8221;gcid-7f8a273b-6dca-4842-9089-16c9c10088fc&#8221; custom_padding=&#8221;41px||80px||false|false&#8221; global_colors_info=&#8221;{%22gcid-7f8a273b-6dca-4842-9089-16c9c10088fc%22:%91%22background_color%22%93}&#8221;][et_pb_row column_structure=&#8221;1_2,1_2&#8243; _builder_version=&#8221;4.18.0&#8243; _module_preset=&#8221;default&#8221; global_colors_info=&#8221;{}&#8221;][et_pb_column type=&#8221;1_2&#8243; _builder_version=&#8221;4.18.0&#8243; _module_preset=&#8221;default&#8221; global_colors_info=&#8221;{}&#8221;][et_pb_text _builder_version=&#8221;4.18.0&#8243; _module_preset=&#8221;5c2aa4cd-70f0-473f-8f4e-5a4a7a5c719a&#8221; global_colors_info=&#8221;{}&#8221;]<\/p>\n<p><b>Qualification:<\/b><\/p>\n<ul>\n<li>German Patent Attorney<\/li>\n<li>European Patent Attorney<\/li>\n<li>European Trademark and Design Attorney<\/li>\n<li>Engineering degree (university)<\/li>\n<\/ul>\n<p><b>Focus areas:<\/b><\/p>\n<ul>\n<li>Application and grant procedures<\/li>\n<li>Infringement and invalidity proceedings<\/li>\n<\/ul>\n<p><b>Technical focus:<\/b><\/p>\n<ul>\n<li>Mechatronics<\/li>\n<li>Automation and control technology<\/li>\n<li>Signal and image processing<\/li>\n<li>Metrology and sensor technology<\/li>\n<\/ul>\n<p>&nbsp;<\/p>\n<p>[\/et_pb_text][\/et_pb_column][et_pb_column type=&#8221;1_2&#8243; _builder_version=&#8221;4.18.0&#8243; _module_preset=&#8221;default&#8221; global_colors_info=&#8221;{}&#8221;][et_pb_toggle title=&#8221;Career path and professional experience&#8221; _builder_version=&#8221;4.18.0&#8243; _module_preset=&#8221;f6d010e6-bb4c-43d1-b242-117cfa53a915&#8243; global_colors_info=&#8221;{%22gcid-caa0fa1e-947b-41fc-b460-32eaeab238fc%22:%91%22open_toggle_background_color%22%93}&#8221;]<\/p>\n<ul>\n<li>Study of mechatronics at Johannes Kepler University in Linz (Austria)<\/li>\n<li>Graduated with a degree in engineering<\/li>\n<li>Research activity at the Institute of Electrical Metrology at Johannes Kepler University Linz in the field of laser optical metrology and digital signal processing<\/li>\n<li>Doctoral degree in engineering<\/li>\n<li>Patent attorney training<br \/>&#8211; at Westphal, Mussgnug &amp; Partner,<br \/>&#8211; at the CEIPI (Centre d\u2019Etudes International de la Propriete Industrielle),<br \/>&#8211; at the German Patent and Trademark Office,<br \/>&#8211; at the Federal Patent Court at the Patent Dispute Chamber of the District Court of Munich<br \/>&#8211; bei der Patentstreitkammer des Landgerichts M\u00fcnchen<\/li>\n<li>Studied \u201cLaw for patent attorneys\u201d at the Hagen Distance Learning University<\/li>\n<li>Master\u2019s degree (LL.M.) at the Hagen Distance Learning University in the subject \u201cEuropean Intellectual Property\u201d<\/li>\n<\/ul>\n<p>[\/et_pb_toggle][et_pb_toggle title=&#8221;Memberships&#8221; _builder_version=&#8221;4.18.0&#8243; _module_preset=&#8221;f6d010e6-bb4c-43d1-b242-117cfa53a915&#8243; global_colors_info=&#8221;{%22gcid-caa0fa1e-947b-41fc-b460-32eaeab238fc%22:%91%22open_toggle_background_color%22%93}&#8221;]<\/p>\n<ul>\n<li>German Chamber of Patent Attorneys (PAK)<\/li>\n<li>Institute of Professional Representatives at the European Patent Office (EPI)<\/li>\n<li>International Federation of Patent Attorneys (FICPI)<\/li>\n<li>RING IP Network Austria<\/li>\n<\/ul>\n<p>[\/et_pb_toggle][\/et_pb_column][\/et_pb_row][\/et_pb_section]<\/p>\n","protected":false},"excerpt":{"rendered":"<p>Dr. techn.\u00a0Sebastian C. Schneider Dipl.-Ing., LL.M.\u00a0I\u00a0Patent Attorney I Partner provides intellectual property law advice to national and international companies, primarily in the field of electrical engineering and robotics and with a particular focus on semiconductor circuit technology, metrology, and sensor technology as well as mobile communications and control technology. The preparation and pursuit of patent [&hellip;]<\/p>\n","protected":false},"author":1,"featured_media":0,"parent":2047,"menu_order":0,"comment_status":"closed","ping_status":"closed","template":"","meta":{"_et_pb_use_builder":"on","_et_pb_old_content":"<p>[et_pb_section fb_built=\"1\" _builder_version=\"4.18.0\" _module_preset=\"default\" custom_padding=\"80px||40px||false|false\" global_colors_info=\"{}\"][et_pb_row column_structure=\"2_5,3_5\" _builder_version=\"4.18.0\" _module_preset=\"default\" global_colors_info=\"{}\"][et_pb_column type=\"2_5\" _builder_version=\"4.18.0\" _module_preset=\"default\" global_colors_info=\"{}\"][et_pb_image src=\"https:\/\/www.wemupat.de\/wp-content\/uploads\/2023\/03\/Sebastian-Schneider-emotion.jpg\" title_text=\"Sebastian-Schneider-emotion\" disabled_on=\"off|off|on\" _builder_version=\"4.18.0\" _module_preset=\"default\" global_colors_info=\"{}\"][\/et_pb_image][et_pb_text _builder_version=\"4.18.0\" _module_preset=\"dd9a8bf9-9358-45f9-ac4d-6c63ee5c3857\" header_text_color=\"gcid-caa0fa1e-947b-41fc-b460-32eaeab238fc\" header_line_height=\"1em\" header_line_height_tablet=\"\" header_line_height_phone=\"\" header_line_height_last_edited=\"on|desktop\" global_colors_info=\"{%22gcid-caa0fa1e-947b-41fc-b460-32eaeab238fc%22:%91%22header_text_color%22%93}\"]<\/p><h1>Dr. techn. Sebastian C. Schneider<\/h1><p><strong>Dipl.-Ing., LL.M. <span class=\"wpwd-seperator\">I<\/span> Patentanwalt <span class=\"wpwd-seperator\">I<\/span> Partner<\/strong><\/p><p style=\"text-align: left;\">betreut nationale und internationale Unternehmen patentrechtlich haupts\u00e4chlich auf dem Gebiet der Elektrotechnik und Robotik, insbesondere mit Schwerpunkt auf Halbleiterschaltungstechnik, Messtechnik und Sensorik, Mobilfunk sowie Regelungstechnik. In enger Zusammenarbeit mit den Erfindern und Patentabteilungen seiner Mandanten befasst er sich mit der Ausarbeitung von Patentanmeldungen und deren erfolgreicher Weiterverfolgung. Auch Einspruchs- und Nichtigkeitsverfahren geh\u00f6ren zu seinem T\u00e4tigkeitsfeld. Dar\u00fcber hinaus unterst\u00fctzt er Unternehmen beim Schutz von Marken und Designs.<\/p><p><a href=\"tel:00498954479280\">Telefon +49 89 54479280<\/a><br \/>Telefax +49 89 544792830<br \/><a href=\"mailto:schneider@wemupat.de\">schneider@wemupat.de<\/a><\/p><p>[\/et_pb_text][et_pb_text disabled_on=\"on|on|on\" _builder_version=\"4.18.0\" _module_preset=\"5c2aa4cd-70f0-473f-8f4e-5a4a7a5c719a\" custom_padding=\"||0px|||\" disabled=\"on\" global_colors_info=\"{}\"]<\/p><p><a href=\"mailto:schneider@wemupat.de\">schneider@wemupat.de <\/a><br \/>+vCard<\/p><p>[\/et_pb_text][\/et_pb_column][et_pb_column type=\"3_5\" _builder_version=\"4.18.0\" _module_preset=\"default\" global_colors_info=\"{}\"][et_pb_image src=\"https:\/\/www.wemupat.de\/wp-content\/uploads\/2023\/03\/Sebastian-Schneider-emotion.jpg\" title_text=\"Sebastian-Schneider-emotion\" disabled_on=\"on|on|off\" _builder_version=\"4.18.0\" _module_preset=\"default\" global_colors_info=\"{}\"][\/et_pb_image][\/et_pb_column][\/et_pb_row][\/et_pb_section][et_pb_section fb_built=\"1\" _builder_version=\"4.18.0\" _module_preset=\"default\" background_color=\"gcid-7f8a273b-6dca-4842-9089-16c9c10088fc\" custom_padding=\"41px||80px||false|false\" global_colors_info=\"{%22gcid-7f8a273b-6dca-4842-9089-16c9c10088fc%22:%91%22background_color%22%93}\"][et_pb_row column_structure=\"1_2,1_2\" _builder_version=\"4.18.0\" _module_preset=\"default\" global_colors_info=\"{}\"][et_pb_column type=\"1_2\" _builder_version=\"4.18.0\" _module_preset=\"default\" global_colors_info=\"{}\"][et_pb_text _builder_version=\"4.18.0\" _module_preset=\"5c2aa4cd-70f0-473f-8f4e-5a4a7a5c719a\" global_colors_info=\"{}\"]<\/p><p><b>Qualifikation:<\/b><\/p><ul><li>Deutscher Patentanwalt<\/li><li>European Patent Attorney<\/li><li>European Trademark and Design Attorney<\/li><li>Diplom-Ingenieur (Univ.)<\/li><\/ul><p><b>Schwerpunkte:<\/b><\/p><ul><li>Anmelde- und Erteilungsverfahren<\/li><li>Verletzungs- und Nichtigkeitsverfahren<\/li><\/ul><p><b>Technischer Schwerpunkt:<\/b><\/p><ul><li>Mechatronik<\/li><li>Automatisierungs- und Regelungstechnik<\/li><li>Signal- und Bildverarbeitung<\/li><li>Messtechnik und Sensorik<\/li><\/ul><p>\u00a0<\/p><p>[\/et_pb_text][\/et_pb_column][et_pb_column type=\"1_2\" _builder_version=\"4.18.0\" _module_preset=\"default\" global_colors_info=\"{}\"][et_pb_toggle title=\"Werdegang und Berufserfahrung\" _builder_version=\"4.18.0\" _module_preset=\"f6d010e6-bb4c-43d1-b242-117cfa53a915\" global_colors_info=\"{%22gcid-caa0fa1e-947b-41fc-b460-32eaeab238fc%22:%91%22open_toggle_background_color%22%93}\"]<\/p><ul><li>Studium der der Mechatronik an der Johannes Kepler Universit\u00e4t Linz (\u00d6sterreich)<\/li><li>Abschluss: Diplom-Ingenieur<\/li><li>Forschungst\u00e4tigkeit am Institut f\u00fcr Elektrische Messtechnik der Johannes Kepler Universit\u00e4t Linz im Bereich laseroptische Messtechnik und digitale Signalverarbeitung<\/li><li>Promotion zum Dr. techn.<\/li><li>patentrechtliche Ausbildung <br \/>- bei Westphal, Mussgnug & Partner<br \/>- beim CEIPI (Centre d\u2019\u00e9tudes internationales de la propri\u00e9t\u00e9 intellectuelle), Stra\u00dfburg<br \/>- beim Deutschen Patent- und Markenamt<br \/>- beim Bundespatentgericht<br \/>- bei der Patentstreitkammer des Landgerichts M\u00fcnchen<\/li><li>Studium an der FernUniversit\u00e4t Hagen im Fach \u201eRecht f\u00fcr Patentanw\u00e4ltinnen und Patentanw\u00e4lte\u201c<\/li><li>Masterstudium (LL.M.) bei der FernUniversit\u00e4t Hagen im Fach \u201eEurop\u00e4ischer Gewerblicher Rechtsschutz\u201c<\/li><\/ul><p>[\/et_pb_toggle][et_pb_toggle title=\"Mitgliedschaften\" _builder_version=\"4.18.0\" _module_preset=\"f6d010e6-bb4c-43d1-b242-117cfa53a915\" global_colors_info=\"{%22gcid-caa0fa1e-947b-41fc-b460-32eaeab238fc%22:%91%22open_toggle_background_color%22%93}\"]<\/p><ul><li>Patentanwaltskammer (PAK)<\/li><li>Institut der beim Europ\u00e4ischen Patentamt zugelassenen Vertreter (EPI)<\/li><li>Internationale F\u00f6deration von Patentanw\u00e4lten (FICPI)<\/li><li>RING IP Network Austria<\/li><\/ul><p>[\/et_pb_toggle][\/et_pb_column][\/et_pb_row][\/et_pb_section]<\/p>","_et_gb_content_width":"","footnotes":""},"class_list":["post-2187","page","type-page","status-publish","hentry"],"_links":{"self":[{"href":"https:\/\/www.wemupat.de\/en\/wp-json\/wp\/v2\/pages\/2187","targetHints":{"allow":["GET"]}}],"collection":[{"href":"https:\/\/www.wemupat.de\/en\/wp-json\/wp\/v2\/pages"}],"about":[{"href":"https:\/\/www.wemupat.de\/en\/wp-json\/wp\/v2\/types\/page"}],"author":[{"embeddable":true,"href":"https:\/\/www.wemupat.de\/en\/wp-json\/wp\/v2\/users\/1"}],"replies":[{"embeddable":true,"href":"https:\/\/www.wemupat.de\/en\/wp-json\/wp\/v2\/comments?post=2187"}],"version-history":[{"count":5,"href":"https:\/\/www.wemupat.de\/en\/wp-json\/wp\/v2\/pages\/2187\/revisions"}],"predecessor-version":[{"id":2288,"href":"https:\/\/www.wemupat.de\/en\/wp-json\/wp\/v2\/pages\/2187\/revisions\/2288"}],"up":[{"embeddable":true,"href":"https:\/\/www.wemupat.de\/en\/wp-json\/wp\/v2\/pages\/2047"}],"wp:attachment":[{"href":"https:\/\/www.wemupat.de\/en\/wp-json\/wp\/v2\/media?parent=2187"}],"curies":[{"name":"wp","href":"https:\/\/api.w.org\/{rel}","templated":true}]}}