{"id":2191,"date":"2022-11-10T16:51:39","date_gmt":"2022-11-10T15:51:39","guid":{"rendered":"https:\/\/www.wemupat.de\/?page_id=2191"},"modified":"2026-01-29T12:53:04","modified_gmt":"2026-01-29T11:53:04","slug":"sebastian-staudt-m-sc","status":"publish","type":"page","link":"https:\/\/www.wemupat.de\/en\/team\/sebastian-staudt-m-sc\/","title":{"rendered":"Sebastian Staudt, M.Sc."},"content":{"rendered":"<p>[et_pb_section fb_built=&#8221;1&#8243; _builder_version=&#8221;4.18.0&#8243; _module_preset=&#8221;default&#8221; custom_padding=&#8221;80px||40px||false|false&#8221; global_colors_info=&#8221;{}&#8221;][et_pb_row column_structure=&#8221;2_5,3_5&#8243; _builder_version=&#8221;4.18.0&#8243; _module_preset=&#8221;default&#8221; global_colors_info=&#8221;{}&#8221;][et_pb_column type=&#8221;2_5&#8243; _builder_version=&#8221;4.18.0&#8243; _module_preset=&#8221;default&#8221; global_colors_info=&#8221;{}&#8221;][et_pb_image src=&#8221;https:\/\/www.wemupat.de\/wp-content\/uploads\/2023\/03\/Sebastian-Staudt-emotion.jpg&#8221; title_text=&#8221;Sebastian-Staudt-emotion&#8221; disabled_on=&#8221;off|off|on&#8221; _builder_version=&#8221;4.18.0&#8243; _module_preset=&#8221;default&#8221; global_colors_info=&#8221;{}&#8221;][\/et_pb_image][et_pb_text _builder_version=&#8221;4.27.2&#8243; _module_preset=&#8221;dd9a8bf9-9358-45f9-ac4d-6c63ee5c3857&#8243; hover_enabled=&#8221;0&#8243; global_colors_info=&#8221;{%22gcid-caa0fa1e-947b-41fc-b460-32eaeab238fc%22:%91%22header_text_color%22%93}&#8221; sticky_enabled=&#8221;0&#8243;]<\/p>\n<h1>Sebastian Staudt<\/h1>\n<p><strong>M. Sc.\u00a0<span class=\"wpwd-seperator\">I<\/span>\u00a0Patent Attorney <span class=\"wpwd-seperator\">I<\/span> Partner<\/strong><\/p>\n<p style=\"text-align: left;\">In addition to trademark and design law, his practice areas primarily focus on patent application and grant procedures as well as validity and infringement proceedings. His technical focus is on mechanical engineering.<\/p>\n<p><a href=\"tel:0049772188380\">Phone +49 7721 88380<\/a><br \/>Fax +49 7721 883850<br \/><a href=\"mailto:mail@wemupat.de\">mail@wemupat.de<\/a><\/p>\n<p>[\/et_pb_text][et_pb_text disabled_on=&#8221;on|on|on&#8221; _builder_version=&#8221;4.18.0&#8243; _module_preset=&#8221;5c2aa4cd-70f0-473f-8f4e-5a4a7a5c719a&#8221; custom_padding=&#8221;||0px|||&#8221; disabled=&#8221;on&#8221; global_colors_info=&#8221;{}&#8221;]<a href=\"mailto:mail@wemupat.de\">mail@wemupat.de <\/a><br \/>\n+vCard<br \/>\n[\/et_pb_text][\/et_pb_column][et_pb_column type=&#8221;3_5&#8243; _builder_version=&#8221;4.18.0&#8243; _module_preset=&#8221;default&#8221; global_colors_info=&#8221;{}&#8221;][et_pb_image src=&#8221;https:\/\/www.wemupat.de\/wp-content\/uploads\/2023\/03\/Sebastian-Staudt-emotion.jpg&#8221; title_text=&#8221;Sebastian-Staudt-emotion&#8221; disabled_on=&#8221;on|on|off&#8221; _builder_version=&#8221;4.18.0&#8243; _module_preset=&#8221;default&#8221; global_colors_info=&#8221;{}&#8221;][\/et_pb_image][\/et_pb_column][\/et_pb_row][\/et_pb_section][et_pb_section fb_built=&#8221;1&#8243; _builder_version=&#8221;4.18.0&#8243; _module_preset=&#8221;default&#8221; background_color=&#8221;gcid-7f8a273b-6dca-4842-9089-16c9c10088fc&#8221; custom_padding=&#8221;40px||80px||false|false&#8221; global_colors_info=&#8221;{%22gcid-7f8a273b-6dca-4842-9089-16c9c10088fc%22:%91%22background_color%22%93}&#8221;][et_pb_row column_structure=&#8221;1_2,1_2&#8243; _builder_version=&#8221;4.18.0&#8243; _module_preset=&#8221;default&#8221; global_colors_info=&#8221;{}&#8221;][et_pb_column type=&#8221;1_2&#8243; _builder_version=&#8221;4.18.0&#8243; _module_preset=&#8221;default&#8221; global_colors_info=&#8221;{}&#8221;][et_pb_text _builder_version=&#8221;4.18.0&#8243; _module_preset=&#8221;5c2aa4cd-70f0-473f-8f4e-5a4a7a5c719a&#8221; global_colors_info=&#8221;{}&#8221;]<\/p>\n<p><b>Qualification:<\/b><\/p>\n<ul>\n<li>German Patent Attorney<\/li>\n<li>European Patent Attorney<\/li>\n<li>European Trademark and Design Attorney<\/li>\n<li>Master of Science (Mechanical Engineering)<\/li>\n<\/ul>\n<p><b>Focus areas:<\/b><\/p>\n<ul>\n<li>Application and grant procedures<\/li>\n<li>Validity and infringement proceedings<\/li>\n<li>Trademark and design law<\/li>\n<\/ul>\n<p><b>Technical focus:<\/b><\/p>\n<ul>\n<li>Mechanical engineering<\/li>\n<\/ul>\n<p>&nbsp;<\/p>\n<p>[\/et_pb_text][\/et_pb_column][et_pb_column type=&#8221;1_2&#8243; _builder_version=&#8221;4.18.0&#8243; _module_preset=&#8221;default&#8221; global_colors_info=&#8221;{}&#8221;][et_pb_toggle title=&#8221;Career path and professional experience&#8221; _builder_version=&#8221;4.18.0&#8243; _module_preset=&#8221;f6d010e6-bb4c-43d1-b242-117cfa53a915&#8243; global_colors_info=&#8221;{%22gcid-caa0fa1e-947b-41fc-b460-32eaeab238fc%22:%91%22open_toggle_background_color%22%93}&#8221;]<\/p>\n<ul>\n<li>Studied mechanical engineering with majors in development and construction, production technology and mobile work machines at the Karlsruhe Institute of Technology (KIT)<\/li>\n<li>Visiting student at the Instituto Tecnol\u00f3gico y de Estudios Superiores de Monterrey (ITESM), Mexico<\/li>\n<li>Application engineer at a leading German transmission manufacturer<\/li>\n<li>Patent attorney training <br \/>&#8211; at Westphal, Mussgnug &amp; Partner,<br \/>&#8211; at the Patent Dispute Chamber of the District Court of Mannheim,<br \/>&#8211; at the German Patent and Trademark Office,<br \/>&#8211; at the Federal Patent Court,<\/li>\n<li>Studied \u201cLaw for patent attorneys\u201d at the Hagen Distance Learning University<\/li>\n<\/ul>\n<p>[\/et_pb_toggle][et_pb_toggle title=&#8221;Memberships&#8221; _builder_version=&#8221;4.18.0&#8243; _module_preset=&#8221;f6d010e6-bb4c-43d1-b242-117cfa53a915&#8243; global_colors_info=&#8221;{%22gcid-caa0fa1e-947b-41fc-b460-32eaeab238fc%22:%91%22open_toggle_background_color%22%93}&#8221;]<\/p>\n<ul>\n<li>German Chamber of Patent Attorneys (PAK)<\/li>\n<li>Institute of Professional Representatives at the European Patent Office (EPI)<\/li>\n<li>International Federation of Patent Attorneys (FICPI)<\/li>\n<li>Federal Association of German Patent Attorneys (BDP)<\/li>\n<\/ul>\n<p>[\/et_pb_toggle][\/et_pb_column][\/et_pb_row][\/et_pb_section]<\/p>\n","protected":false},"excerpt":{"rendered":"<p>Sebastian Staudt M. Sc.\u00a0I\u00a0Patent Attorney I Partner In addition to trademark and design law, his practice areas primarily focus on patent application and grant procedures as well as validity and infringement proceedings. His technical focus is on mechanical engineering. Phone +49 7721 88380Fax +49 7721 883850mail@wemupat.demail@wemupat.de +vCard Qualification: German Patent Attorney European Patent Attorney European [&hellip;]<\/p>\n","protected":false},"author":1,"featured_media":0,"parent":2047,"menu_order":0,"comment_status":"closed","ping_status":"closed","template":"","meta":{"_et_pb_use_builder":"on","_et_pb_old_content":"<p>[et_pb_section fb_built=\"1\" _builder_version=\"4.18.0\" _module_preset=\"default\" custom_padding=\"80px||40px||false|false\" global_colors_info=\"{}\"][et_pb_row column_structure=\"2_5,3_5\" _builder_version=\"4.18.0\" _module_preset=\"default\" global_colors_info=\"{}\"][et_pb_column type=\"2_5\" _builder_version=\"4.18.0\" _module_preset=\"default\" global_colors_info=\"{}\"][et_pb_image src=\"https:\/\/www.wemupat.de\/wp-content\/uploads\/2023\/03\/Sebastian-Staudt-emotion.jpg\" title_text=\"Sebastian-Staudt-emotion\" disabled_on=\"off|off|on\" _builder_version=\"4.18.0\" _module_preset=\"default\" global_colors_info=\"{}\"][\/et_pb_image][et_pb_text _builder_version=\"4.18.0\" _module_preset=\"dd9a8bf9-9358-45f9-ac4d-6c63ee5c3857\" header_text_color=\"gcid-caa0fa1e-947b-41fc-b460-32eaeab238fc\" global_colors_info=\"{%22gcid-caa0fa1e-947b-41fc-b460-32eaeab238fc%22:%91%22header_text_color%22%93}\"]<\/p><h1>Sebastian Staudt<\/h1><p><strong>M. Sc. <span class=\"wpwd-seperator\">I<\/span> Patentanwalt <span class=\"wpwd-seperator\">I<\/span> Senior Associate<\/strong><\/p><p style=\"text-align: left;\">Zu seinen T\u00e4tigkeitsgebieten z\u00e4hlen neben dem Marken- und Designrecht haupts\u00e4chlich patentrechtliche Anmelde- und Erteilungsverfahren sowie Rechtsbestands- und Verletzungsverfahren. Sein technischer Schwerpunkt liegt im Bereich des Maschinenbaus.<\/p><p><a href=\"tel:0049772188380\">Telefon +49 7721 88380<\/a><br \/>Telefax +49 7721 883850<br \/><a href=\"mailto:mail@wemupat.de\">mail@wemupat.de<\/a><\/p><p>[\/et_pb_text][et_pb_text disabled_on=\"on|on|on\" _builder_version=\"4.18.0\" _module_preset=\"5c2aa4cd-70f0-473f-8f4e-5a4a7a5c719a\" custom_padding=\"||0px|||\" disabled=\"on\" global_colors_info=\"{}\"]<a href=\"mailto:mail@wemupat.de\">mail@wemupat.de <\/a><br \/>+vCard<br \/>[\/et_pb_text][\/et_pb_column][et_pb_column type=\"3_5\" _builder_version=\"4.18.0\" _module_preset=\"default\" global_colors_info=\"{}\"][et_pb_image src=\"https:\/\/www.wemupat.de\/wp-content\/uploads\/2023\/03\/Sebastian-Staudt-emotion.jpg\" title_text=\"Sebastian-Staudt-emotion\" disabled_on=\"on|on|off\" _builder_version=\"4.18.0\" _module_preset=\"default\" global_colors_info=\"{}\"][\/et_pb_image][\/et_pb_column][\/et_pb_row][\/et_pb_section][et_pb_section fb_built=\"1\" _builder_version=\"4.18.0\" _module_preset=\"default\" background_color=\"gcid-7f8a273b-6dca-4842-9089-16c9c10088fc\" custom_padding=\"40px||80px||false|false\" global_colors_info=\"{%22gcid-7f8a273b-6dca-4842-9089-16c9c10088fc%22:%91%22background_color%22%93}\"][et_pb_row column_structure=\"1_2,1_2\" _builder_version=\"4.18.0\" _module_preset=\"default\" global_colors_info=\"{}\"][et_pb_column type=\"1_2\" _builder_version=\"4.18.0\" _module_preset=\"default\" global_colors_info=\"{}\"][et_pb_text _builder_version=\"4.18.0\" _module_preset=\"5c2aa4cd-70f0-473f-8f4e-5a4a7a5c719a\" global_colors_info=\"{}\"]<\/p><p><b>Qualifikation:<\/b><\/p><ul><li>Deutscher Patentanwalt<\/li><li>\u00a0<\/li><li>\u00a0<\/li><li>European Patent Attorney<\/li><li>European Trademark and Design Attorney<\/li><li>Master of Science (Maschinenbau)<\/li><\/ul><p><b>Schwerpunkte:<\/b><\/p><ul><li>Anmelde- und Erteilungsverfahren<\/li><li>Rechtsbestands- und Verletzungsverfahren<\/li><li>Marken- und Designrecht<\/li><\/ul><p><b>Technischer Schwerpunkt:<\/b><\/p><ul><li>Maschinenbau<\/li><\/ul><p>\u00a0<\/p><p>[\/et_pb_text][\/et_pb_column][et_pb_column type=\"1_2\" _builder_version=\"4.18.0\" _module_preset=\"default\" global_colors_info=\"{}\"][et_pb_toggle title=\"Werdegang und Berufserfahrung\" _builder_version=\"4.18.0\" _module_preset=\"f6d010e6-bb4c-43d1-b242-117cfa53a915\" global_colors_info=\"{%22gcid-caa0fa1e-947b-41fc-b460-32eaeab238fc%22:%91%22open_toggle_background_color%22%93}\"]<\/p><ul><li>Studium des Maschinenbaus mit den Schwerpunkten Entwicklung und Konstruktion, Produktionstechnik und Mobile Arbeitsmaschinen am Karlsruher Institut f\u00fcr Technologie (KIT)<\/li><li>Studienaufenthalt am Instituto Tecnol\u00f3gico y de Estudios Superiores de Monterrey (ITESM), Mexiko<\/li><li>Applikationsingenieur bei einem f\u00fchrenden deutschen Getriebehersteller<\/li><li>patentrechtliche Ausbildung <br \/>- bei Westphal, Mussgnug & Partner<br \/>- bei der Patentstreitkammer des Landgerichts Mannheim<br \/>- beim deutschen Patent- und Markenamt<br \/>- beim Bundespatentgericht<\/li><li>Studium an der FernUniversit\u00e4t Hagen im Fach \u201eRecht f\u00fcr Patentanw\u00e4ltinnen und Patentanw\u00e4lte\u201c<\/li><\/ul><p>[\/et_pb_toggle][et_pb_toggle title=\"Mitgliedschaften\" _builder_version=\"4.18.0\" _module_preset=\"f6d010e6-bb4c-43d1-b242-117cfa53a915\" global_colors_info=\"{%22gcid-caa0fa1e-947b-41fc-b460-32eaeab238fc%22:%91%22open_toggle_background_color%22%93}\"]<\/p><ul><li>Patentanwaltskammer (PAK)<\/li><li>Institut der beim Europ\u00e4ischen Patentamt zugelassenen Vertreter (EPI)<\/li><li>\u00a0<\/li><li>\u00a0<\/li><li>Internationale F\u00f6deration von Patentanw\u00e4lten (FICPI)<\/li><li>Bundesverband Deutscher Patentanw\u00e4lte (BDP)<\/li><\/ul><p>[\/et_pb_toggle][\/et_pb_column][\/et_pb_row][\/et_pb_section]<\/p>","_et_gb_content_width":"","footnotes":""},"class_list":["post-2191","page","type-page","status-publish","hentry"],"_links":{"self":[{"href":"https:\/\/www.wemupat.de\/en\/wp-json\/wp\/v2\/pages\/2191","targetHints":{"allow":["GET"]}}],"collection":[{"href":"https:\/\/www.wemupat.de\/en\/wp-json\/wp\/v2\/pages"}],"about":[{"href":"https:\/\/www.wemupat.de\/en\/wp-json\/wp\/v2\/types\/page"}],"author":[{"embeddable":true,"href":"https:\/\/www.wemupat.de\/en\/wp-json\/wp\/v2\/users\/1"}],"replies":[{"embeddable":true,"href":"https:\/\/www.wemupat.de\/en\/wp-json\/wp\/v2\/comments?post=2191"}],"version-history":[{"count":7,"href":"https:\/\/www.wemupat.de\/en\/wp-json\/wp\/v2\/pages\/2191\/revisions"}],"predecessor-version":[{"id":3120,"href":"https:\/\/www.wemupat.de\/en\/wp-json\/wp\/v2\/pages\/2191\/revisions\/3120"}],"up":[{"embeddable":true,"href":"https:\/\/www.wemupat.de\/en\/wp-json\/wp\/v2\/pages\/2047"}],"wp:attachment":[{"href":"https:\/\/www.wemupat.de\/en\/wp-json\/wp\/v2\/media?parent=2191"}],"curies":[{"name":"wp","href":"https:\/\/api.w.org\/{rel}","templated":true}]}}