{"id":2201,"date":"2022-11-10T15:37:48","date_gmt":"2022-11-10T14:37:48","guid":{"rendered":"https:\/\/www.wemupat.de\/?page_id=2201"},"modified":"2026-01-29T12:50:19","modified_gmt":"2026-01-29T11:50:19","slug":"robert-goehring","status":"publish","type":"page","link":"https:\/\/www.wemupat.de\/en\/team\/robert-goehring\/","title":{"rendered":"Robert G\u00f6hring"},"content":{"rendered":"<p>[et_pb_section fb_built=&#8221;1&#8243; _builder_version=&#8221;4.18.0&#8243; _module_preset=&#8221;default&#8221; custom_padding=&#8221;80px||39px||false|false&#8221; global_colors_info=&#8221;{}&#8221;][et_pb_row column_structure=&#8221;2_5,3_5&#8243; _builder_version=&#8221;4.18.0&#8243; _module_preset=&#8221;default&#8221; global_colors_info=&#8221;{}&#8221;][et_pb_column type=&#8221;2_5&#8243; _builder_version=&#8221;4.18.0&#8243; _module_preset=&#8221;default&#8221; global_colors_info=&#8221;{}&#8221;][et_pb_image src=&#8221;https:\/\/www.wemupat.de\/wp-content\/uploads\/2023\/03\/Robert-Goehring-emotion.jpg&#8221; title_text=&#8221;Robert-Goehring-emotion&#8221; disabled_on=&#8221;off|off|on&#8221; _builder_version=&#8221;4.18.0&#8243; _module_preset=&#8221;default&#8221; global_colors_info=&#8221;{}&#8221;][\/et_pb_image][et_pb_text _builder_version=&#8221;4.27.2&#8243; _module_preset=&#8221;dd9a8bf9-9358-45f9-ac4d-6c63ee5c3857&#8243; hover_enabled=&#8221;0&#8243; global_colors_info=&#8221;{%22gcid-caa0fa1e-947b-41fc-b460-32eaeab238fc%22:%91%22header_text_color%22%93}&#8221; sticky_enabled=&#8221;0&#8243;]<\/p>\n<h1>Robert G\u00f6hring<\/h1>\n<p><strong>Dipl.-Ing. Univ.\u00a0<span class=\"wpwd-seperator\">I<\/span>\u00a0Patent Attorney <span class=\"wpwd-seperator\">I<\/span> Senior Counsel<\/strong><\/p>\n<p style=\"text-align: left;\">His intellectual property law advice covers registration, infringement and nullity proceedings, as well as trademark and utility design law, with a particular professional focus on the field of electrical engineering. He has extensive experience in licensing negotiations and patent litigation.<\/p>\n<p><a href=\"tel:0049772188380\">Phone +49 7721 88380<\/a><br \/>Fax +49 7721 883850<br \/><a href=\"mailto:mail@wemupat.de\">mail@wemupat.de<\/a><\/p>\n<p>[\/et_pb_text][et_pb_text disabled_on=&#8221;on|on|on&#8221; _builder_version=&#8221;4.18.0&#8243; _module_preset=&#8221;5c2aa4cd-70f0-473f-8f4e-5a4a7a5c719a&#8221; custom_padding=&#8221;||0px|||&#8221; disabled=&#8221;on&#8221; global_colors_info=&#8221;{}&#8221;]<a href=\"mailto:mail@wemupat.de\">mail@wemupat.de <\/a><br \/>\n+vCard<br \/>\n[\/et_pb_text][\/et_pb_column][et_pb_column type=&#8221;3_5&#8243; _builder_version=&#8221;4.18.0&#8243; _module_preset=&#8221;default&#8221; global_colors_info=&#8221;{}&#8221;][et_pb_image src=&#8221;https:\/\/www.wemupat.de\/wp-content\/uploads\/2023\/03\/Robert-Goehring-emotion.jpg&#8221; title_text=&#8221;Robert-Goehring-emotion&#8221; disabled_on=&#8221;on|on|off&#8221; _builder_version=&#8221;4.18.0&#8243; _module_preset=&#8221;default&#8221; global_colors_info=&#8221;{}&#8221;][\/et_pb_image][\/et_pb_column][\/et_pb_row][\/et_pb_section][et_pb_section fb_built=&#8221;1&#8243; _builder_version=&#8221;4.18.0&#8243; _module_preset=&#8221;default&#8221; background_color=&#8221;gcid-7f8a273b-6dca-4842-9089-16c9c10088fc&#8221; custom_padding=&#8221;40px||80px||false|false&#8221; global_colors_info=&#8221;{%22gcid-7f8a273b-6dca-4842-9089-16c9c10088fc%22:%91%22background_color%22%93}&#8221;][et_pb_row column_structure=&#8221;1_2,1_2&#8243; _builder_version=&#8221;4.18.0&#8243; _module_preset=&#8221;default&#8221; global_colors_info=&#8221;{}&#8221;][et_pb_column type=&#8221;1_2&#8243; _builder_version=&#8221;4.18.0&#8243; _module_preset=&#8221;default&#8221; global_colors_info=&#8221;{}&#8221;][et_pb_text _builder_version=&#8221;4.18.0&#8243; _module_preset=&#8221;5c2aa4cd-70f0-473f-8f4e-5a4a7a5c719a&#8221; global_colors_info=&#8221;{}&#8221;]<\/p>\n<p><b>Qualification:<\/b><\/p>\n<ul>\n<li>German Patent Attorney<\/li>\n<li>European Patent Attorney<\/li>\n<li>European Trademark and Design Attorney<\/li>\n<li>Engineering degree (university)<\/li>\n<\/ul>\n<p><b>Focus areas:<\/b><\/p>\n<ul>\n<li>Trademark law<\/li>\n<li>Application and grant procedures<\/li>\n<li>Patent infringement and nullity proceedings<\/li>\n<\/ul>\n<p><b>Technical focus:<\/b><\/p>\n<ul>\n<li>Electrical engineering, in particular:\n<ul>\n<li>High-frequency technology<\/li>\n<li>Telecommunications<\/li>\n<li>Electrical components<\/li>\n<li>Integrated circuits<\/li>\n<\/ul>\n<\/li>\n<\/ul>\n<p>&nbsp;<\/p>\n<p>[\/et_pb_text][\/et_pb_column][et_pb_column type=&#8221;1_2&#8243; _builder_version=&#8221;4.18.0&#8243; _module_preset=&#8221;default&#8221; global_colors_info=&#8221;{}&#8221;][et_pb_toggle title=&#8221;Career path and professional experience&#8221; _builder_version=&#8221;4.18.0&#8243; _module_preset=&#8221;f6d010e6-bb4c-43d1-b242-117cfa53a915&#8243; global_colors_info=&#8221;{%22gcid-caa0fa1e-947b-41fc-b460-32eaeab238fc%22:%91%22open_toggle_background_color%22%93}&#8221;]<\/p>\n<ul>\n<li>Studied electrical engineering at the Technical University of Munich<\/li>\n<li>Graduated with a degree in engineering (university)<\/li>\n<li>Research work at the Institute of Electrical Components at the Technical University of Munich<\/li>\n<li>Contractor for CSMI-Technologie Transfer GmbH in Munich<\/li>\n<li>Patent case officer for integrated circuits at Siemens AG<\/li>\n<li>Lecturer for Protection of intellectual property rights at Furtwangen University of Applied Sciences<\/li>\n<li>Patent law training\n<ul>\n<li>at the CEIPI (Centre d\u2019Etudes International de la Propriete Industrielle), Strasbourg<\/li>\n<li>at the German Patent and Trademark Office,<\/li>\n<li>at the Federal Patent Court,<\/li>\n<li>at the Patent Dispute Chamber of the District Court of Munich<\/li>\n<\/ul>\n<\/li>\n<\/ul>\n<p>[\/et_pb_toggle][et_pb_toggle title=&#8221;Memberships&#8221; admin_label=&#8221;Umschalter&#8221; _builder_version=&#8221;4.18.0&#8243; _module_preset=&#8221;f6d010e6-bb4c-43d1-b242-117cfa53a915&#8243; global_colors_info=&#8221;{%22gcid-caa0fa1e-947b-41fc-b460-32eaeab238fc%22:%91%22open_toggle_background_color%22%93}&#8221;]<\/p>\n<ul>\n<li>German Chamber of Patent Attorneys (PAK)<\/li>\n<li>Institute of Professional Representatives at the European Patent Office (EPI)<\/li>\n<li>International Federation of Patent Attorneys (FICPI)<\/li>\n<li>Association of Intellectual Property Experts (VPP)<\/li>\n<li>German Association for Intellectual Property and Copyright (GRUR)<\/li>\n<li>International Association for the Protection of Industrial Property (AIPPI)<\/li>\n<li>Federal Association of German Patent Attorneys (BDP)<\/li>\n<\/ul>\n<p>[\/et_pb_toggle][\/et_pb_column][\/et_pb_row][\/et_pb_section]<\/p>\n","protected":false},"excerpt":{"rendered":"<p>Robert G\u00f6hring Dipl.-Ing. Univ.\u00a0I\u00a0Patent Attorney I Senior Counsel His intellectual property law advice covers registration, infringement and nullity proceedings, as well as trademark and utility design law, with a particular professional focus on the field of electrical engineering. He has extensive experience in licensing negotiations and patent litigation. Phone +49 7721 88380Fax +49 7721 883850mail@wemupat.demail@wemupat.de [&hellip;]<\/p>\n","protected":false},"author":1,"featured_media":0,"parent":2047,"menu_order":0,"comment_status":"closed","ping_status":"closed","template":"","meta":{"_et_pb_use_builder":"on","_et_pb_old_content":"<p>[et_pb_section fb_built=\"1\" _builder_version=\"4.18.0\" _module_preset=\"default\" custom_padding=\"80px||39px||false|false\" global_colors_info=\"{}\"][et_pb_row column_structure=\"2_5,3_5\" _builder_version=\"4.18.0\" _module_preset=\"default\" global_colors_info=\"{}\"][et_pb_column type=\"2_5\" _builder_version=\"4.18.0\" _module_preset=\"default\" global_colors_info=\"{}\"][et_pb_image src=\"https:\/\/www.wemupat.de\/wp-content\/uploads\/2023\/03\/Robert-Goehring-emotion.jpg\" title_text=\"Robert-Goehring-emotion\" disabled_on=\"off|off|on\" _builder_version=\"4.18.0\" _module_preset=\"default\" global_colors_info=\"{}\"][\/et_pb_image][et_pb_text _builder_version=\"4.18.0\" _module_preset=\"dd9a8bf9-9358-45f9-ac4d-6c63ee5c3857\" header_text_color=\"gcid-caa0fa1e-947b-41fc-b460-32eaeab238fc\" global_colors_info=\"{%22gcid-caa0fa1e-947b-41fc-b460-32eaeab238fc%22:%91%22header_text_color%22%93}\"]<\/p><h1>Robert G\u00f6hring<\/h1><p><strong>Dipl.-Ing. Univ. <span class=\"wpwd-seperator\">I<\/span> Patentanwalt <span class=\"wpwd-seperator\">I<\/span> Partner<\/strong><\/p><p style=\"text-align: left;\">ist patentrechtlich sowohl in Anmeldeverfahren als auch Verletzungs- und Nichtigkeitsverfahren t\u00e4tig sowie im Marken- und Geschmacksmusterrecht. Sein technischer T\u00e4tigkeitsschwerpunkt ist das Gebiet der Elektrotechnik. Besondere Erfahrung hat er in Lizenzverhandlungen und gerichtlichen Patentauseinandersetzungen.<\/p><p><a href=\"tel:0049772188380\">Telefon +49 7721 88380<\/a><br \/>Telefax +49 7721 883850<br \/><a href=\"mailto:mail@wemupat.de\">mail@wemupat.de<\/a><\/p><p>[\/et_pb_text][et_pb_text disabled_on=\"on|on|on\" _builder_version=\"4.18.0\" _module_preset=\"5c2aa4cd-70f0-473f-8f4e-5a4a7a5c719a\" custom_padding=\"||0px|||\" disabled=\"on\" global_colors_info=\"{}\"]<a href=\"mailto:mail@wemupat.de\">mail@wemupat.de <\/a><br \/>+vCard<br \/>[\/et_pb_text][\/et_pb_column][et_pb_column type=\"3_5\" _builder_version=\"4.18.0\" _module_preset=\"default\" global_colors_info=\"{}\"][et_pb_image src=\"https:\/\/www.wemupat.de\/wp-content\/uploads\/2023\/03\/Robert-Goehring-emotion.jpg\" title_text=\"Robert-Goehring-emotion\" disabled_on=\"on|on|off\" _builder_version=\"4.18.0\" _module_preset=\"default\" global_colors_info=\"{}\"][\/et_pb_image][\/et_pb_column][\/et_pb_row][\/et_pb_section][et_pb_section fb_built=\"1\" _builder_version=\"4.18.0\" _module_preset=\"default\" background_color=\"gcid-7f8a273b-6dca-4842-9089-16c9c10088fc\" custom_padding=\"40px||80px||false|false\" global_colors_info=\"{%22gcid-7f8a273b-6dca-4842-9089-16c9c10088fc%22:%91%22background_color%22%93}\"][et_pb_row column_structure=\"1_2,1_2\" _builder_version=\"4.18.0\" _module_preset=\"default\" global_colors_info=\"{}\"][et_pb_column type=\"1_2\" _builder_version=\"4.18.0\" _module_preset=\"default\" global_colors_info=\"{}\"][et_pb_text _builder_version=\"4.18.0\" _module_preset=\"5c2aa4cd-70f0-473f-8f4e-5a4a7a5c719a\" global_colors_info=\"{}\"]<\/p><p><b>Qualifikation:<\/b><\/p><ul><li>Deutscher Patentanwalt<\/li><li>European Patent Attorney<\/li><li>European Trademark and Design Attorney<\/li><li>Diplom-Ingenieur (Univ.)<\/li><\/ul><p><b>Schwerpunkte:<\/b><\/p><ul><li>Markenrecht<\/li><li>Anmeldeverfahren von Patenten<\/li><li>Patentverletzungs- und Nichtigkeitsverfahren<\/li><\/ul><p><b>Technischer Schwerpunkt:<\/b><\/p><ul><li>Elektrotechnik, insbesondere:<ul><li>Hochfrequenztechnik<\/li><li>Nachrichtentechnik<\/li><li>elektrische Bauelemente<\/li><li>integrierte Schaltungen<\/li><\/ul><\/li><\/ul><p>\u00a0<\/p><p>[\/et_pb_text][\/et_pb_column][et_pb_column type=\"1_2\" _builder_version=\"4.18.0\" _module_preset=\"default\" global_colors_info=\"{}\"][et_pb_toggle title=\"Werdegang und Berufserfahrung\" _builder_version=\"4.18.0\" _module_preset=\"f6d010e6-bb4c-43d1-b242-117cfa53a915\" global_colors_info=\"{%22gcid-caa0fa1e-947b-41fc-b460-32eaeab238fc%22:%91%22open_toggle_background_color%22%93}\"]<\/p><ul><li>Studium der Elektrotechnik an der Technischen Universit\u00e4t M\u00fcnchen<\/li><li>Abschluss: Diplom-Ingenieur (Univ.)<\/li><li>Forschungst\u00e4tigkeit am Institut f\u00fcr Elektrische Bauelemente der Technischen Universit\u00e4t M\u00fcnchen<\/li><li>T\u00e4tigkeit als freier Mitarbeiter bei der CSMI-Technologie Transfer GmbH in M\u00fcnchen<\/li><li>Patentsachbearbeiter f\u00fcr integrierte Schaltungen bei der Siemens AG in M\u00fcnchen<\/li><li>Lehrbeauftragter f\u00fcr gewerblichen Rechtsschutz an der Hochschule Furtwangen<\/li><li>patentrechtliche Ausbildung<ul><li>beim CEIPI (Centre d\u2019\u00e9tudes internationales de la propri\u00e9t\u00e9 intellectuelle) in Stra\u00dfburg<\/li><li>beim Deutschen Patent- und Markenamt<\/li><li>beim Bundespatentgericht<\/li><li>bei der Patentstreitkammer des Landgerichts M\u00fcnchen<\/li><\/ul><\/li><\/ul><p>[\/et_pb_toggle][et_pb_toggle title=\"Mitgliedschaften\" admin_label=\"Umschalter\" _builder_version=\"4.18.0\" _module_preset=\"f6d010e6-bb4c-43d1-b242-117cfa53a915\" global_colors_info=\"{%22gcid-caa0fa1e-947b-41fc-b460-32eaeab238fc%22:%91%22open_toggle_background_color%22%93}\"]<\/p><ul><li>Patentanwaltskammer (PAK)<\/li><li>Institut der beim Europ\u00e4ischen Patentamt zugelassenen Vertreter (EPI)<\/li><li>Internationale F\u00f6deration von Patentanw\u00e4lten (FICPI)<\/li><li>Vereinigung von Fachleuten des gewerblichen Rechtsschutzes (VPP)<\/li><li>Deutsche Vereinigung f\u00fcr gewerblichen Rechtsschutz und Urheberrecht (GRUR)<\/li><li>Internationale Vereinigung f\u00fcr gewerblichen Rechtsschutz (AIPPI)<\/li><li>Bundesverband Deutscher Patentanw\u00e4lte (BDP)<\/li><\/ul><p>[\/et_pb_toggle][\/et_pb_column][\/et_pb_row][\/et_pb_section]<\/p>","_et_gb_content_width":"","footnotes":""},"class_list":["post-2201","page","type-page","status-publish","hentry"],"_links":{"self":[{"href":"https:\/\/www.wemupat.de\/en\/wp-json\/wp\/v2\/pages\/2201","targetHints":{"allow":["GET"]}}],"collection":[{"href":"https:\/\/www.wemupat.de\/en\/wp-json\/wp\/v2\/pages"}],"about":[{"href":"https:\/\/www.wemupat.de\/en\/wp-json\/wp\/v2\/types\/page"}],"author":[{"embeddable":true,"href":"https:\/\/www.wemupat.de\/en\/wp-json\/wp\/v2\/users\/1"}],"replies":[{"embeddable":true,"href":"https:\/\/www.wemupat.de\/en\/wp-json\/wp\/v2\/comments?post=2201"}],"version-history":[{"count":6,"href":"https:\/\/www.wemupat.de\/en\/wp-json\/wp\/v2\/pages\/2201\/revisions"}],"predecessor-version":[{"id":3118,"href":"https:\/\/www.wemupat.de\/en\/wp-json\/wp\/v2\/pages\/2201\/revisions\/3118"}],"up":[{"embeddable":true,"href":"https:\/\/www.wemupat.de\/en\/wp-json\/wp\/v2\/pages\/2047"}],"wp:attachment":[{"href":"https:\/\/www.wemupat.de\/en\/wp-json\/wp\/v2\/media?parent=2201"}],"curies":[{"name":"wp","href":"https:\/\/api.w.org\/{rel}","templated":true}]}}