{"id":2317,"date":"2022-10-20T15:18:55","date_gmt":"2022-10-20T13:18:55","guid":{"rendered":"https:\/\/www.wemupat.de\/?page_id=2317"},"modified":"2023-12-21T09:25:53","modified_gmt":"2023-12-21T08:25:53","slug":"legal-notice","status":"publish","type":"page","link":"https:\/\/www.wemupat.de\/en\/legal-notice\/","title":{"rendered":"Legal notice"},"content":{"rendered":"<p>[et_pb_section fb_built=&#8221;1&#8243; _builder_version=&#8221;4.18.0&#8243; _module_preset=&#8221;default&#8221; custom_padding=&#8221;80px||80px||false|false&#8221; global_colors_info=&#8221;{}&#8221;][et_pb_row _builder_version=&#8221;4.18.0&#8243; _module_preset=&#8221;default&#8221; global_colors_info=&#8221;{}&#8221;][et_pb_column type=&#8221;4_4&#8243; _builder_version=&#8221;4.18.0&#8243; _module_preset=&#8221;default&#8221; global_colors_info=&#8221;{}&#8221;][et_pb_text _builder_version=&#8221;4.23.1&#8243; _module_preset=&#8221;5c2aa4cd-70f0-473f-8f4e-5a4a7a5c719a&#8221; global_colors_info=&#8221;{}&#8221;]<\/p>\n<div class=\"sixteen columns\">\n<h1>Impressum<\/h1>\n<p>Angaben nach \u00a75 Telemediengesetz und \u00a72 Dienstleistungs-Informationspflichten-Verordnung.<\/p>\n<p>Sie befinden sich auf der Website der Partnerschaftsgesellschaft:<br \/>Westphal, Mussgnug &amp; Partner, Patentanw\u00e4lte mit beschr\u00e4nkter Berufshaftung<\/p>\n<p><strong>Vertretungsberechtigte Partner sind:<\/strong><br \/>Robert G\u00f6hring<br \/>Michael Bickel<br \/>Dr. Stephanie Modrow<br \/>Dr. Sebastian C. Schneider<br \/>Heike Bischof<br \/>Dr. Clemens Rakenius<\/p>\n<p>Sitz der Gesellschaft: Villingen-Schwenningen<br \/>Registergericht: Freiburg im Breisgau, PR 600005<\/p>\n<p>Umsatzsteueridentifikationsnummer: DE142989261<\/p>\n<p><strong>Kanzlei Villingen<\/strong><br \/>Am Riettor 5<br \/>78048 Villingen-Schwenningen<br \/>Deutschland<br \/>Telefon: +49 (0)7721 88 38 0<br \/>Telefax: +49 (0)7721 88 38 50<br \/>e-mail:\u00a0<a href=\"mailto:mail@wemupat.de\">mail@wemupat.de<\/a><\/p>\n<p><strong>Kanzlei M\u00fcnchen<\/strong><br \/>Werinherstr. 79, Geb\u00e4ude 32B<br \/>81541 M\u00fcnchen<br \/>Deutschland<br \/>Telefon: +49 (0)89 544 792 80<br \/>Telefax: +49 (0)89 544 792 830<br \/>e-mail:\u00a0<a href=\"mailto:muc@wemupat.de\">muc@wemupat.de<\/a><\/p>\n<p>&nbsp;<\/p>\n<h2>F\u00fcr alle Inhalte dieser Homepage gelten die folgenden Hinweise<\/h2>\n<h3>1. Allgemein<\/h3>\n<p>Die Kanzlei Patentanw\u00e4lte Westphal, Mussgnug &amp; Partner ist als Diensteanbieter nach \u00a7 2 Nr. 1 Teledienst-Gesetz f\u00fcr die \u201eeigenen Inhalte\u201c, die sie zur Nutzung bereithalten, verantwortlich. Obwohl die Inhalte sorgf\u00e4ltig gepr\u00fcft und st\u00e4ndig aktualisiert werden, kann eine Garantie f\u00fcr die Vollst\u00e4ndigkeit, Richtigkeit und letzte Aktualit\u00e4t jedoch nicht \u00fcbernommen werden. Die Kanzlei Patentanw\u00e4lte Westphal, Mussgnug &amp; Partner haftet daher nicht f\u00fcr Sch\u00e4den, die in Zusammenhang mit der Verwendung dieser Inhalte stehen. Die Informationen dieser Web-Page sind keine Rechtsberatung, die zur Beurteilung eines Einzelfalls geeignet oder ausreichend sind. Durch die Pr\u00e4sentation dieser Informationen wird kein Mandantenverh\u00e4ltnis begr\u00fcndet.<\/p>\n<h3>2. Fremde Links<\/h3>\n<p>Mit dem Urteil vom 12.5.1998 \u2013 AZ 312 O 85\/98 \u2013 hat das Landgericht Hamburg entschieden, dass ein Sitebetreiber durch die Verwendung von verkn\u00fcpfenden Querverweisen (\u201eLinks\u201c) die Inhalte dieser verkn\u00fcpften Seiten mit zu verantworten hat. Dies kann, so das LG Hamburg, nur dadurch verhindert werden, dass man sich ausdr\u00fccklich von diesen Inhalten distanziert. Da wir keinen Einfluss auf Gestaltung und Inhalte der verkn\u00fcpften Seiten haben, distanzieren wir uns durch die folgende Erkl\u00e4rung ausdr\u00fccklich von diesen Seiten und Inhalten. Diese Erkl\u00e4rung gilt f\u00fcr alle auf unserer Homepage angebrachten Links und f\u00fcr alle Inhalte der Seiten, zu denen Links f\u00fchren.<\/p>\n<h3>3. Copyright<\/h3>\n<p>Alle Rechte an dieser Website und an den in ihr enthaltenden Inhalten liegen bei den Urhebern. Nutzer k\u00f6nnen einzelne Programme, Dateien oder Inhalte herunterladen, nutzen und weiter\u00fcbertragen, sofern vorhandene Urheberrechtsvermerke nicht entfernt werden, jedoch in keiner Form, einzeln oder kombiniert, ohne Zustimmung der Berechtigten gewerblich nutzen. die Haftung bestimmt sich nach den allgemeinen Gesetzen, der H\u00f6he nach jedoch beschr\u00e4nkt auf vorhersehbare Sch\u00e4den.<\/p>\n<h3>4. Zusendung von e-Mails<\/h3>\n<p>Bitte beachten Sie, dass die Kommunikation \u00fcber das Internet, insbesondere e-Mails, nicht vor dem Zugriff unbefugter Dritter gesch\u00fctzt ist. F\u00fcr einen diesbez\u00fcglichen Schutz bitten wir Sie, g\u00e4ngige Verschl\u00fcsselungsverfahren zu benutzen oder andere Kommunikationsmittel zu verwenden.<\/p>\n<p>Werbemails im kommerziellen Sinne sind nicht erw\u00fcnscht und weitere Zusendungen werden abgemahnt.<\/p>\n<h3>5. Datenschutzhinweis<\/h3>\n<p>Alle auf dieser Website genannten Personen widersprechen hiermit jeder kommerziellen Verwendung und Weitergabe Ihrer Daten (vgl. \u00a7 28 BDSG).<\/p>\n<h3>6. Berufsbezeichnungen<\/h3>\n<p>Die gesetzlichen Berufsbezeichnungen Patentanwalt und Zugelassener Vertreter vor dem Europ\u00e4ischen Patentamt (European Patent Attorney) wurden von der Bundesrepublik Deutschland bzw. vom Europ\u00e4ischen Patentamt verliehen.<\/p>\n<p>In \u00d6sterreich sind die Patentanw\u00e4lte als dienstleistende Patentanw\u00e4lte im Sinne des \u00a7 16a des \u00f6sterreichischen Patentanwaltsgesetzes (PatAnwG) sowie als Zugelassene Vertreter vor dem Europ\u00e4ischen Patentamt (European Patent Attorneys) t\u00e4tig. Die Patentanw\u00e4lte Bernhard Schmuckermeier, Michael Bickel und Dr. Sebastian Claus Schneider sind als dienstleistende Patentanw\u00e4lte in das Verzeichnis gem\u00e4\u00df \u00a7 16a (4) PatAnwG eingetragen (siehe: Verlautbarungen der \u00f6sterreichischen Patentanwaltskammer).<\/p>\n<p>Die Legitimation zur Benutzung der Berufsbezeichnung European Trademark Attorney und European Design Attorney wird durch Eintragung in die Liste der zugelassenen Vertreter beim Harmonisierungsamt f\u00fcr den Binnenmarkt entsprechend Art. 89 der Verordnung (EG) Nr. 40\/94 des Rates vom 20. Dezember 1993 \u00fcber die Gemeinschaftsmarke und Art. 78 der Verordnung (EG) Nr. 6.2002 des Rates vom 12.Dezember 2001 \u00fcber das Gemeinschaftsgeschmacksmuster erlangt.<\/p>\n<h3>7. Aufsichtsbeh\u00f6rden<\/h3>\n<p>Die f\u00fcr deutsche Patentanw\u00e4lte und European Patent, Trademark and Design Attorneys zust\u00e4ndige Aufsichtsbeh\u00f6rden sind:<\/p>\n<p><strong>Deutsche Patentanwaltskammer<\/strong><br \/>Tal 29<br \/>80331 M\u00fcnchen<br \/>Deutschland\/Germany<br \/>Telefon: +49 (0)89 24 22 78 0<br \/>Telefax: +49 (0)89 24 22 78 24<br \/><a href=\"http:\/\/www.patentanwaltskammer.de\/\">www.patentanwaltskammer.de<\/a><\/p>\n<p><strong>epi \u2013 Institut der beim Europ\u00e4ischen Patentamt zugelassenen Vertreter<\/strong><br \/>Tal 29<br \/>80331 M\u00fcnchen<br \/>Deutschland\/Germany<br \/>Postfach 260112<br \/>D- 80058 M\u00fcnchen<br \/>Deutschland\/Germany<br \/>Telefon: +49 (0)89 201 70 80<br \/>Telefax: +49 (0)89 202 15 48<br \/>e-mail: info@patentepi.com<br \/><a href=\"http:\/\/www.patentepi.com\/\">www.patentepi.com<\/a><\/p>\n<p>Soweit die Patentanw\u00e4lte als dienstleistende Patentanw\u00e4lte in \u00d6sterreich t\u00e4tig sind, ist die zust\u00e4ndige Aufsichtsbeh\u00f6rde:<\/p>\n<p><strong>\u00f6sterreichische Patentanwaltskammer<\/strong><br \/>Linke Wienzeile 4\/1\/9,<br \/>1060 Wien<br \/>\u00d6sterreich\/Austria<\/p>\n<h3>8. Berufsrechtliche Regelungen<\/h3>\n<p>Die ma\u00dfgeblichen berufsrechtlichen Regelungen f\u00fcr die deutschen Patentanw\u00e4lte und European Patent Attorneys unserer Kanzlei sind<\/p>\n<p>\u2013 Patentanwaltsordnung (deutsches BGBl. I 1966, S. 557, zuletzt ge\u00e4ndert durch deutsches BGBl. I 2001, S. 3656)<\/p>\n<p>\u2013 Berufsordnung der Patentanw\u00e4lte (Mitt. 1997, 243 ff.)<\/p>\n<p>\u2013 FICPI Standesregeln (<a href=\"http:\/\/www.ficpi.org\/aboutframe.html\">http:\/\/www.ficpi.org\/aboutframe.html<\/a>)<\/p>\n<p>\u2013 Richtlinien des Instituts der beim Europ\u00e4ischen Patentamt zugelassenen Vertreter f\u00fcr die Berufsaus\u00fcbung<br \/>216.92.57.242\/patentepi\/deutsch\/100\/120\/121\/<br \/>216.92.57.242\/patentepi\/deutsch\/100\/120\/123\/<\/p>\n<p>Soweit die Patentanw\u00e4lte als dienstleistende Patentanw\u00e4lte in \u00d6sterreich t\u00e4tig werden sind die Vorschriften des \u00f6sterreichischen Patentanwaltsgesetzes (\u00f6sterreichisches BGBl. Nr. 214\/1967 zuletzt ge\u00e4ndert durch \u00f6sterreichisches BGBl. I Nr. 135\/2009) anwendbar soweit diese dienstleistende Patentanw\u00e4lte betreffen.<\/p>\n<h3>9. Berufshaftpflichtversicherung<\/h3>\n<p>Eine Berufshaftpflichtversicherung mit weltweiter Deckung besteht bei:<\/p>\n<p>R + V Allgemeine Versicherung AG<br \/>Taunusstra\u00dfe 1<br \/>65193 Wiesbaden<\/p>\n<p>&nbsp;<\/p>\n<\/div>\n<p>[\/et_pb_text][\/et_pb_column][\/et_pb_row][\/et_pb_section]<\/p>\n","protected":false},"excerpt":{"rendered":"<p>Impressum Angaben nach \u00a75 Telemediengesetz und \u00a72 Dienstleistungs-Informationspflichten-Verordnung. Sie befinden sich auf der Website der Partnerschaftsgesellschaft:Westphal, Mussgnug &amp; Partner, Patentanw\u00e4lte mit beschr\u00e4nkter Berufshaftung Vertretungsberechtigte Partner sind:Robert G\u00f6hringMichael BickelDr. Stephanie ModrowDr. Sebastian C. SchneiderHeike BischofDr. Clemens Rakenius Sitz der Gesellschaft: Villingen-SchwenningenRegistergericht: Freiburg im Breisgau, PR 600005 Umsatzsteueridentifikationsnummer: DE142989261 Kanzlei VillingenAm Riettor 578048 Villingen-SchwenningenDeutschlandTelefon: +49 (0)7721 88 [&hellip;]<\/p>\n","protected":false},"author":1,"featured_media":0,"parent":0,"menu_order":0,"comment_status":"closed","ping_status":"closed","template":"","meta":{"_et_pb_use_builder":"on","_et_pb_old_content":"<p>[et_pb_section fb_built=\"1\" _builder_version=\"4.18.0\" _module_preset=\"default\" custom_padding=\"80px||80px||false|false\" global_colors_info=\"{}\"][et_pb_row _builder_version=\"4.18.0\" _module_preset=\"default\" global_colors_info=\"{}\"][et_pb_column type=\"4_4\" _builder_version=\"4.18.0\" _module_preset=\"default\" global_colors_info=\"{}\"][et_pb_text _builder_version=\"4.18.0\" _module_preset=\"5c2aa4cd-70f0-473f-8f4e-5a4a7a5c719a\" hover_enabled=\"0\" global_colors_info=\"{}\" sticky_enabled=\"0\"]<\/p><div class=\"sixteen columns\"><h1>Impressum<\/h1><p>Angaben nach \u00a75 Telemediengesetz und \u00a72 Dienstleistungs-Informationspflichten-Verordnung.<\/p><p>Sie befinden sich auf der Website der Partnerschaftsgesellschaft:<br \/>Westphal, Mussgnug & Partner, Patentanw\u00e4lte mit beschr\u00e4nkter Berufshaftung<\/p><p><strong>Vertretungsberechtigte Partner sind:<\/strong><br \/>Robert G\u00f6hring<br \/>Michael Bickel<br \/>Dr. Stephanie Modrow<br \/>Dr. Sebastian C. Schneider<br \/>Heike Bischof<br \/>Dr. Clemens Rakenius<\/p><p>Sitz der Gesellschaft: Villingen-Schwenningen<br \/>Registergericht: Freiburg im Breisgau, PR 600005<\/p><p>Umsatzsteueridentifikationsnummer: DE142989261<\/p><p><strong>Kanzlei Villingen<\/strong><br \/>Am Riettor 5<br \/>78048 Villingen-Schwenningen<br \/>Deutschland<br \/>Telefon: +49 (0)7721 88 38 0<br \/>Telefax: +49 (0)7721 88 38 50<br \/>e-mail:\u00a0<a href=\"mailto:mail@wemupat.de\">mail@wemupat.de<\/a><\/p><p><strong>Kanzlei M\u00fcnchen<\/strong><br \/>Werinherstr. 79, Geb\u00e4ude 32B<br \/>81541 M\u00fcnchen<br \/>Deutschland<br \/>Telefon: +49 (0)89 544 792 80<br \/>Telefax: +49 (0)89 544 792 830<br \/>e-mail:\u00a0<a href=\"mailto:muc@wemupat.de\">muc@wemupat.de<\/a><\/p><p><strong>Westphal, Mussgnug & Partner in \u00d6sterreich<\/strong><br \/>B\u00fcro Linz: Promenade 6, 4020 Linz, \u00d6sterreich<br \/>Internetseite:\u00a0<a href=\"http:\/\/www.wemupat.at\/\">www.wemupat.at<\/a><\/p><p>\u00a0<\/p><h2>F\u00fcr alle Inhalte dieser Homepage gelten die folgenden Hinweise<\/h2><h3>1. Allgemein<\/h3><p>Die Kanzlei Patentanw\u00e4lte Westphal, Mussgnug & Partner ist als Diensteanbieter nach \u00a7 2 Nr. 1 Teledienst-Gesetz f\u00fcr die \u201eeigenen Inhalte\u201c, die sie zur Nutzung bereithalten, verantwortlich. Obwohl die Inhalte sorgf\u00e4ltig gepr\u00fcft und st\u00e4ndig aktualisiert werden, kann eine Garantie f\u00fcr die Vollst\u00e4ndigkeit, Richtigkeit und letzte Aktualit\u00e4t jedoch nicht \u00fcbernommen werden. Die Kanzlei Patentanw\u00e4lte Westphal, Mussgnug & Partner haftet daher nicht f\u00fcr Sch\u00e4den, die in Zusammenhang mit der Verwendung dieser Inhalte stehen. Die Informationen dieser Web-Page sind keine Rechtsberatung, die zur Beurteilung eines Einzelfalls geeignet oder ausreichend sind. Durch die Pr\u00e4sentation dieser Informationen wird kein Mandantenverh\u00e4ltnis begr\u00fcndet.<\/p><h3>2. Fremde Links<\/h3><p>Mit dem Urteil vom 12.5.1998 \u2013 AZ 312 O 85\/98 \u2013 hat das Landgericht Hamburg entschieden, dass ein Sitebetreiber durch die Verwendung von verkn\u00fcpfenden Querverweisen (\u201eLinks\u201c) die Inhalte dieser verkn\u00fcpften Seiten mit zu verantworten hat. Dies kann, so das LG Hamburg, nur dadurch verhindert werden, dass man sich ausdr\u00fccklich von diesen Inhalten distanziert. Da wir keinen Einfluss auf Gestaltung und Inhalte der verkn\u00fcpften Seiten haben, distanzieren wir uns durch die folgende Erkl\u00e4rung ausdr\u00fccklich von diesen Seiten und Inhalten. Diese Erkl\u00e4rung gilt f\u00fcr alle auf unserer Homepage angebrachten Links und f\u00fcr alle Inhalte der Seiten, zu denen Links f\u00fchren.<\/p><h3>3. Copyright<\/h3><p>Alle Rechte an dieser Website und an den in ihr enthaltenden Inhalten liegen bei den Urhebern. Nutzer k\u00f6nnen einzelne Programme, Dateien oder Inhalte herunterladen, nutzen und weiter\u00fcbertragen, sofern vorhandene Urheberrechtsvermerke nicht entfernt werden, jedoch in keiner Form, einzeln oder kombiniert, ohne Zustimmung der Berechtigten gewerblich nutzen. die Haftung bestimmt sich nach den allgemeinen Gesetzen, der H\u00f6he nach jedoch beschr\u00e4nkt auf vorhersehbare Sch\u00e4den.<\/p><h3>4. Zusendung von e-Mails<\/h3><p>Bitte beachten Sie, dass die Kommunikation \u00fcber das Internet, insbesondere e-Mails, nicht vor dem Zugriff unbefugter Dritter gesch\u00fctzt ist. F\u00fcr einen diesbez\u00fcglichen Schutz bitten wir Sie, g\u00e4ngige Verschl\u00fcsselungsverfahren zu benutzen oder andere Kommunikationsmittel zu verwenden.<\/p><p>Werbemails im kommerziellen Sinne sind nicht erw\u00fcnscht und weitere Zusendungen werden abgemahnt.<\/p><h3>5. Datenschutzhinweis<\/h3><p>Alle auf dieser Website genannten Personen widersprechen hiermit jeder kommerziellen Verwendung und Weitergabe Ihrer Daten (vgl. \u00a7 28 BDSG).<\/p><h3>6. Berufsbezeichnungen<\/h3><p>Die gesetzlichen Berufsbezeichnungen Patentanwalt und Zugelassener Vertreter vor dem Europ\u00e4ischen Patentamt (European Patent Attorney) wurden von der Bundesrepublik Deutschland bzw. vom Europ\u00e4ischen Patentamt verliehen.<\/p><p>In \u00d6sterreich sind die Patentanw\u00e4lte als dienstleistende Patentanw\u00e4lte im Sinne des \u00a7 16a des \u00f6sterreichischen Patentanwaltsgesetzes (PatAnwG) sowie als Zugelassene Vertreter vor dem Europ\u00e4ischen Patentamt (European Patent Attorneys) t\u00e4tig. Die Patentanw\u00e4lte Bernhard Schmuckermeier, Michael Bickel und Dr. Sebastian Claus Schneider sind als dienstleistende Patentanw\u00e4lte in das Verzeichnis gem\u00e4\u00df \u00a7 16a (4) PatAnwG eingetragen (siehe: Verlautbarungen der \u00f6sterreichischen Patentanwaltskammer).<\/p><p>Die Legitimation zur Benutzung der Berufsbezeichnung European Trademark Attorney und European Design Attorney wird durch Eintragung in die Liste der zugelassenen Vertreter beim Harmonisierungsamt f\u00fcr den Binnenmarkt entsprechend Art. 89 der Verordnung (EG) Nr. 40\/94 des Rates vom 20. Dezember 1993 \u00fcber die Gemeinschaftsmarke und Art. 78 der Verordnung (EG) Nr. 6.2002 des Rates vom 12.Dezember 2001 \u00fcber das Gemeinschaftsgeschmacksmuster erlangt.<\/p><h3>7. Aufsichtsbeh\u00f6rden<\/h3><p>Die f\u00fcr deutsche Patentanw\u00e4lte und European Patent, Trademark and Design Attorneys zust\u00e4ndige Aufsichtsbeh\u00f6rden sind:<\/p><p><strong>Deutsche Patentanwaltskammer<\/strong><br \/>Tal 29<br \/>80331 M\u00fcnchen<br \/>Deutschland\/Germany<br \/>Telefon: +49 (0)89 24 22 78 0<br \/>Telefax: +49 (0)89 24 22 78 24<br \/><a href=\"http:\/\/www.patentanwaltskammer.de\/\">www.patentanwaltskammer.de<\/a><\/p><p><strong>epi \u2013 Institut der beim Europ\u00e4ischen Patentamt zugelassenen Vertreter<\/strong><br \/>Tal 29<br \/>80331 M\u00fcnchen<br \/>Deutschland\/Germany<br \/>Postfach 260112<br \/>D- 80058 M\u00fcnchen<br \/>Deutschland\/Germany<br \/>Telefon: +49 (0)89 201 70 80<br \/>Telefax: +49 (0)89 202 15 48<br \/>e-mail: info@patentepi.com<br \/><a href=\"http:\/\/www.patentepi.com\/\">www.patentepi.com<\/a><\/p><p>Soweit die Patentanw\u00e4lte als dienstleistende Patentanw\u00e4lte in \u00d6sterreich t\u00e4tig sind, ist die zust\u00e4ndige Aufsichtsbeh\u00f6rde:<\/p><p><strong>\u00f6sterreichische Patentanwaltskammer<\/strong><br \/>Linke Wienzeile 4\/1\/9,<br \/>1060 Wien<br \/>\u00d6sterreich\/Austria<\/p><h3>8. Berufsrechtliche Regelungen<\/h3><p>Die ma\u00dfgeblichen berufsrechtlichen Regelungen f\u00fcr die deutschen Patentanw\u00e4lte und European Patent Attorneys unserer Kanzlei sind<\/p><p>\u2013 Patentanwaltsordnung (deutsches BGBl. I 1966, S. 557, zuletzt ge\u00e4ndert durch deutsches BGBl. I 2001, S. 3656)<\/p><p>\u2013 Berufsordnung der Patentanw\u00e4lte (Mitt. 1997, 243 ff.)<\/p><p>\u2013 FICPI Standesregeln (<a href=\"http:\/\/www.ficpi.org\/aboutframe.html\">http:\/\/www.ficpi.org\/aboutframe.html<\/a>)<\/p><p>\u2013 Richtlinien des Instituts der beim Europ\u00e4ischen Patentamt zugelassenen Vertreter f\u00fcr die Berufsaus\u00fcbung<br \/>216.92.57.242\/patentepi\/deutsch\/100\/120\/121\/<br \/>216.92.57.242\/patentepi\/deutsch\/100\/120\/123\/<\/p><p>Soweit die Patentanw\u00e4lte als dienstleistende Patentanw\u00e4lte in \u00d6sterreich t\u00e4tig werden sind die Vorschriften des \u00f6sterreichischen Patentanwaltsgesetzes (\u00f6sterreichisches BGBl. Nr. 214\/1967 zuletzt ge\u00e4ndert durch \u00f6sterreichisches BGBl. I Nr. 135\/2009) anwendbar soweit diese dienstleistende Patentanw\u00e4lte betreffen.<\/p><h3>9. Berufshaftpflichtversicherung<\/h3><p>Eine Berufshaftpflichtversicherung mit weltweiter Deckung besteht bei:<\/p><p>R + V Allgemeine Versicherung AG<br \/>Taunusstra\u00dfe 1<br \/>65193 Wiesbaden<\/p><p>\u00a0<\/p><\/div><p>[\/et_pb_text][\/et_pb_column][\/et_pb_row][\/et_pb_section]<\/p>","_et_gb_content_width":"","footnotes":""},"class_list":["post-2317","page","type-page","status-publish","hentry"],"_links":{"self":[{"href":"https:\/\/www.wemupat.de\/en\/wp-json\/wp\/v2\/pages\/2317","targetHints":{"allow":["GET"]}}],"collection":[{"href":"https:\/\/www.wemupat.de\/en\/wp-json\/wp\/v2\/pages"}],"about":[{"href":"https:\/\/www.wemupat.de\/en\/wp-json\/wp\/v2\/types\/page"}],"author":[{"embeddable":true,"href":"https:\/\/www.wemupat.de\/en\/wp-json\/wp\/v2\/users\/1"}],"replies":[{"embeddable":true,"href":"https:\/\/www.wemupat.de\/en\/wp-json\/wp\/v2\/comments?post=2317"}],"version-history":[{"count":6,"href":"https:\/\/www.wemupat.de\/en\/wp-json\/wp\/v2\/pages\/2317\/revisions"}],"predecessor-version":[{"id":2667,"href":"https:\/\/www.wemupat.de\/en\/wp-json\/wp\/v2\/pages\/2317\/revisions\/2667"}],"wp:attachment":[{"href":"https:\/\/www.wemupat.de\/en\/wp-json\/wp\/v2\/media?parent=2317"}],"curies":[{"name":"wp","href":"https:\/\/api.w.org\/{rel}","templated":true}]}}