{"id":2497,"date":"2023-07-18T15:16:53","date_gmt":"2023-07-18T13:16:53","guid":{"rendered":"https:\/\/www.wemupat.de\/?page_id=2497"},"modified":"2023-07-28T13:26:50","modified_gmt":"2023-07-28T11:26:50","slug":"david-baumhackel","status":"publish","type":"page","link":"https:\/\/www.wemupat.de\/en\/team\/david-baumhackel\/","title":{"rendered":"David Baumh\u00e4ckel"},"content":{"rendered":"<p>[et_pb_section fb_built=&#8221;1&#8243; _builder_version=&#8221;4.18.0&#8243; _module_preset=&#8221;default&#8221; custom_padding=&#8221;80px||39px||false|false&#8221; global_colors_info=&#8221;{}&#8221;][et_pb_row column_structure=&#8221;2_5,3_5&#8243; _builder_version=&#8221;4.18.0&#8243; _module_preset=&#8221;default&#8221; global_colors_info=&#8221;{}&#8221;][et_pb_column type=&#8221;2_5&#8243; _builder_version=&#8221;4.18.0&#8243; _module_preset=&#8221;default&#8221; global_colors_info=&#8221;{}&#8221;][et_pb_image src=&#8221;https:\/\/www.wemupat.de\/wp-content\/uploads\/2023\/07\/Baumhaeckel_emotion.jpg&#8221; title_text=&#8221;Baumhaeckel_emotion&#8221; disabled_on=&#8221;off|off|on&#8221; _builder_version=&#8221;4.21.0&#8243; _module_preset=&#8221;default&#8221; global_colors_info=&#8221;{}&#8221;][\/et_pb_image][et_pb_text _builder_version=&#8221;4.21.0&#8243; _module_preset=&#8221;dd9a8bf9-9358-45f9-ac4d-6c63ee5c3857&#8243; hover_enabled=&#8221;0&#8243; global_colors_info=&#8221;{}&#8221; sticky_enabled=&#8221;0&#8243;]<\/p>\n<h1>David Baumh\u00e4ckel<\/h1>\n<p><strong>M. Sc. <span class=\"wpwd-seperator\">I<\/span> Patent Engineer<br \/><\/strong><\/p>\n<p>In addition to trademark law, his practice areas primarily focus on patent application and granting procedures as well as infringement and invalidity proceedings. His technical focus is on electrical engineering, in particular power electronics, control technology, electric drives and communication technology.<\/p>\n<p><a href=\"tel:0049772188380\">Phone +49 7721 88380<\/a><br \/>Fax +49 7721 883850<br \/><a href=\"mailto:mail@wemupat.de\">mail@wemupat.de<\/a><\/p>\n<p>[\/et_pb_text][et_pb_text disabled_on=&#8221;on|on|on&#8221; _builder_version=&#8221;4.21.0&#8243; _module_preset=&#8221;5c2aa4cd-70f0-473f-8f4e-5a4a7a5c719a&#8221; custom_padding=&#8221;||0px|||&#8221; disabled=&#8221;on&#8221; global_colors_info=&#8221;{}&#8221;]<a href=\"mailto:gouat@wemupat.de\">gouat@wemupat.de <\/a><br \/>\n+vCard<br \/>\n[\/et_pb_text][\/et_pb_column][et_pb_column type=&#8221;3_5&#8243; _builder_version=&#8221;4.18.0&#8243; _module_preset=&#8221;default&#8221; global_colors_info=&#8221;{}&#8221;][et_pb_image src=&#8221;https:\/\/www.wemupat.de\/wp-content\/uploads\/2023\/07\/Baumhaeckel_emotion.jpg&#8221; title_text=&#8221;Baumhaeckel_emotion&#8221; disabled_on=&#8221;on|on|off&#8221; admin_label=&#8221;Bild&#8221; _builder_version=&#8221;4.21.0&#8243; _module_preset=&#8221;default&#8221; global_colors_info=&#8221;{}&#8221;][\/et_pb_image][\/et_pb_column][\/et_pb_row][\/et_pb_section][et_pb_section fb_built=&#8221;1&#8243; _builder_version=&#8221;4.18.0&#8243; _module_preset=&#8221;default&#8221; background_color=&#8221;gcid-7f8a273b-6dca-4842-9089-16c9c10088fc&#8221; custom_padding=&#8221;39px||80px||false|false&#8221; global_colors_info=&#8221;{%22gcid-7f8a273b-6dca-4842-9089-16c9c10088fc%22:%91%22background_color%22%93}&#8221;][et_pb_row column_structure=&#8221;1_2,1_2&#8243; _builder_version=&#8221;4.18.0&#8243; _module_preset=&#8221;default&#8221; global_colors_info=&#8221;{}&#8221;][et_pb_column type=&#8221;1_2&#8243; _builder_version=&#8221;4.18.0&#8243; _module_preset=&#8221;default&#8221; global_colors_info=&#8221;{}&#8221;][et_pb_text _builder_version=&#8221;4.21.0&#8243; _module_preset=&#8221;5c2aa4cd-70f0-473f-8f4e-5a4a7a5c719a&#8221; global_colors_info=&#8221;{}&#8221;]<\/p>\n<p><b>Qualification:<\/b><\/p>\n<ul>\n<li>Master of Science (electrical engineering and information technology)<\/li>\n<\/ul>\n<p><b>Focus areas:<\/b><\/p>\n<ul>\n<li>Application and grant procedures<\/li>\n<li>Validity and infringement proceedings<\/li>\n<li>Trademark Law<\/li>\n<\/ul>\n<p><b>Technical fokus:<\/b><\/p>\n<ul>\n<li>Power electronics<\/li>\n<li>Control technology<\/li>\n<li>Electric drives<\/li>\n<li>Communication technology<\/li>\n<\/ul>\n<p>[\/et_pb_text][\/et_pb_column][et_pb_column type=&#8221;1_2&#8243; _builder_version=&#8221;4.18.0&#8243; _module_preset=&#8221;default&#8221; global_colors_info=&#8221;{}&#8221;][et_pb_toggle title=&#8221;Career path and professional experience&#8221; _builder_version=&#8221;4.21.0&#8243; _module_preset=&#8221;f6d010e6-bb4c-43d1-b242-117cfa53a915&#8243; global_colors_info=&#8221;{%22gcid-caa0fa1e-947b-41fc-b460-32eaeab238fc%22:%91%22open_toggle_background_color%22%93}&#8221;]<\/p>\n<ul>\n<li>Bachelor&#8217;s degree in electrical engineering and information technology with a major in control technology from Karlsruhe Institute of Technology (KIT)<\/li>\n<li>Master&#8217;s degree in electrical engineering and information technology with a major in power electronics and electric drives from Karlsruhe Institute of Technology (KIT)<\/li>\n<li>Practical experience in the field of air and drive technology<\/li>\n<li>Currently in patent attorney training at Westphal, Mussgnug &amp; Partner<\/li>\n<li>Enrolled in \u201cLaw for patent attorneys\u201d at the Hagen Distance Learning University<\/li>\n<\/ul>\n<p>[\/et_pb_toggle][et_pb_toggle title=&#8221;Mitgliedschaften&#8221; disabled_on=&#8221;on|on|on&#8221; _builder_version=&#8221;4.21.0&#8243; _module_preset=&#8221;f6d010e6-bb4c-43d1-b242-117cfa53a915&#8243; title_font=&#8221;Roboto-Regular||||||||&#8221; disabled=&#8221;on&#8221; global_colors_info=&#8221;{%22gcid-caa0fa1e-947b-41fc-b460-32eaeab238fc%22:%91%22open_toggle_background_color%22%93}&#8221;]<\/p>\n<ul>\n<li>Patentanwaltskammer (PAK)<\/li>\n<li>Institut der beim Europ\u00e4ischen Patentamt zugelassenen Vertreter (EPI)<\/li>\n<li>Internationale F\u00f6deration von Patentanw\u00e4lten (FICPI)<\/li>\n<\/ul>\n<p>[\/et_pb_toggle][\/et_pb_column][\/et_pb_row][\/et_pb_section]<\/p>\n","protected":false},"excerpt":{"rendered":"<p>David Baumh\u00e4ckel M. Sc. I Patent Engineer In addition to trademark law, his practice areas primarily focus on patent application and granting procedures as well as infringement and invalidity proceedings. His technical focus is on electrical engineering, in particular power electronics, control technology, electric drives and communication technology. Phone +49 7721 88380Fax +49 7721 883850mail@wemupat.degouat@wemupat.de [&hellip;]<\/p>\n","protected":false},"author":4,"featured_media":0,"parent":2047,"menu_order":0,"comment_status":"closed","ping_status":"closed","template":"","meta":{"_et_pb_use_builder":"on","_et_pb_old_content":"<p>[et_pb_section fb_built=\"1\" _builder_version=\"4.18.0\" _module_preset=\"default\" custom_padding=\"80px||39px||false|false\" global_colors_info=\"{}\"][et_pb_row column_structure=\"2_5,3_5\" _builder_version=\"4.18.0\" _module_preset=\"default\" global_colors_info=\"{}\"][et_pb_column type=\"2_5\" _builder_version=\"4.18.0\" _module_preset=\"default\" global_colors_info=\"{}\"][et_pb_image src=\"https:\/\/www.wemupat.de\/wp-content\/uploads\/2023\/07\/Baumhaeckel_emotion.jpg\" title_text=\"Baumhaeckel_emotion\" disabled_on=\"off|off|on\" _builder_version=\"4.21.0\" _module_preset=\"default\" global_colors_info=\"{}\"][\/et_pb_image][et_pb_text _builder_version=\"4.21.0\" _module_preset=\"dd9a8bf9-9358-45f9-ac4d-6c63ee5c3857\" global_colors_info=\"{}\"]<\/p><h1>David Baumh\u00e4ckel<\/h1><p><strong>M. Sc. <span class=\"wpwd-seperator\">I<\/span> Patentingenieur<br \/><\/strong><\/p><p>Zu seinen T\u00e4tigkeitsgebieten z\u00e4hlen neben dem Markenrecht haupts\u00e4chlich patentrechtliche Anmelde- und Erteilungsverfahren sowie Rechtsbestands- und Verletzungsverfahren. Sein technischer Schwerpunkt liegt im Bereich der Elektrotechnik, insbesondere der Leistungselektronik, Regelungstechnik, Elektrische Antriebe sowie Kommunikationstechnik.<\/p><p><a href=\"tel:0049772188380\">Telefon +49 7721 88380<\/a><br \/>Telefax +49 7721 883850<br \/><a href=\"mailto:mail@wemupat.de\">mail@wemupat.de<\/a><\/p><p>[\/et_pb_text][et_pb_text disabled_on=\"on|on|on\" _builder_version=\"4.21.0\" _module_preset=\"5c2aa4cd-70f0-473f-8f4e-5a4a7a5c719a\" custom_padding=\"||0px|||\" disabled=\"on\" global_colors_info=\"{}\"]<a href=\"mailto:gouat@wemupat.de\">gouat@wemupat.de <\/a><br \/>+vCard<br \/>[\/et_pb_text][\/et_pb_column][et_pb_column type=\"3_5\" _builder_version=\"4.18.0\" _module_preset=\"default\" global_colors_info=\"{}\"][et_pb_image src=\"https:\/\/www.wemupat.de\/wp-content\/uploads\/2023\/07\/Baumhaeckel_emotion.jpg\" title_text=\"Baumhaeckel_emotion\" disabled_on=\"on|on|off\" admin_label=\"Bild\" _builder_version=\"4.21.0\" _module_preset=\"default\" global_colors_info=\"{}\"][\/et_pb_image][\/et_pb_column][\/et_pb_row][\/et_pb_section][et_pb_section fb_built=\"1\" _builder_version=\"4.18.0\" _module_preset=\"default\" background_color=\"gcid-7f8a273b-6dca-4842-9089-16c9c10088fc\" custom_padding=\"39px||80px||false|false\" global_colors_info=\"{%22gcid-7f8a273b-6dca-4842-9089-16c9c10088fc%22:%91%22background_color%22%93}\"][et_pb_row column_structure=\"1_2,1_2\" _builder_version=\"4.18.0\" _module_preset=\"default\" global_colors_info=\"{}\"][et_pb_column type=\"1_2\" _builder_version=\"4.18.0\" _module_preset=\"default\" global_colors_info=\"{}\"][et_pb_text _builder_version=\"4.21.0\" _module_preset=\"5c2aa4cd-70f0-473f-8f4e-5a4a7a5c719a\" global_colors_info=\"{}\"]<\/p><p><b>Qualifikation:<\/b><\/p><ul><li>Master of Science (Elektrotechnik und Informationstechnik)<\/li><\/ul><p><b>Schwerpunkte:<\/b><\/p><ul><li>Anmelde- und Erteilungsverfahren<\/li><li>Rechtsbestands- und Verletzungsverfahren<\/li><li>Markenrecht<\/li><\/ul><p><b>Technischer Schwerpunkt:<\/b><\/p><p>\u00a0<\/p><ul><li>Leistungselektronik<\/li><li>Regelungstechnik<\/li><li>Elektrische Antriebe<\/li><li>Kommunikationstechnik<\/li><\/ul><p>[\/et_pb_text][\/et_pb_column][et_pb_column type=\"1_2\" _builder_version=\"4.18.0\" _module_preset=\"default\" global_colors_info=\"{}\"][et_pb_toggle title=\"Werdegang und Berufserfahrung\" _builder_version=\"4.21.0\" _module_preset=\"f6d010e6-bb4c-43d1-b242-117cfa53a915\" global_colors_info=\"{%22gcid-caa0fa1e-947b-41fc-b460-32eaeab238fc%22:%91%22open_toggle_background_color%22%93}\"]<\/p><ul><li>Bachelorstudium der Elektrotechnik und Informationstechnik mit Schwerpunkt Regelungstechnik am Karlsruher Institut f\u00fcr Technologie (KIT)<\/li><li>Masterstudium der Elektrotechnik und Informationstechnik mit Schwerpunkt Leistungselektronik und Elektrische Antriebe am Karlsruher Institut f\u00fcr Technologie (KIT)<\/li><li>Praxiserfahrung im Bereich der Luft- und Antriebstechnik<\/li><li>Derzeit patentrechtliche Ausbildung bei Westphal, Mussgnug & Partner<\/li><li>Derzeit Studium an der Fernuniversit\u00e4t Hagen im Fach \"Recht f\u00fcr Patentanw\u00e4ltinnen und Patentanw\u00e4lte\"<\/li><\/ul><p>[\/et_pb_toggle][et_pb_toggle title=\"Mitgliedschaften\" disabled_on=\"on|on|on\" _builder_version=\"4.21.0\" _module_preset=\"f6d010e6-bb4c-43d1-b242-117cfa53a915\" title_font=\"Roboto-Regular||||||||\" disabled=\"on\" global_colors_info=\"{%22gcid-caa0fa1e-947b-41fc-b460-32eaeab238fc%22:%91%22open_toggle_background_color%22%93}\"]<\/p><ul><li>Patentanwaltskammer (PAK)<\/li><li>Institut der beim Europ\u00e4ischen Patentamt zugelassenen Vertreter (EPI)<\/li><li>Internationale F\u00f6deration von Patentanw\u00e4lten (FICPI)<\/li><\/ul><p>[\/et_pb_toggle][\/et_pb_column][\/et_pb_row][\/et_pb_section]<\/p>","_et_gb_content_width":"","footnotes":""},"class_list":["post-2497","page","type-page","status-publish","hentry"],"_links":{"self":[{"href":"https:\/\/www.wemupat.de\/en\/wp-json\/wp\/v2\/pages\/2497","targetHints":{"allow":["GET"]}}],"collection":[{"href":"https:\/\/www.wemupat.de\/en\/wp-json\/wp\/v2\/pages"}],"about":[{"href":"https:\/\/www.wemupat.de\/en\/wp-json\/wp\/v2\/types\/page"}],"author":[{"embeddable":true,"href":"https:\/\/www.wemupat.de\/en\/wp-json\/wp\/v2\/users\/4"}],"replies":[{"embeddable":true,"href":"https:\/\/www.wemupat.de\/en\/wp-json\/wp\/v2\/comments?post=2497"}],"version-history":[{"count":8,"href":"https:\/\/www.wemupat.de\/en\/wp-json\/wp\/v2\/pages\/2497\/revisions"}],"predecessor-version":[{"id":2513,"href":"https:\/\/www.wemupat.de\/en\/wp-json\/wp\/v2\/pages\/2497\/revisions\/2513"}],"up":[{"embeddable":true,"href":"https:\/\/www.wemupat.de\/en\/wp-json\/wp\/v2\/pages\/2047"}],"wp:attachment":[{"href":"https:\/\/www.wemupat.de\/en\/wp-json\/wp\/v2\/media?parent=2497"}],"curies":[{"name":"wp","href":"https:\/\/api.w.org\/{rel}","templated":true}]}}